{"id":252080,"date":"2024-09-26T18:15:39","date_gmt":"2024-09-26T15:15:39","guid":{"rendered":"https:\/\/glamuur.ee\/?post_type=product&#038;p=252080"},"modified":"2026-04-30T20:20:32","modified_gmt":"2026-04-30T17:20:32","slug":"ti-sento-milano-ring-12","status":"publish","type":"product","link":"https:\/\/glamuur.ee\/et\/product\/ti-sento-milano-ring-12\/","title":{"rendered":"TI SENTO \u2013 Milano S\u00f5rmus"},"content":{"rendered":"<p>Selles TI SENTO tugevas ja moodsas s\u00f5rmuses ristuvad kolm erinevat roodiumiga kaetud h\u00f5bedast riba. K\u00f5igil kolmel rihmal on erinev kujundus: sile, keeratud ja mullitatud. Disainid on r\u00f5hutatud musta oks\u00fcdeerimisega, mis lisab efekti koltusele ja stiilile. S\u00f5rmus on mugavuse tagamiseks koonusena s\u00f5rme tagumisele v\u00f5i sisemisele k\u00fcljele, mist\u00f5ttu s\u00f5rmus ei saa kogu s\u00f5rme \u00fcmber keerata, mis v\u00f5ib kergesti painutada. Roodiumkiht annab ehetele t\u00e4iendava s\u00e4ra lisat\u00f5uke ja suurema vastupidavuse.<\/p>","protected":false},"excerpt":{"rendered":"<p>Three different bands of rhodium-plated sterling silver cross in this sturdy and fashionable ring from TI SENTO . The three bands each have a different design: smooth, twisted and bubbled. The designs are accentuated with black oxidation for extra effect in colthe and style. The&#8230;<\/p>","protected":false},"featured_media":252092,"comment_status":"open","ping_status":"closed","template":"","meta":{"jetpack_post_was_ever_published":false},"product_brand":[],"product_cat":[979,730,939,964,811,72,145],"product_tag":[],"giftcard-category":[],"class_list":{"0":"post-252080","1":"product","2":"type-product","3":"status-publish","4":"has-post-thumbnail","6":"product_cat-graduation-2025","7":"product_cat-rings","8":"product_cat-ti-sento-sale-europe","9":"product_cat-summer-sale-ti-sento","10":"product_cat-the-statement-seeker","11":"product_cat-ti-sento-milano","12":"product_cat-ti-sento-milano-rings","13":"pa_material-silver","14":"pa_metal-color-silver","15":"pa_product-brand-ti-sento-milano","16":"pa_size-48-1550","17":"pa_size-50-1600","18":"pa_size-52-1650","19":"pa_size-54-1725","20":"pa_size-56-1775","21":"pa_size-58-1850","22":"pa_size-60-1900","23":"pa_size-62-1950","24":"pa_stone-color-white","25":"pa_type-category-rings","27":"first","28":"instock","29":"featured","30":"taxable","31":"shipping-taxable","32":"purchasable","33":"product-type-variable"},"bundled_by":[],"bundle_stock_status":"instock","bundle_stock_quantity":null,"bundle_virtual":false,"bundle_layout":"","bundle_add_to_cart_form_location":"","bundle_editable_in_cart":false,"bundle_sold_individually_context":"","bundle_item_grouping":"","bundle_min_size":"","bundle_max_size":"","bundle_price":[],"bundled_items":[],"bundle_sell_ids":[],"etheme_brands":{"errors":{"invalid_taxonomy":["Lubamatu taksonoomia."]},"error_data":[]},"_links":{"self":[{"href":"https:\/\/glamuur.ee\/et\/wp-json\/wp\/v2\/product\/252080","targetHints":{"allow":["GET"]}}],"collection":[{"href":"https:\/\/glamuur.ee\/et\/wp-json\/wp\/v2\/product"}],"about":[{"href":"https:\/\/glamuur.ee\/et\/wp-json\/wp\/v2\/types\/product"}],"replies":[{"embeddable":true,"href":"https:\/\/glamuur.ee\/et\/wp-json\/wp\/v2\/comments?post=252080"}],"wp:featuredmedia":[{"embeddable":true,"href":"https:\/\/glamuur.ee\/et\/wp-json\/wp\/v2\/media\/252092"}],"wp:attachment":[{"href":"https:\/\/glamuur.ee\/et\/wp-json\/wp\/v2\/media?parent=252080"}],"wp:term":[{"taxonomy":"product_brand","embeddable":true,"href":"https:\/\/glamuur.ee\/et\/wp-json\/wp\/v2\/product_brand?post=252080"},{"taxonomy":"product_cat","embeddable":true,"href":"https:\/\/glamuur.ee\/et\/wp-json\/wp\/v2\/product_cat?post=252080"},{"taxonomy":"product_tag","embeddable":true,"href":"https:\/\/glamuur.ee\/et\/wp-json\/wp\/v2\/product_tag?post=252080"},{"taxonomy":"giftcard-category","embeddable":true,"href":"https:\/\/glamuur.ee\/et\/wp-json\/wp\/v2\/giftcard-category?post=252080"}],"curies":[{"name":"wp","href":"https:\/\/api.w.org\/{rel}","templated":true}]}}