{"id":251959,"date":"2024-09-26T18:03:15","date_gmt":"2024-09-26T15:03:15","guid":{"rendered":"https:\/\/glamuur.ee\/?post_type=product&#038;p=251959"},"modified":"2026-02-16T13:42:24","modified_gmt":"2026-02-16T11:42:24","slug":"ti-sento-milano-ring-2","status":"publish","type":"product","link":"https:\/\/glamuur.ee\/et\/product\/ti-sento-milano-ring-2\/","title":{"rendered":"TI SENTO \u2013 Milano S\u00f5rmus"},"content":{"rendered":"<p>Sellel imelisel TI SENTO s\u00f5rmusel on k\u00f5ik t\u00f5elise klassikalise s\u00f5rmuse tunnused. Briljantlihviga keskkristall on m\u00f5lemal k\u00fcljel koos kahe v\u00e4iksema sama teemandikujulise tsirkooniga, mis loob laitmatult tasakaalustatud disaini. Kvaliteetne sterlingh\u00f5be on kaetud roodiumiga, mis annab ehedalt s\u00e4rava l\u00e4ike ja lisab ehteile vastupidavust. See TI SENTO s\u00f5rmus on ajatu stiiliga ja seda saab loominguliselt kombineerida peaaegu k\u00f5igi laia kollektsiooni ehetega.<\/p>","protected":false},"excerpt":{"rendered":"<p>This wonderful TI SENTO ring possesses all the hallmarks of a true classic. The brilliant-cut central crystal is accompanied on both sides by two smaller zirconia in the same diamond shape, creating an impeccably balanced design. Plating the high quality sterling silver with rhodium produces&#8230;<\/p>","protected":false},"featured_media":251970,"comment_status":"open","ping_status":"closed","template":"","meta":{"jetpack_post_was_ever_published":false},"product_brand":[],"product_cat":[979,730,939,964,72,145,976],"product_tag":[],"giftcard-category":[],"class_list":{"0":"post-251959","1":"product","2":"type-product","3":"status-publish","4":"has-post-thumbnail","6":"product_cat-graduation-2025","7":"product_cat-rings","8":"product_cat-ti-sento-sale-europe","9":"product_cat-summer-sale-ti-sento","10":"product_cat-ti-sento-milano","11":"product_cat-ti-sento-milano-rings","12":"product_cat-wedding-season","13":"pa_material-silver","14":"pa_metal-color-silver","15":"pa_product-brand-ti-sento-milano","16":"pa_size-48-1550","17":"pa_size-50-1600","18":"pa_size-52-1650","19":"pa_size-54-1725","20":"pa_size-56-1775","21":"pa_size-58-1850","22":"pa_size-60-1900","23":"pa_size-62-1950","24":"pa_stone-color-white","25":"pa_type-category-rings","27":"first","28":"instock","29":"featured","30":"taxable","31":"shipping-taxable","32":"purchasable","33":"product-type-variable"},"bundled_by":[],"bundle_stock_status":"instock","bundle_stock_quantity":null,"bundle_virtual":false,"bundle_layout":"","bundle_add_to_cart_form_location":"","bundle_editable_in_cart":false,"bundle_sold_individually_context":"","bundle_item_grouping":"","bundle_min_size":"","bundle_max_size":"","bundle_price":[],"bundled_items":[],"bundle_sell_ids":[],"etheme_brands":{"errors":{"invalid_taxonomy":["Lubamatu taksonoomia."]},"error_data":[]},"_links":{"self":[{"href":"https:\/\/glamuur.ee\/et\/wp-json\/wp\/v2\/product\/251959","targetHints":{"allow":["GET"]}}],"collection":[{"href":"https:\/\/glamuur.ee\/et\/wp-json\/wp\/v2\/product"}],"about":[{"href":"https:\/\/glamuur.ee\/et\/wp-json\/wp\/v2\/types\/product"}],"replies":[{"embeddable":true,"href":"https:\/\/glamuur.ee\/et\/wp-json\/wp\/v2\/comments?post=251959"}],"wp:featuredmedia":[{"embeddable":true,"href":"https:\/\/glamuur.ee\/et\/wp-json\/wp\/v2\/media\/251970"}],"wp:attachment":[{"href":"https:\/\/glamuur.ee\/et\/wp-json\/wp\/v2\/media?parent=251959"}],"wp:term":[{"taxonomy":"product_brand","embeddable":true,"href":"https:\/\/glamuur.ee\/et\/wp-json\/wp\/v2\/product_brand?post=251959"},{"taxonomy":"product_cat","embeddable":true,"href":"https:\/\/glamuur.ee\/et\/wp-json\/wp\/v2\/product_cat?post=251959"},{"taxonomy":"product_tag","embeddable":true,"href":"https:\/\/glamuur.ee\/et\/wp-json\/wp\/v2\/product_tag?post=251959"},{"taxonomy":"giftcard-category","embeddable":true,"href":"https:\/\/glamuur.ee\/et\/wp-json\/wp\/v2\/giftcard-category?post=251959"}],"curies":[{"name":"wp","href":"https:\/\/api.w.org\/{rel}","templated":true}]}}