{"id":25092,"date":"2023-01-06T17:35:48","date_gmt":"2023-01-06T15:35:48","guid":{"rendered":"https:\/\/dev.glamuur.ee\/product\/ania-haie-ring-r026-01g\/"},"modified":"2026-05-01T13:41:09","modified_gmt":"2026-05-01T10:41:09","slug":"ania-haie-ring-r026-01g","status":"publish","type":"product","link":"https:\/\/glamuur.ee\/et\/product\/ania-haie-ring-r026-01g\/","title":{"rendered":"Ania Haie Ring R026-01G"},"content":{"rendered":"<p>Ring width =1mm<br \/>\n Cz Size = 1.5mm Quantity =2<br \/>\n Labradoriit Suurus=3mm Kogus = 1<br \/>\n Rihma stiil = avatud\/ reguleeritav US 5.5 UK L EUR 50 - US 8.5 UK P EUR 58<br \/>\n Sisemine l\u00e4bim\u00f5\u00f5t 1.61cm - 1.86cm<\/p>","protected":false},"excerpt":{"rendered":"<p>S\u00f5rmuse laius =1mm Cz suurus = 1.5mm Kogus =2 Labradoriidi suurus =3mm Kogus = 1 Rihma stiil = avatud\/ reguleeritav US 5.5 UK L EUR 50 - US 8.5 UK P EUR 58 Sise diameeter 1.61cm - 1.86cm.<\/p>","protected":false},"featured_media":25093,"comment_status":"open","ping_status":"closed","template":"","meta":{"jetpack_post_was_ever_published":false},"product_brand":[],"product_cat":[200,205,730,1626],"product_tag":[],"giftcard-category":[],"class_list":{"0":"post-25092","1":"product","2":"type-product","3":"status-publish","4":"has-post-thumbnail","6":"product_cat-ania-haie","7":"product_cat-ania-haie-rings","8":"product_cat-rings","9":"product_cat-under-40","10":"pa_material-silver","11":"pa_metal-color-yellow-gold","12":"pa_product-brand-ania-haie","13":"pa_stone-color-grey","14":"pa_type-category-rings","16":"first","17":"instock","18":"sale","19":"featured","20":"taxable","21":"shipping-taxable","22":"purchasable","23":"product-type-simple"},"bundled_by":[],"bundle_stock_status":"instock","bundle_stock_quantity":1,"bundle_virtual":false,"bundle_layout":"","bundle_add_to_cart_form_location":"","bundle_editable_in_cart":false,"bundle_sold_individually_context":"","bundle_item_grouping":"","bundle_min_size":"","bundle_max_size":"","bundle_price":[],"bundled_items":[],"bundle_sell_ids":[],"etheme_brands":{"errors":{"invalid_taxonomy":["Lubamatu taksonoomia."]},"error_data":[]},"_links":{"self":[{"href":"https:\/\/glamuur.ee\/et\/wp-json\/wp\/v2\/product\/25092","targetHints":{"allow":["GET"]}}],"collection":[{"href":"https:\/\/glamuur.ee\/et\/wp-json\/wp\/v2\/product"}],"about":[{"href":"https:\/\/glamuur.ee\/et\/wp-json\/wp\/v2\/types\/product"}],"replies":[{"embeddable":true,"href":"https:\/\/glamuur.ee\/et\/wp-json\/wp\/v2\/comments?post=25092"}],"wp:featuredmedia":[{"embeddable":true,"href":"https:\/\/glamuur.ee\/et\/wp-json\/wp\/v2\/media\/25093"}],"wp:attachment":[{"href":"https:\/\/glamuur.ee\/et\/wp-json\/wp\/v2\/media?parent=25092"}],"wp:term":[{"taxonomy":"product_brand","embeddable":true,"href":"https:\/\/glamuur.ee\/et\/wp-json\/wp\/v2\/product_brand?post=25092"},{"taxonomy":"product_cat","embeddable":true,"href":"https:\/\/glamuur.ee\/et\/wp-json\/wp\/v2\/product_cat?post=25092"},{"taxonomy":"product_tag","embeddable":true,"href":"https:\/\/glamuur.ee\/et\/wp-json\/wp\/v2\/product_tag?post=25092"},{"taxonomy":"giftcard-category","embeddable":true,"href":"https:\/\/glamuur.ee\/et\/wp-json\/wp\/v2\/giftcard-category?post=25092"}],"curies":[{"name":"wp","href":"https:\/\/api.w.org\/{rel}","templated":true}]}}