{"id":25040,"date":"2023-01-06T17:34:47","date_gmt":"2023-01-06T15:34:47","guid":{"rendered":"https:\/\/dev.glamuur.ee\/product\/ania-haie-ring-r022-01g\/"},"modified":"2026-02-05T22:33:25","modified_gmt":"2026-02-05T20:33:25","slug":"ania-haie-ring-r022-01g","status":"publish","type":"product","link":"https:\/\/glamuur.ee\/et\/product\/ania-haie-ring-r022-01g\/","title":{"rendered":"Ania Haie Ring R022-01G"},"content":{"rendered":"<p>Materjal: 925 h\u00f5be, roodium v\u00f5i 14kt kullaga kaetud.<br \/>\nR\u00f5nga laius = 0.28~1cm<br \/>\nP\u00e4rlmutter l\u00e4bim\u00f5\u00f5t = 0.9cm<br \/>\nCz suurus:1x1mm Qty=1<br \/>\nRihma stiil = avatud\/ reguleeritav US 5.5 UK L EUR 50 - US 8.5 UK P EUR 58<br \/>\nSisemine l\u00e4bim\u00f5\u00f5t 1.61cm - 1.86cm<\/p>","protected":false},"excerpt":{"rendered":"<p>Material: 925 sterling silver with rhodium or 14kt gold plating Ring width = 0.28~1cm Mother of pearl Diameter = 0.9cm Cz Size:1x1mm Qty=1 Band style = Open\/ Adjustable US 5.5 UK L EUR 50 \u2013 US 8.5 UK P EUR 58 Internal diameter 1.61cm \u2013&#8230;<\/p>","protected":false},"featured_media":45919,"comment_status":"open","ping_status":"closed","template":"","meta":{"jetpack_post_was_ever_published":false},"product_brand":[],"product_cat":[200,205,968,945,730],"product_tag":[],"giftcard-category":[],"class_list":{"0":"post-25040","1":"product","2":"type-product","3":"status-publish","4":"has-post-thumbnail","6":"product_cat-ania-haie","7":"product_cat-ania-haie-rings","8":"product_cat-mothers-day-2025-ti-sento","9":"product_cat-pearls","10":"product_cat-rings","11":"pa_material-silver","12":"pa_metal-color-yellow-gold","13":"pa_product-brand-ania-haie","14":"pa_stone-color-pearl","15":"pa_type-category-rings","17":"first","18":"instock","19":"featured","20":"taxable","21":"shipping-taxable","22":"purchasable","23":"product-type-simple"},"bundled_by":[],"bundle_stock_status":"instock","bundle_stock_quantity":2,"bundle_virtual":false,"bundle_layout":"","bundle_add_to_cart_form_location":"","bundle_editable_in_cart":false,"bundle_sold_individually_context":"","bundle_item_grouping":"","bundle_min_size":"","bundle_max_size":"","bundle_price":[],"bundled_items":[],"bundle_sell_ids":[],"etheme_brands":{"errors":{"invalid_taxonomy":["Lubamatu taksonoomia."]},"error_data":[]},"_links":{"self":[{"href":"https:\/\/glamuur.ee\/et\/wp-json\/wp\/v2\/product\/25040","targetHints":{"allow":["GET"]}}],"collection":[{"href":"https:\/\/glamuur.ee\/et\/wp-json\/wp\/v2\/product"}],"about":[{"href":"https:\/\/glamuur.ee\/et\/wp-json\/wp\/v2\/types\/product"}],"replies":[{"embeddable":true,"href":"https:\/\/glamuur.ee\/et\/wp-json\/wp\/v2\/comments?post=25040"}],"wp:featuredmedia":[{"embeddable":true,"href":"https:\/\/glamuur.ee\/et\/wp-json\/wp\/v2\/media\/45919"}],"wp:attachment":[{"href":"https:\/\/glamuur.ee\/et\/wp-json\/wp\/v2\/media?parent=25040"}],"wp:term":[{"taxonomy":"product_brand","embeddable":true,"href":"https:\/\/glamuur.ee\/et\/wp-json\/wp\/v2\/product_brand?post=25040"},{"taxonomy":"product_cat","embeddable":true,"href":"https:\/\/glamuur.ee\/et\/wp-json\/wp\/v2\/product_cat?post=25040"},{"taxonomy":"product_tag","embeddable":true,"href":"https:\/\/glamuur.ee\/et\/wp-json\/wp\/v2\/product_tag?post=25040"},{"taxonomy":"giftcard-category","embeddable":true,"href":"https:\/\/glamuur.ee\/et\/wp-json\/wp\/v2\/giftcard-category?post=25040"}],"curies":[{"name":"wp","href":"https:\/\/api.w.org\/{rel}","templated":true}]}}