{"id":24819,"date":"2025-08-27T13:12:29","date_gmt":"2025-08-27T10:12:29","guid":{"rendered":"https:\/\/dev.glamuur.ee\/product\/ania-haie-ring-r009-02h\/"},"modified":"2026-05-01T13:41:12","modified_gmt":"2026-05-01T10:41:12","slug":"ania-haie-ring-r009-02h","status":"publish","type":"product","link":"https:\/\/glamuur.ee\/et\/product\/ania-haie-ring-r009-02h\/","title":{"rendered":"Ania Haie Ring R009-02H"},"content":{"rendered":"<p>US 5.5 kuni US 8.5, UK L kuni UK P, EUR 50 kuni EUR 58 Sisemine l\u00e4bim\u00f5\u00f5t 1.61cm 1.86cm M\u00fcndi v\u00e4line l\u00e4bim\u00f5\u00f5t: 1cm                                                                                                                                                                                                                                                         <\/p>","protected":false},"excerpt":{"rendered":"<p>US 5.5 kuni US 8.5, UK L kuni UK P, EUR 50 kuni EUR 58 Sisemine l\u00e4bim\u00f5\u00f5t 1.61cm 1.86cm M\u00fcndi v\u00e4line l\u00e4bim\u00f5\u00f5t: 1cm<\/p>","protected":false},"featured_media":45750,"comment_status":"open","ping_status":"closed","template":"","meta":{"jetpack_post_was_ever_published":true},"product_brand":[],"product_cat":[200,205,730,1626],"product_tag":[1058],"giftcard-category":[],"class_list":{"0":"post-24819","1":"product","2":"type-product","3":"status-publish","4":"has-post-thumbnail","6":"product_cat-ania-haie","7":"product_cat-ania-haie-rings","8":"product_cat-rings","9":"product_cat-under-40","10":"product_tag-alla-30","11":"pa_material-silver","12":"pa_metal-color-silver","13":"pa_product-brand-ania-haie","14":"pa_stone-color-without-stones","15":"pa_type-category-rings","17":"first","18":"instock","19":"sale","20":"featured","21":"taxable","22":"shipping-taxable","23":"purchasable","24":"product-type-simple"},"bundled_by":[],"bundle_stock_status":"instock","bundle_stock_quantity":7,"bundle_virtual":false,"bundle_layout":"","bundle_add_to_cart_form_location":"","bundle_editable_in_cart":false,"bundle_sold_individually_context":"","bundle_item_grouping":"","bundle_min_size":"","bundle_max_size":"","bundle_price":[],"bundled_items":[],"bundle_sell_ids":[],"etheme_brands":{"errors":{"invalid_taxonomy":["Lubamatu taksonoomia."]},"error_data":[]},"_links":{"self":[{"href":"https:\/\/glamuur.ee\/et\/wp-json\/wp\/v2\/product\/24819","targetHints":{"allow":["GET"]}}],"collection":[{"href":"https:\/\/glamuur.ee\/et\/wp-json\/wp\/v2\/product"}],"about":[{"href":"https:\/\/glamuur.ee\/et\/wp-json\/wp\/v2\/types\/product"}],"replies":[{"embeddable":true,"href":"https:\/\/glamuur.ee\/et\/wp-json\/wp\/v2\/comments?post=24819"}],"wp:featuredmedia":[{"embeddable":true,"href":"https:\/\/glamuur.ee\/et\/wp-json\/wp\/v2\/media\/45750"}],"wp:attachment":[{"href":"https:\/\/glamuur.ee\/et\/wp-json\/wp\/v2\/media?parent=24819"}],"wp:term":[{"taxonomy":"product_brand","embeddable":true,"href":"https:\/\/glamuur.ee\/et\/wp-json\/wp\/v2\/product_brand?post=24819"},{"taxonomy":"product_cat","embeddable":true,"href":"https:\/\/glamuur.ee\/et\/wp-json\/wp\/v2\/product_cat?post=24819"},{"taxonomy":"product_tag","embeddable":true,"href":"https:\/\/glamuur.ee\/et\/wp-json\/wp\/v2\/product_tag?post=24819"},{"taxonomy":"giftcard-category","embeddable":true,"href":"https:\/\/glamuur.ee\/et\/wp-json\/wp\/v2\/giftcard-category?post=24819"}],"curies":[{"name":"wp","href":"https:\/\/api.w.org\/{rel}","templated":true}]}}