{"id":24707,"date":"2023-01-06T17:29:13","date_gmt":"2023-01-06T15:29:13","guid":{"rendered":"https:\/\/dev.glamuur.ee\/product\/ania-haie-ring-r003-02g\/"},"modified":"2026-04-10T15:03:11","modified_gmt":"2026-04-10T12:03:11","slug":"ania-haie-sormus-r003-02g","status":"publish","type":"product","link":"https:\/\/glamuur.ee\/et\/product\/ania-haie-ring-r003-02g\/","title":{"rendered":"Ania Haie Ring R003-02G"},"content":{"rendered":"<p>US 5.5 kuni US 8.5, UK L kuni UK P, EUR 50 kuni EUR 58 Sisemine l\u00e4bim\u00f5\u00f5t 1.61cm 1.86cm S\u00f5rmuse k\u00f5rgus: 0.3cm                                                                                                                                                                                                           <\/p>","protected":false},"excerpt":{"rendered":"<p>US 5.5 kuni US 8.5, UK L kuni UK P, EUR 50 kuni EUR 58 Sisemine l\u00e4bim\u00f5\u00f5t 1.61cm 1.86cm S\u00f5rmuse k\u00f5rgus: 0.3cm<\/p>","protected":false},"featured_media":45692,"comment_status":"open","ping_status":"closed","template":"","meta":{"jetpack_post_was_ever_published":false},"product_brand":[],"product_cat":[200,205,730,1626],"product_tag":[],"giftcard-category":[],"class_list":{"0":"post-24707","1":"product","2":"type-product","3":"status-publish","4":"has-post-thumbnail","6":"product_cat-ania-haie","7":"product_cat-ania-haie-rings","8":"product_cat-rings","9":"product_cat-under-40","10":"pa_material-silver","11":"pa_metal-color-yellow-gold","12":"pa_product-brand-ania-haie","13":"pa_stone-color-white","14":"pa_type-category-rings","16":"first","17":"instock","18":"featured","19":"taxable","20":"shipping-taxable","21":"purchasable","22":"product-type-simple"},"bundled_by":[],"bundle_stock_status":"instock","bundle_stock_quantity":4,"bundle_virtual":false,"bundle_layout":"","bundle_add_to_cart_form_location":"","bundle_editable_in_cart":false,"bundle_sold_individually_context":"","bundle_item_grouping":"","bundle_min_size":"","bundle_max_size":"","bundle_price":[],"bundled_items":[],"bundle_sell_ids":[],"etheme_brands":{"errors":{"invalid_taxonomy":["Lubamatu taksonoomia."]},"error_data":[]},"_links":{"self":[{"href":"https:\/\/glamuur.ee\/et\/wp-json\/wp\/v2\/product\/24707","targetHints":{"allow":["GET"]}}],"collection":[{"href":"https:\/\/glamuur.ee\/et\/wp-json\/wp\/v2\/product"}],"about":[{"href":"https:\/\/glamuur.ee\/et\/wp-json\/wp\/v2\/types\/product"}],"replies":[{"embeddable":true,"href":"https:\/\/glamuur.ee\/et\/wp-json\/wp\/v2\/comments?post=24707"}],"wp:featuredmedia":[{"embeddable":true,"href":"https:\/\/glamuur.ee\/et\/wp-json\/wp\/v2\/media\/45692"}],"wp:attachment":[{"href":"https:\/\/glamuur.ee\/et\/wp-json\/wp\/v2\/media?parent=24707"}],"wp:term":[{"taxonomy":"product_brand","embeddable":true,"href":"https:\/\/glamuur.ee\/et\/wp-json\/wp\/v2\/product_brand?post=24707"},{"taxonomy":"product_cat","embeddable":true,"href":"https:\/\/glamuur.ee\/et\/wp-json\/wp\/v2\/product_cat?post=24707"},{"taxonomy":"product_tag","embeddable":true,"href":"https:\/\/glamuur.ee\/et\/wp-json\/wp\/v2\/product_tag?post=24707"},{"taxonomy":"giftcard-category","embeddable":true,"href":"https:\/\/glamuur.ee\/et\/wp-json\/wp\/v2\/giftcard-category?post=24707"}],"curies":[{"name":"wp","href":"https:\/\/api.w.org\/{rel}","templated":true}]}}