{"id":246513,"date":"2022-08-04T11:53:43","date_gmt":"2022-08-04T08:53:43","guid":{"rendered":"https:\/\/glamuur.ee\/product\/ti-sento-milano-necklace-3932zr-42\/"},"modified":"2026-02-16T13:57:30","modified_gmt":"2026-02-16T11:57:30","slug":"ti-sento-milano-kaelakee-3932zr-42","status":"publish","type":"product","link":"https:\/\/glamuur.ee\/et\/product\/ti-sento-milano-necklace-3932zr-42\/","title":{"rendered":"TI SENTO - Milano kaelakee"},"content":{"rendered":"<p>See TI SENTO h\u00f5bedane kaelakee 3932ZR oma roosakuldse lillega lisab igale v\u00e4limusele glamuuri. Tema \u00f5rnad jooned \u00fchinevad tema s\u00e4rava valge tsirkooniumiga keskosaga. Kombineeri ja sobita teda teistega v\u00f5i kanna teda \u00fcksinda.<\/p>\n<p>Kaelakee standardpikkus on 38 cm. Sellel on 10 cm pikkune pikendust\u00fckk, mis v\u00f5imaldab kanda seda 5 erinevas pikkuses: 38 cm, 40 cm, 42 cm, 45 cm ja 48 cm.<\/p>","protected":false},"excerpt":{"rendered":"<p>This TI SENTO silver necklace 3932ZR with her rose-gold flower will add a touch of glamour to every look. Her delicate lines merge with her shimmering white zirconia centrepiece. Mix and Match her with others or wear her on her own. The necklace\u2019s standard length&#8230;<\/p>","protected":false},"featured_media":246329,"comment_status":"open","ping_status":"closed","template":"","meta":{"jetpack_post_was_ever_published":false},"product_brand":[],"product_cat":[727,599,72,146],"product_tag":[],"giftcard-category":[],"class_list":{"0":"post-246513","1":"product","2":"type-product","3":"status-publish","4":"has-post-thumbnail","6":"product_cat-necklaces","7":"product_cat-sale","8":"product_cat-ti-sento-milano","9":"product_cat-ti-sento-milano-necklaces","10":"pa_material-silver","11":"pa_metal-color-rose-gold","12":"pa_product-brand-ti-sento-milano","13":"pa_stone-color-white","14":"pa_type-category-necklaces","16":"first","17":"instock","18":"taxable","19":"shipping-taxable","20":"purchasable","21":"product-type-simple"},"bundled_by":[],"bundle_stock_status":"instock","bundle_stock_quantity":11,"bundle_virtual":false,"bundle_layout":"","bundle_add_to_cart_form_location":"","bundle_editable_in_cart":false,"bundle_sold_individually_context":"","bundle_item_grouping":"","bundle_min_size":"","bundle_max_size":"","bundle_price":[],"bundled_items":[],"bundle_sell_ids":[],"etheme_brands":{"errors":{"invalid_taxonomy":["Lubamatu taksonoomia."]},"error_data":[]},"_links":{"self":[{"href":"https:\/\/glamuur.ee\/et\/wp-json\/wp\/v2\/product\/246513","targetHints":{"allow":["GET"]}}],"collection":[{"href":"https:\/\/glamuur.ee\/et\/wp-json\/wp\/v2\/product"}],"about":[{"href":"https:\/\/glamuur.ee\/et\/wp-json\/wp\/v2\/types\/product"}],"replies":[{"embeddable":true,"href":"https:\/\/glamuur.ee\/et\/wp-json\/wp\/v2\/comments?post=246513"}],"wp:featuredmedia":[{"embeddable":true,"href":"https:\/\/glamuur.ee\/et\/wp-json\/wp\/v2\/media\/246329"}],"wp:attachment":[{"href":"https:\/\/glamuur.ee\/et\/wp-json\/wp\/v2\/media?parent=246513"}],"wp:term":[{"taxonomy":"product_brand","embeddable":true,"href":"https:\/\/glamuur.ee\/et\/wp-json\/wp\/v2\/product_brand?post=246513"},{"taxonomy":"product_cat","embeddable":true,"href":"https:\/\/glamuur.ee\/et\/wp-json\/wp\/v2\/product_cat?post=246513"},{"taxonomy":"product_tag","embeddable":true,"href":"https:\/\/glamuur.ee\/et\/wp-json\/wp\/v2\/product_tag?post=246513"},{"taxonomy":"giftcard-category","embeddable":true,"href":"https:\/\/glamuur.ee\/et\/wp-json\/wp\/v2\/giftcard-category?post=246513"}],"curies":[{"name":"wp","href":"https:\/\/api.w.org\/{rel}","templated":true}]}}