{"id":246510,"date":"2022-08-04T11:53:43","date_gmt":"2022-08-04T08:53:43","guid":{"rendered":"https:\/\/glamuur.ee\/product\/ti-sento-milano-necklace-3845cr-42\/"},"modified":"2026-04-14T15:45:06","modified_gmt":"2026-04-14T12:45:06","slug":"ti-sento-milano-kaelakee-3845cr-42","status":"publish","type":"product","link":"https:\/\/glamuur.ee\/et\/product\/ti-sento-milano-necklace-3845cr-42\/","title":{"rendered":"TI SENTO - Milano kaelakee"},"content":{"rendered":"<p>See TI SENTO h\u00f5bedast kaelakee 3845CR oma punase keskosaga on ajatu vaim. Rikkalikud s\u00fcgisv\u00e4rvid rippuvad kaelas. Kandke teda \u00fcksi v\u00f5i kihiliselt; ta s\u00e4rab valgusest.<\/p>\n<p>Kaelakee standardpikkus on 38 cm. Sellel on 10 cm pikkune pikendust\u00fckk, mis v\u00f5imaldab kanda seda 5 erinevas pikkuses: 38 cm, 40 cm, 42 cm, 45 cm ja 48 cm.<\/p>","protected":false},"excerpt":{"rendered":"<p>This TI SENTO silver necklace 3845CR with her red centrepiece is a timeless spirit. Rich autumnal hues dangling from your neck. Wear her alone or layer her up; she will shimmer with light. The necklace\u2019s standard length is 38cm. It has an extension piece of&#8230;<\/p>","protected":false},"featured_media":246295,"comment_status":"open","ping_status":"closed","template":"","meta":{"jetpack_post_was_ever_published":false},"product_brand":[],"product_cat":[727,599,980,964,72,146],"product_tag":[],"giftcard-category":[],"class_list":{"0":"post-246510","1":"product","2":"type-product","3":"status-publish","4":"has-post-thumbnail","6":"product_cat-necklaces","7":"product_cat-sale","8":"product_cat-ready-for-vacation","9":"product_cat-summer-sale-ti-sento","10":"product_cat-ti-sento-milano","11":"product_cat-ti-sento-milano-necklaces","12":"pa_material-silver","13":"pa_metal-color-yellow-gold","14":"pa_product-brand-ti-sento-milano","15":"pa_stone-color-red","16":"pa_type-category-necklaces","18":"first","19":"instock","20":"taxable","21":"shipping-taxable","22":"purchasable","23":"product-type-simple"},"bundled_by":[],"bundle_stock_status":"instock","bundle_stock_quantity":18,"bundle_virtual":false,"bundle_layout":"","bundle_add_to_cart_form_location":"","bundle_editable_in_cart":false,"bundle_sold_individually_context":"","bundle_item_grouping":"","bundle_min_size":"","bundle_max_size":"","bundle_price":[],"bundled_items":[],"bundle_sell_ids":[],"etheme_brands":{"errors":{"invalid_taxonomy":["Lubamatu taksonoomia."]},"error_data":[]},"_links":{"self":[{"href":"https:\/\/glamuur.ee\/et\/wp-json\/wp\/v2\/product\/246510","targetHints":{"allow":["GET"]}}],"collection":[{"href":"https:\/\/glamuur.ee\/et\/wp-json\/wp\/v2\/product"}],"about":[{"href":"https:\/\/glamuur.ee\/et\/wp-json\/wp\/v2\/types\/product"}],"replies":[{"embeddable":true,"href":"https:\/\/glamuur.ee\/et\/wp-json\/wp\/v2\/comments?post=246510"}],"wp:featuredmedia":[{"embeddable":true,"href":"https:\/\/glamuur.ee\/et\/wp-json\/wp\/v2\/media\/246295"}],"wp:attachment":[{"href":"https:\/\/glamuur.ee\/et\/wp-json\/wp\/v2\/media?parent=246510"}],"wp:term":[{"taxonomy":"product_brand","embeddable":true,"href":"https:\/\/glamuur.ee\/et\/wp-json\/wp\/v2\/product_brand?post=246510"},{"taxonomy":"product_cat","embeddable":true,"href":"https:\/\/glamuur.ee\/et\/wp-json\/wp\/v2\/product_cat?post=246510"},{"taxonomy":"product_tag","embeddable":true,"href":"https:\/\/glamuur.ee\/et\/wp-json\/wp\/v2\/product_tag?post=246510"},{"taxonomy":"giftcard-category","embeddable":true,"href":"https:\/\/glamuur.ee\/et\/wp-json\/wp\/v2\/giftcard-category?post=246510"}],"curies":[{"name":"wp","href":"https:\/\/api.w.org\/{rel}","templated":true}]}}