{"id":242469,"date":"2023-10-12T08:38:42","date_gmt":"2023-10-12T08:38:42","guid":{"rendered":"https:\/\/glamuur.ee\/product\/engelsrufer-earrings-ere-flywing-st\/"},"modified":"2025-04-30T17:00:40","modified_gmt":"2025-04-30T14:00:40","slug":"engelsrufer-korvarongad-ere-flywing-st","status":"publish","type":"product","link":"https:\/\/glamuur.ee\/et\/product\/engelsrufer-earrings-ere-flywing-st\/","title":{"rendered":"Engelsrufer K\u00f5rvar\u00f5ngad"},"content":{"rendered":"<p>K\u00f5rvar\u00f5ngad Wing | h\u00f5bedane roodiumiga kaetud | 15mm H\u00f5be s\u00fcmboliseerib elegantsi, s\u00fc\u00fctust, puhtust ja naiselikkust.<\/p>","protected":false},"excerpt":{"rendered":"<p>K\u00f5rvar\u00f5ngad Wing | h\u00f5bedane roodiumiga kaetud | 15mm H\u00f5be s\u00fcmboliseerib elegantsi, s\u00fc\u00fctust, puhtust ja naiselikkust.<\/p>","protected":false},"featured_media":302527,"comment_status":"open","ping_status":"closed","template":"","meta":{"jetpack_post_was_ever_published":false},"product_brand":[],"product_cat":[210,214,838],"product_tag":[],"giftcard-category":[],"class_list":{"0":"post-242469","1":"product","2":"type-product","3":"status-publish","4":"has-post-thumbnail","6":"product_cat-engelsrufer","7":"product_cat-engelsrufer-earrings","8":"product_cat-gift-ideas-for-graduates","9":"pa_material-silver","10":"pa_metal-color-silver","11":"pa_product-brand-engelsrufer","12":"pa_stone-color-without-stones","13":"pa_type-category-earrings","15":"first","16":"instock","17":"taxable","18":"shipping-taxable","19":"purchasable","20":"product-type-simple"},"bundled_by":[],"bundle_stock_status":"instock","bundle_stock_quantity":2,"bundle_virtual":false,"bundle_layout":"","bundle_add_to_cart_form_location":"","bundle_editable_in_cart":false,"bundle_sold_individually_context":"","bundle_item_grouping":"","bundle_min_size":"","bundle_max_size":"","bundle_price":[],"bundled_items":[],"bundle_sell_ids":[],"etheme_brands":{"errors":{"invalid_taxonomy":["Lubamatu taksonoomia."]},"error_data":[]},"_links":{"self":[{"href":"https:\/\/glamuur.ee\/et\/wp-json\/wp\/v2\/product\/242469","targetHints":{"allow":["GET"]}}],"collection":[{"href":"https:\/\/glamuur.ee\/et\/wp-json\/wp\/v2\/product"}],"about":[{"href":"https:\/\/glamuur.ee\/et\/wp-json\/wp\/v2\/types\/product"}],"replies":[{"embeddable":true,"href":"https:\/\/glamuur.ee\/et\/wp-json\/wp\/v2\/comments?post=242469"}],"wp:featuredmedia":[{"embeddable":true,"href":"https:\/\/glamuur.ee\/et\/wp-json\/wp\/v2\/media\/302527"}],"wp:attachment":[{"href":"https:\/\/glamuur.ee\/et\/wp-json\/wp\/v2\/media?parent=242469"}],"wp:term":[{"taxonomy":"product_brand","embeddable":true,"href":"https:\/\/glamuur.ee\/et\/wp-json\/wp\/v2\/product_brand?post=242469"},{"taxonomy":"product_cat","embeddable":true,"href":"https:\/\/glamuur.ee\/et\/wp-json\/wp\/v2\/product_cat?post=242469"},{"taxonomy":"product_tag","embeddable":true,"href":"https:\/\/glamuur.ee\/et\/wp-json\/wp\/v2\/product_tag?post=242469"},{"taxonomy":"giftcard-category","embeddable":true,"href":"https:\/\/glamuur.ee\/et\/wp-json\/wp\/v2\/giftcard-category?post=242469"}],"curies":[{"name":"wp","href":"https:\/\/api.w.org\/{rel}","templated":true}]}}