{"id":242466,"date":"2023-10-12T08:38:30","date_gmt":"2023-10-12T08:38:30","guid":{"rendered":"https:\/\/glamuur.ee\/product\/engelsrufer-necklace-ern-26-heaven-xs-tzi\/"},"modified":"2026-01-13T11:05:27","modified_gmt":"2026-01-13T09:05:27","slug":"engelsrufer-kaelakee-ern-26-heaven-xs-tzi-tzi","status":"publish","type":"product","link":"https:\/\/glamuur.ee\/et\/product\/engelsrufer-necklace-ern-26-heaven-xs-tzi\/","title":{"rendered":"Engelsrufer Kaelakee"},"content":{"rendered":"<p>Kaelakee Engelsrufer Heaven w. 16 w. s.zirc. | silv. rh.\/kuld\/roosa pl. l chime tur. XS 18 mm l 60+5+5cm Eriline segu kolmest v\u00e4rvist. H\u00f5be t\u00e4histab puhast puhtust. roosa on \u00f5rn ja \u00f5rn. Kuld on selge pilgup\u00fc\u00fcdja ja suurendab heaolu.<\/p>","protected":false},"excerpt":{"rendered":"<p>Kaelakee Engelsrufer Heaven w. 16 w. s.zirc. | silv. rh.\/kuld\/roosa pl. l chime tur. XS 18 mm l 60+5+5cm Eriline segu kolmest v\u00e4rvist. H\u00f5be t\u00e4histab puhast puhtust. roosa on \u00f5rn ja \u00f5rn. Kuld on selge pilgup\u00fc\u00fcdja ja suurendab heaolu.<\/p>","protected":false},"featured_media":302532,"comment_status":"open","ping_status":"closed","template":"","meta":{"jetpack_post_was_ever_published":false},"product_brand":[],"product_cat":[210,215],"product_tag":[],"giftcard-category":[],"class_list":{"0":"post-242466","1":"product","2":"type-product","3":"status-publish","4":"has-post-thumbnail","6":"product_cat-engelsrufer","7":"product_cat-engelsrufer-pendants-necklaces","8":"pa_material-silver","9":"pa_metal-color-multicolor","10":"pa_product-brand-engelsrufer","11":"pa_stone-color-multicolor","12":"pa_type-category-necklaces","14":"first","15":"instock","16":"taxable","17":"shipping-taxable","18":"purchasable","19":"product-type-simple"},"bundled_by":[],"bundle_stock_status":"instock","bundle_stock_quantity":1,"bundle_virtual":false,"bundle_layout":"","bundle_add_to_cart_form_location":"","bundle_editable_in_cart":false,"bundle_sold_individually_context":"","bundle_item_grouping":"","bundle_min_size":"","bundle_max_size":"","bundle_price":[],"bundled_items":[],"bundle_sell_ids":[],"etheme_brands":{"errors":{"invalid_taxonomy":["Lubamatu taksonoomia."]},"error_data":[]},"_links":{"self":[{"href":"https:\/\/glamuur.ee\/et\/wp-json\/wp\/v2\/product\/242466","targetHints":{"allow":["GET"]}}],"collection":[{"href":"https:\/\/glamuur.ee\/et\/wp-json\/wp\/v2\/product"}],"about":[{"href":"https:\/\/glamuur.ee\/et\/wp-json\/wp\/v2\/types\/product"}],"replies":[{"embeddable":true,"href":"https:\/\/glamuur.ee\/et\/wp-json\/wp\/v2\/comments?post=242466"}],"wp:featuredmedia":[{"embeddable":true,"href":"https:\/\/glamuur.ee\/et\/wp-json\/wp\/v2\/media\/302532"}],"wp:attachment":[{"href":"https:\/\/glamuur.ee\/et\/wp-json\/wp\/v2\/media?parent=242466"}],"wp:term":[{"taxonomy":"product_brand","embeddable":true,"href":"https:\/\/glamuur.ee\/et\/wp-json\/wp\/v2\/product_brand?post=242466"},{"taxonomy":"product_cat","embeddable":true,"href":"https:\/\/glamuur.ee\/et\/wp-json\/wp\/v2\/product_cat?post=242466"},{"taxonomy":"product_tag","embeddable":true,"href":"https:\/\/glamuur.ee\/et\/wp-json\/wp\/v2\/product_tag?post=242466"},{"taxonomy":"giftcard-category","embeddable":true,"href":"https:\/\/glamuur.ee\/et\/wp-json\/wp\/v2\/giftcard-category?post=242466"}],"curies":[{"name":"wp","href":"https:\/\/api.w.org\/{rel}","templated":true}]}}