{"id":242465,"date":"2023-10-12T08:38:26","date_gmt":"2023-10-12T08:38:26","guid":{"rendered":"https:\/\/glamuur.ee\/product\/engelsrufer-pendant-er-23-16-m\/"},"modified":"2025-04-30T17:00:41","modified_gmt":"2025-04-30T14:00:41","slug":"engelsrufer-riputuskoht-er-23-16-m","status":"publish","type":"product","link":"https:\/\/glamuur.ee\/et\/product\/engelsrufer-pendant-er-23-16-m\/","title":{"rendered":"Engelsrufer Kaelakee ripats"},"content":{"rendered":"<p>Engelsrufer tiibadega h\u00f5bedane roodiumiga kaetud | Soundball ros\u00e9 | 20mm Rose on \u00f5rn ja \u00f5rn. see annab<br \/>\nlootus ja rahulikkus<br \/>\nraskeid aegu.<\/p>","protected":false},"excerpt":{"rendered":"<p>Engelsrufer tiibadega h\u00f5bedast roodiumiga | Soundball ros\u00e9 | 20mm roos on \u00f5rn ja \u00f5rn. see annab lootust ja rahu rasketel aegadel.<\/p>","protected":false},"featured_media":302533,"comment_status":"open","ping_status":"closed","template":"","meta":{"jetpack_post_was_ever_published":false},"product_brand":[],"product_cat":[210,215],"product_tag":[],"giftcard-category":[],"class_list":{"0":"post-242465","1":"product","2":"type-product","3":"status-publish","4":"has-post-thumbnail","6":"product_cat-engelsrufer","7":"product_cat-engelsrufer-pendants-necklaces","8":"pa_material-silver","9":"pa_metal-color-silver","10":"pa_product-brand-engelsrufer","11":"pa_stone-color-beige","13":"first","14":"instock","15":"taxable","16":"shipping-taxable","17":"purchasable","18":"product-type-simple"},"bundled_by":[],"bundle_stock_status":"instock","bundle_stock_quantity":2,"bundle_virtual":false,"bundle_layout":"","bundle_add_to_cart_form_location":"","bundle_editable_in_cart":false,"bundle_sold_individually_context":"","bundle_item_grouping":"","bundle_min_size":"","bundle_max_size":"","bundle_price":[],"bundled_items":[],"bundle_sell_ids":[],"etheme_brands":{"errors":{"invalid_taxonomy":["Lubamatu taksonoomia."]},"error_data":[]},"_links":{"self":[{"href":"https:\/\/glamuur.ee\/et\/wp-json\/wp\/v2\/product\/242465","targetHints":{"allow":["GET"]}}],"collection":[{"href":"https:\/\/glamuur.ee\/et\/wp-json\/wp\/v2\/product"}],"about":[{"href":"https:\/\/glamuur.ee\/et\/wp-json\/wp\/v2\/types\/product"}],"replies":[{"embeddable":true,"href":"https:\/\/glamuur.ee\/et\/wp-json\/wp\/v2\/comments?post=242465"}],"wp:featuredmedia":[{"embeddable":true,"href":"https:\/\/glamuur.ee\/et\/wp-json\/wp\/v2\/media\/302533"}],"wp:attachment":[{"href":"https:\/\/glamuur.ee\/et\/wp-json\/wp\/v2\/media?parent=242465"}],"wp:term":[{"taxonomy":"product_brand","embeddable":true,"href":"https:\/\/glamuur.ee\/et\/wp-json\/wp\/v2\/product_brand?post=242465"},{"taxonomy":"product_cat","embeddable":true,"href":"https:\/\/glamuur.ee\/et\/wp-json\/wp\/v2\/product_cat?post=242465"},{"taxonomy":"product_tag","embeddable":true,"href":"https:\/\/glamuur.ee\/et\/wp-json\/wp\/v2\/product_tag?post=242465"},{"taxonomy":"giftcard-category","embeddable":true,"href":"https:\/\/glamuur.ee\/et\/wp-json\/wp\/v2\/giftcard-category?post=242465"}],"curies":[{"name":"wp","href":"https:\/\/api.w.org\/{rel}","templated":true}]}}