{"id":242458,"date":"2023-10-12T08:38:03","date_gmt":"2023-10-12T08:38:03","guid":{"rendered":"https:\/\/glamuur.ee\/product\/engelsrufer-pendant-er-23-25-s\/"},"modified":"2025-04-30T17:00:42","modified_gmt":"2025-04-30T14:00:42","slug":"engelsrufer-riputuskoht-er-23-25-s","status":"publish","type":"product","link":"https:\/\/glamuur.ee\/et\/product\/engelsrufer-pendant-er-23-25-s\/","title":{"rendered":"Engelsrufer Kaelakee ripats"},"content":{"rendered":"<p>Engelsrufer tiibadega h\u00f5bedane roodiumiga kaetud | Soundball p\u00e4rl punane | S 16mm Punane on soe v\u00e4rv, mis on<br \/>\nt\u00e4histab j\u00f5udu. tulekahju.<br \/>\nkirg ja armastus.<\/p>","protected":false},"excerpt":{"rendered":"<p>Engelsrufer tiibadega h\u00f5bedane roodiumiga kaetud | Soundball p\u00e4rlipunane | S 16mm Punane on soe v\u00e4rv, mis t\u00e4histab j\u00f5udu, tuld, kirge ja armastust.<\/p>","protected":false},"featured_media":242360,"comment_status":"open","ping_status":"closed","template":"","meta":{"jetpack_post_was_ever_published":false},"product_brand":[],"product_cat":[210,215],"product_tag":[],"giftcard-category":[],"class_list":{"0":"post-242458","1":"product","2":"type-product","3":"status-publish","4":"has-post-thumbnail","6":"product_cat-engelsrufer","7":"product_cat-engelsrufer-pendants-necklaces","8":"pa_material-silver","9":"pa_metal-color-silver","10":"pa_product-brand-engelsrufer","11":"pa_stone-color-red","13":"first","14":"instock","15":"taxable","16":"shipping-taxable","17":"purchasable","18":"product-type-simple"},"bundled_by":[],"bundle_stock_status":"instock","bundle_stock_quantity":2,"bundle_virtual":false,"bundle_layout":"","bundle_add_to_cart_form_location":"","bundle_editable_in_cart":false,"bundle_sold_individually_context":"","bundle_item_grouping":"","bundle_min_size":"","bundle_max_size":"","bundle_price":[],"bundled_items":[],"bundle_sell_ids":[],"etheme_brands":{"errors":{"invalid_taxonomy":["Lubamatu taksonoomia."]},"error_data":[]},"_links":{"self":[{"href":"https:\/\/glamuur.ee\/et\/wp-json\/wp\/v2\/product\/242458","targetHints":{"allow":["GET"]}}],"collection":[{"href":"https:\/\/glamuur.ee\/et\/wp-json\/wp\/v2\/product"}],"about":[{"href":"https:\/\/glamuur.ee\/et\/wp-json\/wp\/v2\/types\/product"}],"replies":[{"embeddable":true,"href":"https:\/\/glamuur.ee\/et\/wp-json\/wp\/v2\/comments?post=242458"}],"wp:featuredmedia":[{"embeddable":true,"href":"https:\/\/glamuur.ee\/et\/wp-json\/wp\/v2\/media\/242360"}],"wp:attachment":[{"href":"https:\/\/glamuur.ee\/et\/wp-json\/wp\/v2\/media?parent=242458"}],"wp:term":[{"taxonomy":"product_brand","embeddable":true,"href":"https:\/\/glamuur.ee\/et\/wp-json\/wp\/v2\/product_brand?post=242458"},{"taxonomy":"product_cat","embeddable":true,"href":"https:\/\/glamuur.ee\/et\/wp-json\/wp\/v2\/product_cat?post=242458"},{"taxonomy":"product_tag","embeddable":true,"href":"https:\/\/glamuur.ee\/et\/wp-json\/wp\/v2\/product_tag?post=242458"},{"taxonomy":"giftcard-category","embeddable":true,"href":"https:\/\/glamuur.ee\/et\/wp-json\/wp\/v2\/giftcard-category?post=242458"}],"curies":[{"name":"wp","href":"https:\/\/api.w.org\/{rel}","templated":true}]}}