{"id":242454,"date":"2023-10-12T08:37:47","date_gmt":"2023-10-12T08:37:47","guid":{"rendered":"https:\/\/glamuur.ee\/product\/engelsrufer-necklace-ern-er23-20-xs-g\/"},"modified":"2025-04-30T17:00:43","modified_gmt":"2025-04-30T14:00:43","slug":"engelsrufer-kaelakee-ern-er23-20-xs-g","status":"publish","type":"product","link":"https:\/\/glamuur.ee\/et\/product\/engelsrufer-necklace-ern-er23-20-xs-g\/","title":{"rendered":"Engelsrufer Kaelakee"},"content":{"rendered":"<p>Kaelakee Engelsrufer tiibadega h\u00f5be kuld pl. | Soundb.p. valge | XS 14mm | 45 + 5cm P\u00e4rlmutter t\u00e4histab s\u00e4ravat veatust. s\u00fc\u00fctust. puhtust ja surematust.<\/p>","protected":false},"excerpt":{"rendered":"<p>Kaelakee Engelsrufer tiibadega h\u00f5be kuld pl. | Soundb.p. valge | XS 14mm | 45 + 5cm P\u00e4rlmutter t\u00e4histab s\u00e4ravat veatust. s\u00fc\u00fctust. puhtust ja surematust.<\/p>","protected":false},"featured_media":302539,"comment_status":"open","ping_status":"closed","template":"","meta":{"jetpack_post_was_ever_published":false},"product_brand":[],"product_cat":[210,215,968,945],"product_tag":[],"giftcard-category":[],"class_list":{"0":"post-242454","1":"product","2":"type-product","3":"status-publish","4":"has-post-thumbnail","6":"product_cat-engelsrufer","7":"product_cat-engelsrufer-pendants-necklaces","8":"product_cat-mothers-day-2025-ti-sento","9":"product_cat-pearls","10":"pa_material-silver","11":"pa_metal-color-yellow-gold","12":"pa_product-brand-engelsrufer","13":"pa_stone-color-pearl","14":"pa_type-category-necklaces","16":"first","17":"instock","18":"taxable","19":"shipping-taxable","20":"purchasable","21":"product-type-simple"},"bundled_by":[],"bundle_stock_status":"instock","bundle_stock_quantity":1,"bundle_virtual":false,"bundle_layout":"","bundle_add_to_cart_form_location":"","bundle_editable_in_cart":false,"bundle_sold_individually_context":"","bundle_item_grouping":"","bundle_min_size":"","bundle_max_size":"","bundle_price":[],"bundled_items":[],"bundle_sell_ids":[],"etheme_brands":{"errors":{"invalid_taxonomy":["Lubamatu taksonoomia."]},"error_data":[]},"_links":{"self":[{"href":"https:\/\/glamuur.ee\/et\/wp-json\/wp\/v2\/product\/242454","targetHints":{"allow":["GET"]}}],"collection":[{"href":"https:\/\/glamuur.ee\/et\/wp-json\/wp\/v2\/product"}],"about":[{"href":"https:\/\/glamuur.ee\/et\/wp-json\/wp\/v2\/types\/product"}],"replies":[{"embeddable":true,"href":"https:\/\/glamuur.ee\/et\/wp-json\/wp\/v2\/comments?post=242454"}],"wp:featuredmedia":[{"embeddable":true,"href":"https:\/\/glamuur.ee\/et\/wp-json\/wp\/v2\/media\/302539"}],"wp:attachment":[{"href":"https:\/\/glamuur.ee\/et\/wp-json\/wp\/v2\/media?parent=242454"}],"wp:term":[{"taxonomy":"product_brand","embeddable":true,"href":"https:\/\/glamuur.ee\/et\/wp-json\/wp\/v2\/product_brand?post=242454"},{"taxonomy":"product_cat","embeddable":true,"href":"https:\/\/glamuur.ee\/et\/wp-json\/wp\/v2\/product_cat?post=242454"},{"taxonomy":"product_tag","embeddable":true,"href":"https:\/\/glamuur.ee\/et\/wp-json\/wp\/v2\/product_tag?post=242454"},{"taxonomy":"giftcard-category","embeddable":true,"href":"https:\/\/glamuur.ee\/et\/wp-json\/wp\/v2\/giftcard-category?post=242454"}],"curies":[{"name":"wp","href":"https:\/\/api.w.org\/{rel}","templated":true}]}}