{"id":241703,"date":"2023-09-29T16:40:18","date_gmt":"2023-09-29T13:40:18","guid":{"rendered":"https:\/\/glamuur.ee\/product\/ania-haie-earrings-e048-05g\/"},"modified":"2026-02-05T22:29:13","modified_gmt":"2026-02-05T20:29:13","slug":"ania-haie-korvarongad-e048-05g","status":"publish","type":"product","link":"https:\/\/glamuur.ee\/et\/product\/ania-haie-earrings-e048-05g\/","title":{"rendered":"Ania Haie Earrings E048-05G"},"content":{"rendered":"<p>K\u00f5rvar\u00f5nga l\u00e4bim\u00f5\u00f5t = 11.5mm<br \/>\nK\u00f5rvar\u00f5nga laius = 3mm<br \/>\nKuubilise tsirkooniumi suurus = 0.9mm, kogus = 6<br \/>\nKuubilise tsirkooniumi suurus = 1.0mm, kogus = 16<br \/>\nKuubilise tsirkooniumi suurus = 1.1mm, kogus = 20<br \/>\nKorundi suurus = 0.9mm, kogus = 4<br \/>\nKorundi suurus = 1.0mm, kogus = 10<br \/>\nKorundi suurus = 1.1mm, kogus = 38<br \/>\nNano kalliskivid Suurus = 1.0mm, Kogus = 24<br \/>\nNano kalliskivid Suurus = 1.1mm, kogus = 42<\/p>","protected":false},"excerpt":{"rendered":"<p>Earring Diameter = 11.5mm Earring Width = 3mm Cubic Zirconia Size = 0.9mm, Quantity = 6 Cubic Zirconia Size = 1.0mm, Quantity = 16 Cubic Zirconia Size = 1.1mm, Quantity = 20 Corundum Size = 0.9mm, Quantity = 4 Corundum Size = 1.0mm, Quantity =&#8230;<\/p>","protected":false},"featured_media":241704,"comment_status":"open","ping_status":"closed","template":"","meta":{"jetpack_post_was_ever_published":false},"product_brand":[],"product_cat":[200,712,714,725,980,964],"product_tag":[],"giftcard-category":[],"class_list":{"0":"post-241703","1":"product","2":"type-product","3":"status-publish","4":"has-post-thumbnail","6":"product_cat-ania-haie","7":"product_cat-ania-haie-ear-charms","8":"product_cat-ania-haie-pop-charms-collection","9":"product_cat-earrings","10":"product_cat-ready-for-vacation","11":"product_cat-summer-sale-ti-sento","12":"pa_material-silver","13":"pa_metal-color-yellow-gold","14":"pa_product-brand-ania-haie","15":"pa_stone-color-multicolor","16":"pa_type-category-earrings","18":"first","19":"instock","20":"taxable","21":"shipping-taxable","22":"purchasable","23":"product-type-simple"},"bundled_by":[],"bundle_stock_status":"instock","bundle_stock_quantity":11,"bundle_virtual":false,"bundle_layout":"","bundle_add_to_cart_form_location":"","bundle_editable_in_cart":false,"bundle_sold_individually_context":"","bundle_item_grouping":"","bundle_min_size":"","bundle_max_size":"","bundle_price":[],"bundled_items":[],"bundle_sell_ids":[],"etheme_brands":{"errors":{"invalid_taxonomy":["Lubamatu taksonoomia."]},"error_data":[]},"_links":{"self":[{"href":"https:\/\/glamuur.ee\/et\/wp-json\/wp\/v2\/product\/241703","targetHints":{"allow":["GET"]}}],"collection":[{"href":"https:\/\/glamuur.ee\/et\/wp-json\/wp\/v2\/product"}],"about":[{"href":"https:\/\/glamuur.ee\/et\/wp-json\/wp\/v2\/types\/product"}],"replies":[{"embeddable":true,"href":"https:\/\/glamuur.ee\/et\/wp-json\/wp\/v2\/comments?post=241703"}],"wp:featuredmedia":[{"embeddable":true,"href":"https:\/\/glamuur.ee\/et\/wp-json\/wp\/v2\/media\/241704"}],"wp:attachment":[{"href":"https:\/\/glamuur.ee\/et\/wp-json\/wp\/v2\/media?parent=241703"}],"wp:term":[{"taxonomy":"product_brand","embeddable":true,"href":"https:\/\/glamuur.ee\/et\/wp-json\/wp\/v2\/product_brand?post=241703"},{"taxonomy":"product_cat","embeddable":true,"href":"https:\/\/glamuur.ee\/et\/wp-json\/wp\/v2\/product_cat?post=241703"},{"taxonomy":"product_tag","embeddable":true,"href":"https:\/\/glamuur.ee\/et\/wp-json\/wp\/v2\/product_tag?post=241703"},{"taxonomy":"giftcard-category","embeddable":true,"href":"https:\/\/glamuur.ee\/et\/wp-json\/wp\/v2\/giftcard-category?post=241703"}],"curies":[{"name":"wp","href":"https:\/\/api.w.org\/{rel}","templated":true}]}}