{"id":241645,"date":"2023-09-29T16:33:06","date_gmt":"2023-09-29T13:33:06","guid":{"rendered":"https:\/\/glamuur.ee\/product\/ania-haie-necklace-n048-07g\/"},"modified":"2026-02-05T22:31:54","modified_gmt":"2026-02-05T20:31:54","slug":"ania-haie-kaelakee-n048-07g","status":"publish","type":"product","link":"https:\/\/glamuur.ee\/et\/product\/ania-haie-necklace-n048-07g\/","title":{"rendered":"Ania Haie Necklace N048-07G"},"content":{"rendered":"<p>Kaelakee pikkus = 40cm<br \/>\nPikendusosa pikkus = 5cm<br \/>\nKogupikkus = 45cm<br \/>\nKlambri l\u00e4bim\u00f5\u00f5t = 1.1cm<br \/>\nKuubilise tsirkooniumi suurus = 1.0mm, kogus = 1<br \/>\nKuubilise tsirkooniumi suurus = 1.1mm, kogus = 5<br \/>\nKorundi suurus = 1.0mm, kogus = 11<br \/>\nKorundi suurus = 1.1mm, kogus = 2<br \/>\nKorundi suurus = 1.2mm, kogus = 5<br \/>\nNano kalliskivid Suurus = 0.9mm, kogus = 1<br \/>\nNano kalliskivid Suurus = 1.0mm, kogus = 7<br \/>\nNano kalliskivid Suurus = 1.1mm, kogus = 5<\/p>","protected":false},"excerpt":{"rendered":"<p>Necklace Length = 40cm Extender Length = 5cm Total Length = 45cm Clasp diameter = 1.1cm Cubic Zirconia Size = 1.0mm, Quantity = 1 Cubic Zirconia Size = 1.1mm, Quantity = 5 Corundum Size = 1.0mm, Quantity = 11 Corundum Size = 1.1mm, Quantity =&#8230;<\/p>","protected":false},"featured_media":241646,"comment_status":"open","ping_status":"closed","template":"","meta":{"jetpack_post_was_ever_published":false},"product_brand":[],"product_cat":[200,713,714,980,964],"product_tag":[],"giftcard-category":[],"class_list":{"0":"post-241645","1":"product","2":"type-product","3":"status-publish","4":"has-post-thumbnail","6":"product_cat-ania-haie","7":"product_cat-ania-haie-pendants","8":"product_cat-ania-haie-pop-charms-collection","9":"product_cat-ready-for-vacation","10":"product_cat-summer-sale-ti-sento","11":"pa_material-silver","12":"pa_metal-color-yellow-gold","13":"pa_product-brand-ania-haie","14":"pa_stone-color-multicolor","15":"pa_type-category-necklaces","17":"first","18":"instock","19":"taxable","20":"shipping-taxable","21":"purchasable","22":"product-type-simple"},"bundled_by":[],"bundle_stock_status":"instock","bundle_stock_quantity":1,"bundle_virtual":false,"bundle_layout":"","bundle_add_to_cart_form_location":"","bundle_editable_in_cart":false,"bundle_sold_individually_context":"","bundle_item_grouping":"","bundle_min_size":"","bundle_max_size":"","bundle_price":[],"bundled_items":[],"bundle_sell_ids":[],"etheme_brands":{"errors":{"invalid_taxonomy":["Lubamatu taksonoomia."]},"error_data":[]},"_links":{"self":[{"href":"https:\/\/glamuur.ee\/et\/wp-json\/wp\/v2\/product\/241645","targetHints":{"allow":["GET"]}}],"collection":[{"href":"https:\/\/glamuur.ee\/et\/wp-json\/wp\/v2\/product"}],"about":[{"href":"https:\/\/glamuur.ee\/et\/wp-json\/wp\/v2\/types\/product"}],"replies":[{"embeddable":true,"href":"https:\/\/glamuur.ee\/et\/wp-json\/wp\/v2\/comments?post=241645"}],"wp:featuredmedia":[{"embeddable":true,"href":"https:\/\/glamuur.ee\/et\/wp-json\/wp\/v2\/media\/241646"}],"wp:attachment":[{"href":"https:\/\/glamuur.ee\/et\/wp-json\/wp\/v2\/media?parent=241645"}],"wp:term":[{"taxonomy":"product_brand","embeddable":true,"href":"https:\/\/glamuur.ee\/et\/wp-json\/wp\/v2\/product_brand?post=241645"},{"taxonomy":"product_cat","embeddable":true,"href":"https:\/\/glamuur.ee\/et\/wp-json\/wp\/v2\/product_cat?post=241645"},{"taxonomy":"product_tag","embeddable":true,"href":"https:\/\/glamuur.ee\/et\/wp-json\/wp\/v2\/product_tag?post=241645"},{"taxonomy":"giftcard-category","embeddable":true,"href":"https:\/\/glamuur.ee\/et\/wp-json\/wp\/v2\/giftcard-category?post=241645"}],"curies":[{"name":"wp","href":"https:\/\/api.w.org\/{rel}","templated":true}]}}