{"id":241583,"date":"2023-09-29T16:30:28","date_gmt":"2023-09-29T13:30:28","guid":{"rendered":"https:\/\/glamuur.ee\/product\/ania-haie-charms-ec048-16g\/"},"modified":"2026-02-05T22:30:22","modified_gmt":"2026-02-05T20:30:22","slug":"ania-haie-volusid-ec048-16g","status":"publish","type":"product","link":"https:\/\/glamuur.ee\/et\/product\/ania-haie-charms-ec048-16g\/","title":{"rendered":"Ania Haie Ear Charm EC048-16G"},"content":{"rendered":"<p>v\u00f5lu suurus = 12.0*10.5mm<br \/>\nr\u00f5nga l\u00e4bim\u00f5\u00f5t = 4,7 mm<br \/>\nKuubilise tsirkooniumi suurus = 0.9mm, kogus = 18<br \/>\nKuubilise tsirkooniumi suurus = 1.0mm, kogus = 2<br \/>\nLapis suurus = 2*1.2mm, kogus =1<\/p>","protected":false},"excerpt":{"rendered":"<p>\ud83d\udc8c <strong data-start=\"257\" data-end=\"264\">PS:<\/strong> Iga pakett sisaldab <strong data-start=\"291\" data-end=\"309\">ainult \u00fcks v\u00f5lu<\/strong><\/p>","protected":false},"featured_media":241584,"comment_status":"open","ping_status":"closed","template":"","meta":{"jetpack_post_was_ever_published":false},"product_brand":[],"product_cat":[200,712,714,728,980,964],"product_tag":[],"giftcard-category":[],"class_list":{"0":"post-241583","1":"product","2":"type-product","3":"status-publish","4":"has-post-thumbnail","6":"product_cat-ania-haie","7":"product_cat-ania-haie-ear-charms","8":"product_cat-ania-haie-pop-charms-collection","9":"product_cat-ear-charms","10":"product_cat-ready-for-vacation","11":"product_cat-summer-sale-ti-sento","12":"pa_material-silver","13":"pa_metal-color-yellow-gold","14":"pa_product-brand-ania-haie","15":"pa_stone-color-multicolor","16":"pa_type-category-ear-charms","18":"first","19":"instock","20":"taxable","21":"shipping-taxable","22":"purchasable","23":"product-type-simple"},"bundled_by":[],"bundle_stock_status":"instock","bundle_stock_quantity":6,"bundle_virtual":false,"bundle_layout":"","bundle_add_to_cart_form_location":"","bundle_editable_in_cart":false,"bundle_sold_individually_context":"","bundle_item_grouping":"","bundle_min_size":"","bundle_max_size":"","bundle_price":[],"bundled_items":[],"bundle_sell_ids":[],"etheme_brands":{"errors":{"invalid_taxonomy":["Lubamatu taksonoomia."]},"error_data":[]},"_links":{"self":[{"href":"https:\/\/glamuur.ee\/et\/wp-json\/wp\/v2\/product\/241583","targetHints":{"allow":["GET"]}}],"collection":[{"href":"https:\/\/glamuur.ee\/et\/wp-json\/wp\/v2\/product"}],"about":[{"href":"https:\/\/glamuur.ee\/et\/wp-json\/wp\/v2\/types\/product"}],"replies":[{"embeddable":true,"href":"https:\/\/glamuur.ee\/et\/wp-json\/wp\/v2\/comments?post=241583"}],"wp:featuredmedia":[{"embeddable":true,"href":"https:\/\/glamuur.ee\/et\/wp-json\/wp\/v2\/media\/241584"}],"wp:attachment":[{"href":"https:\/\/glamuur.ee\/et\/wp-json\/wp\/v2\/media?parent=241583"}],"wp:term":[{"taxonomy":"product_brand","embeddable":true,"href":"https:\/\/glamuur.ee\/et\/wp-json\/wp\/v2\/product_brand?post=241583"},{"taxonomy":"product_cat","embeddable":true,"href":"https:\/\/glamuur.ee\/et\/wp-json\/wp\/v2\/product_cat?post=241583"},{"taxonomy":"product_tag","embeddable":true,"href":"https:\/\/glamuur.ee\/et\/wp-json\/wp\/v2\/product_tag?post=241583"},{"taxonomy":"giftcard-category","embeddable":true,"href":"https:\/\/glamuur.ee\/et\/wp-json\/wp\/v2\/giftcard-category?post=241583"}],"curies":[{"name":"wp","href":"https:\/\/api.w.org\/{rel}","templated":true}]}}