{"id":241544,"date":"2025-08-27T13:13:00","date_gmt":"2025-08-27T10:13:00","guid":{"rendered":"https:\/\/glamuur.ee\/product\/ania-haie-charms-ec048-08g\/"},"modified":"2026-05-01T13:40:19","modified_gmt":"2026-05-01T10:40:19","slug":"ania-haie-charms-ec048-08g","status":"publish","type":"product","link":"https:\/\/glamuur.ee\/et\/product\/ania-haie-charms-ec048-08g\/","title":{"rendered":"Ania Haie Ear Charm EC048-08G"},"content":{"rendered":"<p>charm Size = 7.0*4.0mm<br \/>\nr\u00f5nga l\u00e4bim\u00f5\u00f5t = 4,7 mm<br \/>\nSynthetic  Malachite Size = 3.5*6.4*1.2mm<br \/>\nKogus = 1<\/p>","protected":false},"excerpt":{"rendered":"<p>\ud83d\udc8c <strong data-start=\"257\" data-end=\"264\">PS:<\/strong> Iga pakett sisaldab <strong data-start=\"291\" data-end=\"309\">ainult \u00fcks v\u00f5lu<\/strong><\/p>","protected":false},"featured_media":241545,"comment_status":"open","ping_status":"closed","template":"","meta":{"jetpack_post_was_ever_published":true},"product_brand":[],"product_cat":[200,712,714,728,980,964,1626],"product_tag":[1058],"giftcard-category":[],"class_list":{"0":"post-241544","1":"product","2":"type-product","3":"status-publish","4":"has-post-thumbnail","6":"product_cat-ania-haie","7":"product_cat-ania-haie-ear-charms","8":"product_cat-ania-haie-pop-charms-collection","9":"product_cat-ear-charms","10":"product_cat-ready-for-vacation","11":"product_cat-summer-sale-ti-sento","12":"product_cat-under-40","13":"product_tag-alla-30","14":"pa_material-silver","15":"pa_metal-color-yellow-gold","16":"pa_product-brand-ania-haie","17":"pa_stone-color-green","18":"pa_type-category-ear-charms","20":"first","21":"instock","22":"sale","23":"taxable","24":"shipping-taxable","25":"purchasable","26":"product-type-simple"},"bundled_by":[],"bundle_stock_status":"instock","bundle_stock_quantity":4,"bundle_virtual":false,"bundle_layout":"","bundle_add_to_cart_form_location":"","bundle_editable_in_cart":false,"bundle_sold_individually_context":"","bundle_item_grouping":"","bundle_min_size":"","bundle_max_size":"","bundle_price":[],"bundled_items":[],"bundle_sell_ids":[],"etheme_brands":{"errors":{"invalid_taxonomy":["Lubamatu taksonoomia."]},"error_data":[]},"_links":{"self":[{"href":"https:\/\/glamuur.ee\/et\/wp-json\/wp\/v2\/product\/241544","targetHints":{"allow":["GET"]}}],"collection":[{"href":"https:\/\/glamuur.ee\/et\/wp-json\/wp\/v2\/product"}],"about":[{"href":"https:\/\/glamuur.ee\/et\/wp-json\/wp\/v2\/types\/product"}],"replies":[{"embeddable":true,"href":"https:\/\/glamuur.ee\/et\/wp-json\/wp\/v2\/comments?post=241544"}],"wp:featuredmedia":[{"embeddable":true,"href":"https:\/\/glamuur.ee\/et\/wp-json\/wp\/v2\/media\/241545"}],"wp:attachment":[{"href":"https:\/\/glamuur.ee\/et\/wp-json\/wp\/v2\/media?parent=241544"}],"wp:term":[{"taxonomy":"product_brand","embeddable":true,"href":"https:\/\/glamuur.ee\/et\/wp-json\/wp\/v2\/product_brand?post=241544"},{"taxonomy":"product_cat","embeddable":true,"href":"https:\/\/glamuur.ee\/et\/wp-json\/wp\/v2\/product_cat?post=241544"},{"taxonomy":"product_tag","embeddable":true,"href":"https:\/\/glamuur.ee\/et\/wp-json\/wp\/v2\/product_tag?post=241544"},{"taxonomy":"giftcard-category","embeddable":true,"href":"https:\/\/glamuur.ee\/et\/wp-json\/wp\/v2\/giftcard-category?post=241544"}],"curies":[{"name":"wp","href":"https:\/\/api.w.org\/{rel}","templated":true}]}}