{"id":241496,"date":"2023-09-29T16:26:32","date_gmt":"2023-09-29T13:26:32","guid":{"rendered":"https:\/\/glamuur.ee\/product\/ania-haie-charms-nc048-38t\/"},"modified":"2026-02-05T22:32:49","modified_gmt":"2026-02-05T20:32:49","slug":"ania-haie-volusid-nc048-38t","status":"publish","type":"product","link":"https:\/\/glamuur.ee\/et\/product\/ania-haie-charms-nc048-38t\/","title":{"rendered":"Ania Haie Pendant NC048-38T"},"content":{"rendered":"<p>v\u00f5lu suurus = 23*11.8mm<br \/>\nr\u00f5nga m\u00f5\u00f5tmed = 5.5*3.5mm<br \/>\nKuubilise tsirkooniumi suurus = 0.8mm, kogus = 4<br \/>\nKuubilise tsirkooniumi suurus = 0.9mm, kogus = 1<br \/>\nKuubilise tsirkooniumi suurus = 1.0mm, kogus = 18<br \/>\nKuubilise tsirkooniumi suurus = 1.1mm, kogus = 3<br \/>\nKuubilise tsirkooniumi suurus = 1.2mm, kogus = 9<\/p>","protected":false},"excerpt":{"rendered":"<p>charm Size = 23*11.8mm ring dimension= 5.5*3.5mm Cubic Zirconia Size = 0.8mm, Quantity = 4 Cubic Zirconia Size = 0.9mm, Quantity = 1 Cubic Zirconia Size = 1.0mm, Quantity = 18 Cubic Zirconia Size = 1.1mm, Quantity = 3 Cubic Zirconia Size = 1.2mm, Quantity&#8230;<\/p>","protected":false},"featured_media":241497,"comment_status":"open","ping_status":"closed","template":"","meta":{"jetpack_post_was_ever_published":false},"product_brand":[],"product_cat":[200,713,714],"product_tag":[],"giftcard-category":[],"class_list":{"0":"post-241496","1":"product","2":"type-product","3":"status-publish","4":"has-post-thumbnail","6":"product_cat-ania-haie","7":"product_cat-ania-haie-pendants","8":"product_cat-ania-haie-pop-charms-collection","9":"pa_material-silver","10":"pa_metal-color-yellow-gold","11":"pa_product-brand-ania-haie","12":"pa_stone-color-white","13":"pa_type-category-pendants","15":"first","16":"instock","17":"taxable","18":"shipping-taxable","19":"purchasable","20":"product-type-simple"},"bundled_by":[],"bundle_stock_status":"instock","bundle_stock_quantity":2,"bundle_virtual":false,"bundle_layout":"","bundle_add_to_cart_form_location":"","bundle_editable_in_cart":false,"bundle_sold_individually_context":"","bundle_item_grouping":"","bundle_min_size":"","bundle_max_size":"","bundle_price":[],"bundled_items":[],"bundle_sell_ids":[],"etheme_brands":{"errors":{"invalid_taxonomy":["Lubamatu taksonoomia."]},"error_data":[]},"_links":{"self":[{"href":"https:\/\/glamuur.ee\/et\/wp-json\/wp\/v2\/product\/241496","targetHints":{"allow":["GET"]}}],"collection":[{"href":"https:\/\/glamuur.ee\/et\/wp-json\/wp\/v2\/product"}],"about":[{"href":"https:\/\/glamuur.ee\/et\/wp-json\/wp\/v2\/types\/product"}],"replies":[{"embeddable":true,"href":"https:\/\/glamuur.ee\/et\/wp-json\/wp\/v2\/comments?post=241496"}],"wp:featuredmedia":[{"embeddable":true,"href":"https:\/\/glamuur.ee\/et\/wp-json\/wp\/v2\/media\/241497"}],"wp:attachment":[{"href":"https:\/\/glamuur.ee\/et\/wp-json\/wp\/v2\/media?parent=241496"}],"wp:term":[{"taxonomy":"product_brand","embeddable":true,"href":"https:\/\/glamuur.ee\/et\/wp-json\/wp\/v2\/product_brand?post=241496"},{"taxonomy":"product_cat","embeddable":true,"href":"https:\/\/glamuur.ee\/et\/wp-json\/wp\/v2\/product_cat?post=241496"},{"taxonomy":"product_tag","embeddable":true,"href":"https:\/\/glamuur.ee\/et\/wp-json\/wp\/v2\/product_tag?post=241496"},{"taxonomy":"giftcard-category","embeddable":true,"href":"https:\/\/glamuur.ee\/et\/wp-json\/wp\/v2\/giftcard-category?post=241496"}],"curies":[{"name":"wp","href":"https:\/\/api.w.org\/{rel}","templated":true}]}}