{"id":241425,"date":"2023-09-29T16:23:11","date_gmt":"2023-09-29T13:23:11","guid":{"rendered":"https:\/\/glamuur.ee\/product\/ania-haie-charms-nc048-24h\/"},"modified":"2026-02-05T22:32:45","modified_gmt":"2026-02-05T20:32:45","slug":"ania-haie-volusid-nc048-24h","status":"publish","type":"product","link":"https:\/\/glamuur.ee\/et\/product\/ania-haie-charms-nc048-24h\/","title":{"rendered":"Ania Haie Pendant NC048-24H"},"content":{"rendered":"<p>v\u00f5lu suurus = 15.0*15.0mm<br \/>\nr\u00f5nga m\u00f5\u00f5tmed = 5.5*3.5mm<br \/>\nHelme ema suurus = 13.7*7.8*1.0mm, kogus = 1<br \/>\nKuubilise tsirkooniumi suurus = 0.9mm, kogus = 1<\/p>","protected":false},"excerpt":{"rendered":"<p>v\u00f5lu Suurus = 15.0*15.0mm r\u00f5nga m\u00f5\u00f5tmed = 5.5*3.5mm p\u00e4rlmutter suurus = 13.7*7.8*1.0mm, kogus = 1 kuubilise tsirkooniaga suurus = 0.9mm, kogus = 1<\/p>","protected":false},"featured_media":241426,"comment_status":"open","ping_status":"closed","template":"","meta":{"jetpack_post_was_ever_published":false},"product_brand":[],"product_cat":[200,713,714,980,964],"product_tag":[],"giftcard-category":[],"class_list":{"0":"post-241425","1":"product","2":"type-product","3":"status-publish","4":"has-post-thumbnail","6":"product_cat-ania-haie","7":"product_cat-ania-haie-pendants","8":"product_cat-ania-haie-pop-charms-collection","9":"product_cat-ready-for-vacation","10":"product_cat-summer-sale-ti-sento","11":"pa_material-silver","12":"pa_metal-color-silver","13":"pa_product-brand-ania-haie","14":"pa_stone-color-multicolor","15":"pa_type-category-pendants","17":"first","18":"instock","19":"taxable","20":"shipping-taxable","21":"purchasable","22":"product-type-simple"},"bundled_by":[],"bundle_stock_status":"instock","bundle_stock_quantity":2,"bundle_virtual":false,"bundle_layout":"","bundle_add_to_cart_form_location":"","bundle_editable_in_cart":false,"bundle_sold_individually_context":"","bundle_item_grouping":"","bundle_min_size":"","bundle_max_size":"","bundle_price":[],"bundled_items":[],"bundle_sell_ids":[],"etheme_brands":{"errors":{"invalid_taxonomy":["Lubamatu taksonoomia."]},"error_data":[]},"_links":{"self":[{"href":"https:\/\/glamuur.ee\/et\/wp-json\/wp\/v2\/product\/241425","targetHints":{"allow":["GET"]}}],"collection":[{"href":"https:\/\/glamuur.ee\/et\/wp-json\/wp\/v2\/product"}],"about":[{"href":"https:\/\/glamuur.ee\/et\/wp-json\/wp\/v2\/types\/product"}],"replies":[{"embeddable":true,"href":"https:\/\/glamuur.ee\/et\/wp-json\/wp\/v2\/comments?post=241425"}],"wp:featuredmedia":[{"embeddable":true,"href":"https:\/\/glamuur.ee\/et\/wp-json\/wp\/v2\/media\/241426"}],"wp:attachment":[{"href":"https:\/\/glamuur.ee\/et\/wp-json\/wp\/v2\/media?parent=241425"}],"wp:term":[{"taxonomy":"product_brand","embeddable":true,"href":"https:\/\/glamuur.ee\/et\/wp-json\/wp\/v2\/product_brand?post=241425"},{"taxonomy":"product_cat","embeddable":true,"href":"https:\/\/glamuur.ee\/et\/wp-json\/wp\/v2\/product_cat?post=241425"},{"taxonomy":"product_tag","embeddable":true,"href":"https:\/\/glamuur.ee\/et\/wp-json\/wp\/v2\/product_tag?post=241425"},{"taxonomy":"giftcard-category","embeddable":true,"href":"https:\/\/glamuur.ee\/et\/wp-json\/wp\/v2\/giftcard-category?post=241425"}],"curies":[{"name":"wp","href":"https:\/\/api.w.org\/{rel}","templated":true}]}}