{"id":241402,"date":"2023-09-29T16:22:12","date_gmt":"2023-09-29T13:22:12","guid":{"rendered":"https:\/\/glamuur.ee\/product\/ania-haie-charms-nc048-18h\/"},"modified":"2026-02-05T22:32:43","modified_gmt":"2026-02-05T20:32:43","slug":"ania-haie-volusid-nc048-18h","status":"publish","type":"product","link":"https:\/\/glamuur.ee\/et\/product\/ania-haie-charms-nc048-18h\/","title":{"rendered":"Ania Haie Pendant NC048-18H"},"content":{"rendered":"<p>v\u00f5lu suurus = 15.5*7.7mm<br \/>\nr\u00f5nga m\u00f5\u00f5tmed = 5.5*3.5mm<br \/>\nKuubilise tsirkooniumi suurus = 0.9mm, kogus = 6<br \/>\nKuubilise tsirkooniumi suurus = 1.0mm, kogus = 2<br \/>\nKuubilise tsirkooniumi suurus = 1.1mm, kogus = 8<br \/>\nKuubilise tsirkooniumi suurus = 1.2mm, kogus = 3<br \/>\nKuubilise tsirkooniumi suurus = 1.3mm, kogus = 2<br \/>\nNano kalliskivid Suurus = 0.9mm, kogus = 1<br \/>\nNano kalliskivid Suurus = 1.0mm, kogus = 1<br \/>\nNano kalliskivid Suurus = 1.1mm, kogus = 3<br \/>\nNano kalliskivid Suurus = 1.2mm, kogus = 6<br \/>\nNano kalliskivid Suurus = 1.3mm, kogus = 3<\/p>","protected":false},"excerpt":{"rendered":"<p>charm Size = 15.5*7.7mm ring dimension= 5.5*3.5mm Cubic Zirconia Size = 0.9mm, Quantity = 6 Cubic Zirconia Size = 1.0mm, Quantity = 2 Cubic Zirconia Size = 1.1mm, Quantity = 8 Cubic Zirconia Size = 1.2mm, Quantity = 3 Cubic Zirconia Size = 1.3mm, Quantity&#8230;<\/p>","protected":false},"featured_media":241403,"comment_status":"open","ping_status":"closed","template":"","meta":{"jetpack_post_was_ever_published":false},"product_brand":[],"product_cat":[200,713,714,980,964],"product_tag":[],"giftcard-category":[],"class_list":{"0":"post-241402","1":"product","2":"type-product","3":"status-publish","4":"has-post-thumbnail","6":"product_cat-ania-haie","7":"product_cat-ania-haie-pendants","8":"product_cat-ania-haie-pop-charms-collection","9":"product_cat-ready-for-vacation","10":"product_cat-summer-sale-ti-sento","11":"pa_material-silver","12":"pa_metal-color-silver","13":"pa_product-brand-ania-haie","14":"pa_stone-color-multicolor","15":"pa_type-category-pendants","17":"first","18":"instock","19":"taxable","20":"shipping-taxable","21":"purchasable","22":"product-type-simple"},"bundled_by":[],"bundle_stock_status":"instock","bundle_stock_quantity":2,"bundle_virtual":false,"bundle_layout":"","bundle_add_to_cart_form_location":"","bundle_editable_in_cart":false,"bundle_sold_individually_context":"","bundle_item_grouping":"","bundle_min_size":"","bundle_max_size":"","bundle_price":[],"bundled_items":[],"bundle_sell_ids":[],"etheme_brands":{"errors":{"invalid_taxonomy":["Lubamatu taksonoomia."]},"error_data":[]},"_links":{"self":[{"href":"https:\/\/glamuur.ee\/et\/wp-json\/wp\/v2\/product\/241402","targetHints":{"allow":["GET"]}}],"collection":[{"href":"https:\/\/glamuur.ee\/et\/wp-json\/wp\/v2\/product"}],"about":[{"href":"https:\/\/glamuur.ee\/et\/wp-json\/wp\/v2\/types\/product"}],"replies":[{"embeddable":true,"href":"https:\/\/glamuur.ee\/et\/wp-json\/wp\/v2\/comments?post=241402"}],"wp:featuredmedia":[{"embeddable":true,"href":"https:\/\/glamuur.ee\/et\/wp-json\/wp\/v2\/media\/241403"}],"wp:attachment":[{"href":"https:\/\/glamuur.ee\/et\/wp-json\/wp\/v2\/media?parent=241402"}],"wp:term":[{"taxonomy":"product_brand","embeddable":true,"href":"https:\/\/glamuur.ee\/et\/wp-json\/wp\/v2\/product_brand?post=241402"},{"taxonomy":"product_cat","embeddable":true,"href":"https:\/\/glamuur.ee\/et\/wp-json\/wp\/v2\/product_cat?post=241402"},{"taxonomy":"product_tag","embeddable":true,"href":"https:\/\/glamuur.ee\/et\/wp-json\/wp\/v2\/product_tag?post=241402"},{"taxonomy":"giftcard-category","embeddable":true,"href":"https:\/\/glamuur.ee\/et\/wp-json\/wp\/v2\/giftcard-category?post=241402"}],"curies":[{"name":"wp","href":"https:\/\/api.w.org\/{rel}","templated":true}]}}