{"id":241351,"date":"2025-08-27T13:12:54","date_gmt":"2025-08-27T10:12:54","guid":{"rendered":"https:\/\/glamuur.ee\/product\/ania-haie-charms-nc048-05g\/"},"modified":"2026-05-01T13:40:22","modified_gmt":"2026-05-01T10:40:22","slug":"ania-haie-charms-nc048-05g","status":"publish","type":"product","link":"https:\/\/glamuur.ee\/et\/product\/ania-haie-charms-nc048-05g\/","title":{"rendered":"Ania Haie Pendant NC048-05G"},"content":{"rendered":"<p>charm Size = 10.0*5.0mm<br \/>\nr\u00f5nga m\u00f5\u00f5tmed = 5.5*3.5mm<br \/>\nSynthetic  Tourmaline Size = 9.1*3.5mm<br \/>\nKogus = 1<\/p>","protected":false},"excerpt":{"rendered":"<p>charm Size = 10.0*5.0mm ring dimension= 5.5*3.5mm Synthetic Tourmaline Size = 9.1*3.5mm Quantity = 1<\/p>","protected":false},"featured_media":241352,"comment_status":"open","ping_status":"closed","template":"","meta":{"jetpack_post_was_ever_published":true},"product_brand":[],"product_cat":[200,713,714,980,964,1626],"product_tag":[1058],"giftcard-category":[],"class_list":{"0":"post-241351","1":"product","2":"type-product","3":"status-publish","4":"has-post-thumbnail","6":"product_cat-ania-haie","7":"product_cat-ania-haie-pendants","8":"product_cat-ania-haie-pop-charms-collection","9":"product_cat-ready-for-vacation","10":"product_cat-summer-sale-ti-sento","11":"product_cat-under-40","12":"product_tag-alla-30","13":"pa_material-silver","14":"pa_metal-color-yellow-gold","15":"pa_product-brand-ania-haie","16":"pa_stone-color-multicolor","17":"pa_type-category-pendants","19":"first","20":"instock","21":"sale","22":"taxable","23":"shipping-taxable","24":"purchasable","25":"product-type-simple"},"bundled_by":[],"bundle_stock_status":"instock","bundle_stock_quantity":1,"bundle_virtual":false,"bundle_layout":"","bundle_add_to_cart_form_location":"","bundle_editable_in_cart":false,"bundle_sold_individually_context":"","bundle_item_grouping":"","bundle_min_size":"","bundle_max_size":"","bundle_price":[],"bundled_items":[],"bundle_sell_ids":[],"etheme_brands":{"errors":{"invalid_taxonomy":["Lubamatu taksonoomia."]},"error_data":[]},"_links":{"self":[{"href":"https:\/\/glamuur.ee\/et\/wp-json\/wp\/v2\/product\/241351","targetHints":{"allow":["GET"]}}],"collection":[{"href":"https:\/\/glamuur.ee\/et\/wp-json\/wp\/v2\/product"}],"about":[{"href":"https:\/\/glamuur.ee\/et\/wp-json\/wp\/v2\/types\/product"}],"replies":[{"embeddable":true,"href":"https:\/\/glamuur.ee\/et\/wp-json\/wp\/v2\/comments?post=241351"}],"wp:featuredmedia":[{"embeddable":true,"href":"https:\/\/glamuur.ee\/et\/wp-json\/wp\/v2\/media\/241352"}],"wp:attachment":[{"href":"https:\/\/glamuur.ee\/et\/wp-json\/wp\/v2\/media?parent=241351"}],"wp:term":[{"taxonomy":"product_brand","embeddable":true,"href":"https:\/\/glamuur.ee\/et\/wp-json\/wp\/v2\/product_brand?post=241351"},{"taxonomy":"product_cat","embeddable":true,"href":"https:\/\/glamuur.ee\/et\/wp-json\/wp\/v2\/product_cat?post=241351"},{"taxonomy":"product_tag","embeddable":true,"href":"https:\/\/glamuur.ee\/et\/wp-json\/wp\/v2\/product_tag?post=241351"},{"taxonomy":"giftcard-category","embeddable":true,"href":"https:\/\/glamuur.ee\/et\/wp-json\/wp\/v2\/giftcard-category?post=241351"}],"curies":[{"name":"wp","href":"https:\/\/api.w.org\/{rel}","templated":true}]}}