{"id":241093,"date":"2023-09-29T16:09:04","date_gmt":"2023-09-29T13:09:04","guid":{"rendered":"https:\/\/glamuur.ee\/product\/ania-haie-earrings-e051-05h\/"},"modified":"2026-02-05T22:29:16","modified_gmt":"2026-02-05T20:29:16","slug":"ania-haie-korvarongad-e051-05h","status":"publish","type":"product","link":"https:\/\/glamuur.ee\/et\/product\/ania-haie-earrings-e051-05h\/","title":{"rendered":"Ania Haie Earrings E051-05H"},"content":{"rendered":"<p>K\u00f5rvar\u00f5nga l\u00e4bim\u00f5\u00f5t = 15mm<br \/>\nK\u00f5rvar\u00f5nga laius = 5.3mm<br \/>\nKuubilise tsirkooniumi suurus = 0.8mm, kogus = 16<br \/>\nKuubilise tsirkooniumi suurus = 0.9mm, kogus = 28<br \/>\nKuubilise tsirkooniumi suurus = 1.0mm, kogus = 24<br \/>\nKuubilise tsirkooniumi suurus = 1.1mm, kogus = 48<br \/>\nKuubilise tsirkooniumi suurus = 1.2mm, kogus = 48<br \/>\nKuubilise tsirkooniumi suurus = 1.3mm, kogus = 12<\/p>","protected":false},"excerpt":{"rendered":"<p>Earring Diameter = 15mm Earring Width = 5.3mm Cubic Zirconia Size = 0.8mm, Quantity = 16 Cubic Zirconia Size = 0.9mm, Quantity = 28 Cubic Zirconia Size = 1.0mm, Quantity = 24 Cubic Zirconia Size = 1.1mm, Quantity = 48 Cubic Zirconia Size = 1.2mm,&#8230;<\/p>","protected":false},"featured_media":241094,"comment_status":"open","ping_status":"closed","template":"","meta":{"jetpack_post_was_ever_published":false},"product_brand":[],"product_cat":[200,201,725,979],"product_tag":[],"giftcard-category":[],"class_list":{"0":"post-241093","1":"product","2":"type-product","3":"status-publish","4":"has-post-thumbnail","6":"product_cat-ania-haie","7":"product_cat-ania-haie-earrings","8":"product_cat-earrings","9":"product_cat-graduation-2025","10":"pa_material-silver","11":"pa_metal-color-silver","12":"pa_product-brand-ania-haie","13":"pa_stone-color-white","14":"pa_type-category-earrings","16":"first","17":"instock","18":"taxable","19":"shipping-taxable","20":"purchasable","21":"product-type-simple"},"bundled_by":[],"bundle_stock_status":"instock","bundle_stock_quantity":4,"bundle_virtual":false,"bundle_layout":"","bundle_add_to_cart_form_location":"","bundle_editable_in_cart":false,"bundle_sold_individually_context":"","bundle_item_grouping":"","bundle_min_size":"","bundle_max_size":"","bundle_price":[],"bundled_items":[],"bundle_sell_ids":[],"etheme_brands":{"errors":{"invalid_taxonomy":["Lubamatu taksonoomia."]},"error_data":[]},"_links":{"self":[{"href":"https:\/\/glamuur.ee\/et\/wp-json\/wp\/v2\/product\/241093","targetHints":{"allow":["GET"]}}],"collection":[{"href":"https:\/\/glamuur.ee\/et\/wp-json\/wp\/v2\/product"}],"about":[{"href":"https:\/\/glamuur.ee\/et\/wp-json\/wp\/v2\/types\/product"}],"replies":[{"embeddable":true,"href":"https:\/\/glamuur.ee\/et\/wp-json\/wp\/v2\/comments?post=241093"}],"wp:featuredmedia":[{"embeddable":true,"href":"https:\/\/glamuur.ee\/et\/wp-json\/wp\/v2\/media\/241094"}],"wp:attachment":[{"href":"https:\/\/glamuur.ee\/et\/wp-json\/wp\/v2\/media?parent=241093"}],"wp:term":[{"taxonomy":"product_brand","embeddable":true,"href":"https:\/\/glamuur.ee\/et\/wp-json\/wp\/v2\/product_brand?post=241093"},{"taxonomy":"product_cat","embeddable":true,"href":"https:\/\/glamuur.ee\/et\/wp-json\/wp\/v2\/product_cat?post=241093"},{"taxonomy":"product_tag","embeddable":true,"href":"https:\/\/glamuur.ee\/et\/wp-json\/wp\/v2\/product_tag?post=241093"},{"taxonomy":"giftcard-category","embeddable":true,"href":"https:\/\/glamuur.ee\/et\/wp-json\/wp\/v2\/giftcard-category?post=241093"}],"curies":[{"name":"wp","href":"https:\/\/api.w.org\/{rel}","templated":true}]}}