{"id":240906,"date":"2023-09-29T13:00:15","date_gmt":"2023-09-29T13:00:15","guid":{"rendered":"https:\/\/glamuur.ee\/product\/ania-haie-earrings-e052-01g\/"},"modified":"2025-04-30T16:21:47","modified_gmt":"2025-04-30T13:21:47","slug":"ania-haie-korvarongad-e052-01g","status":"publish","type":"product","link":"https:\/\/glamuur.ee\/et\/product\/ania-haie-earrings-e052-01g\/","title":{"rendered":"Ania Haie K\u00f5rvar\u00f5ngad"},"content":{"rendered":"<p>K\u00f5rvar\u00f5nga l\u00e4bim\u00f5\u00f5t = 25mm<br \/>\nK\u00f5rvar\u00f5nga laius = 1.8mm<br \/>\nKuubilise tsirkooniumi suurus = 1.0mm, kogus = 12<br \/>\nKorundi suurus = 1.5mm, kogus = 18<br \/>\nNano kalliskivid Suurus = 1.5mm, kogus = 12<\/p>","protected":false},"excerpt":{"rendered":"<p>K\u00f5rvar\u00f5nga l\u00e4bim\u00f5\u00f5t = 25mm K\u00f5rvar\u00f5nga laius = 1.8mm Kuubilise tsirkooniaga Suurus = 1.0mm, Kogus = 12 Korund Suurus = 1.5mm, Kogus = 18 Nano kalliskivid Suurus = 1.5mm, Kogus = 12<\/p>","protected":false},"featured_media":240907,"comment_status":"open","ping_status":"closed","template":"","meta":{"jetpack_post_was_ever_published":false},"product_brand":[],"product_cat":[201,725],"product_tag":[],"giftcard-category":[],"class_list":{"0":"post-240906","1":"product","2":"type-product","3":"status-publish","4":"has-post-thumbnail","6":"product_cat-ania-haie-earrings","7":"product_cat-earrings","8":"pa_material-silver","9":"pa_metal-color-yellow-gold","10":"pa_product-brand-ania-haie","11":"pa_stone-color-white","12":"pa_type-category-earrings","14":"first","15":"instock","16":"taxable","17":"shipping-taxable","18":"purchasable","19":"product-type-simple"},"bundled_by":[],"bundle_stock_status":"instock","bundle_stock_quantity":4,"bundle_virtual":false,"bundle_layout":"","bundle_add_to_cart_form_location":"","bundle_editable_in_cart":false,"bundle_sold_individually_context":"","bundle_item_grouping":"","bundle_min_size":"","bundle_max_size":"","bundle_price":[],"bundled_items":[],"bundle_sell_ids":[],"etheme_brands":{"errors":{"invalid_taxonomy":["Lubamatu taksonoomia."]},"error_data":[]},"_links":{"self":[{"href":"https:\/\/glamuur.ee\/et\/wp-json\/wp\/v2\/product\/240906","targetHints":{"allow":["GET"]}}],"collection":[{"href":"https:\/\/glamuur.ee\/et\/wp-json\/wp\/v2\/product"}],"about":[{"href":"https:\/\/glamuur.ee\/et\/wp-json\/wp\/v2\/types\/product"}],"replies":[{"embeddable":true,"href":"https:\/\/glamuur.ee\/et\/wp-json\/wp\/v2\/comments?post=240906"}],"wp:featuredmedia":[{"embeddable":true,"href":"https:\/\/glamuur.ee\/et\/wp-json\/wp\/v2\/media\/240907"}],"wp:attachment":[{"href":"https:\/\/glamuur.ee\/et\/wp-json\/wp\/v2\/media?parent=240906"}],"wp:term":[{"taxonomy":"product_brand","embeddable":true,"href":"https:\/\/glamuur.ee\/et\/wp-json\/wp\/v2\/product_brand?post=240906"},{"taxonomy":"product_cat","embeddable":true,"href":"https:\/\/glamuur.ee\/et\/wp-json\/wp\/v2\/product_cat?post=240906"},{"taxonomy":"product_tag","embeddable":true,"href":"https:\/\/glamuur.ee\/et\/wp-json\/wp\/v2\/product_tag?post=240906"},{"taxonomy":"giftcard-category","embeddable":true,"href":"https:\/\/glamuur.ee\/et\/wp-json\/wp\/v2\/giftcard-category?post=240906"}],"curies":[{"name":"wp","href":"https:\/\/api.w.org\/{rel}","templated":true}]}}