{"id":240758,"date":"2023-09-21T12:08:20","date_gmt":"2023-09-21T12:08:20","guid":{"rendered":"https:\/\/glamuur.ee\/?post_type=product&#038;p=240758"},"modified":"2026-02-23T14:35:06","modified_gmt":"2026-02-23T12:35:06","slug":"bronzallure-necklace-wsbz02184-blu-aq","status":"publish","type":"product","link":"https:\/\/glamuur.ee\/et\/product\/bronzallure-necklace-wsbz02184-blu-aq\/","title":{"rendered":"Bronzallure Kaelakee"},"content":{"rendered":"<p>Bronzallure mitmepunane kaelakee, mis on valmistatud kuldse roosa alusega, 18 kt roosakullatud, koosneb kolmest forzatina ketist: pikim (80 cm) on lihtne, teisel on emailitud ripats nano kristallkivi (7\u00d77 mm) ja k\u00f5ige l\u00fchemal on v\u00e4ike kettaripats; pikendusotsaga homaarikinnitus.<\/p>\n<ul>\n<li>Kuldne roosa patenteeritud sulam<\/li>\n<li>Disainitud ja valmistatud Itaalias<\/li>\n<li>nikli- ja kaadmiumivaba<\/li>\n<li>H\u00fcpoallergeenne<\/li>\n<\/ul>\n<p>Materjal: Kuldsed roosid<br \/>\nKaal (g): 3.5<\/p>","protected":false},"excerpt":{"rendered":"<p>Bronzallure multi-strand necklace made on a Golden Ros\u00e9 base, 18kt rose gold plated, composed of three strands of forzatina chain: the longest (80 cm) is simple, the second features an enamelled pendant with a square nano crystal stone (7&#215;7 mm) and the shortest has a&#8230;<\/p>","protected":false},"featured_media":240752,"comment_status":"open","ping_status":"closed","template":"","meta":{"jetpack_post_was_ever_published":false},"product_brand":[],"product_cat":[195],"product_tag":[],"giftcard-category":[],"class_list":{"0":"post-240758","1":"product","2":"type-product","3":"status-publish","4":"has-post-thumbnail","6":"product_cat-bronzallure-necklaces","7":"pa_material-golden-rose","8":"pa_metal-color-rose-gold","9":"pa_product-brand-bronzallure","10":"pa_stone-color-blue","11":"pa_type-category-necklaces","13":"first","14":"instock","15":"taxable","16":"shipping-taxable","17":"purchasable","18":"product-type-simple"},"bundled_by":[],"bundle_stock_status":"instock","bundle_stock_quantity":1,"bundle_virtual":false,"bundle_layout":"","bundle_add_to_cart_form_location":"","bundle_editable_in_cart":false,"bundle_sold_individually_context":"","bundle_item_grouping":"","bundle_min_size":"","bundle_max_size":"","bundle_price":[],"bundled_items":[],"bundle_sell_ids":[],"etheme_brands":{"errors":{"invalid_taxonomy":["Lubamatu taksonoomia."]},"error_data":[]},"_links":{"self":[{"href":"https:\/\/glamuur.ee\/et\/wp-json\/wp\/v2\/product\/240758","targetHints":{"allow":["GET"]}}],"collection":[{"href":"https:\/\/glamuur.ee\/et\/wp-json\/wp\/v2\/product"}],"about":[{"href":"https:\/\/glamuur.ee\/et\/wp-json\/wp\/v2\/types\/product"}],"replies":[{"embeddable":true,"href":"https:\/\/glamuur.ee\/et\/wp-json\/wp\/v2\/comments?post=240758"}],"wp:featuredmedia":[{"embeddable":true,"href":"https:\/\/glamuur.ee\/et\/wp-json\/wp\/v2\/media\/240752"}],"wp:attachment":[{"href":"https:\/\/glamuur.ee\/et\/wp-json\/wp\/v2\/media?parent=240758"}],"wp:term":[{"taxonomy":"product_brand","embeddable":true,"href":"https:\/\/glamuur.ee\/et\/wp-json\/wp\/v2\/product_brand?post=240758"},{"taxonomy":"product_cat","embeddable":true,"href":"https:\/\/glamuur.ee\/et\/wp-json\/wp\/v2\/product_cat?post=240758"},{"taxonomy":"product_tag","embeddable":true,"href":"https:\/\/glamuur.ee\/et\/wp-json\/wp\/v2\/product_tag?post=240758"},{"taxonomy":"giftcard-category","embeddable":true,"href":"https:\/\/glamuur.ee\/et\/wp-json\/wp\/v2\/giftcard-category?post=240758"}],"curies":[{"name":"wp","href":"https:\/\/api.w.org\/{rel}","templated":true}]}}