{"id":240683,"date":"2023-09-21T11:54:05","date_gmt":"2023-09-21T11:54:05","guid":{"rendered":"https:\/\/glamuur.ee\/?post_type=product&#038;p=240683"},"modified":"2026-02-23T14:35:08","modified_gmt":"2026-02-23T12:35:08","slug":"bronzallure-earrings-wsbz02185-blu-aq","status":"publish","type":"product","link":"https:\/\/glamuur.ee\/et\/product\/bronzallure-earrings-wsbz02185-blu-aq\/","title":{"rendered":"Bronzallure K\u00f5rvar\u00f5ngad"},"content":{"rendered":"<div id=\"shopify-section-template--19681454784851__main\" class=\"shopify-section shopify-section--bordered\">\n<section class=\"Product Product--medium\" data-section-id=\"template--19681454784851__main\" data-section-type=\"product\" data-section-settings=\"{ &quot;enableHistoryState&quot;: true, &quot;templateSuffix&quot;: null, &quot;showInventoryQuantity&quot;: false, &quot;showSku&quot;: true, &quot;stackProductImages&quot;: false, &quot;showThumbnails&quot;: false, &quot;enableVideoLooping&quot;: false, &quot;inventoryQuantityThreshold&quot;: 0, &quot;showPriceInButton&quot;: false, &quot;enableImageZoom&quot;: true, &quot;showPaymentButton&quot;: false, &quot;useAjaxCart&quot;: true }\">\n<div class=\"Product__Wrapper\">\n<div class=\"Product__Gallery\">\n<div class=\"ProductMeta__Description desc_prod\">\n<div class=\"Rte\">\n<div id=\"accordion\">\n<div class=\"accordion-content default\">\n<p>Bronzallure ruudukujulised k\u00f5rvar\u00f5ngad, mis on valmistatud 18 kt roosakuldsest sulamist, kaunistatud emailitud alusega, millel paikneb ruudukujuline nanokristallkivi (7\u00d77 mm); n\u00f6\u00f6p ja liblikas.<\/p>\n<ul>\n<li>Kuldne roosa patenteeritud sulam<\/li>\n<li>Disainitud ja valmistatud Itaalias<\/li>\n<li>nikli- ja kaadmiumivaba<\/li>\n<li>H\u00fcpoallergeenne<\/li>\n<\/ul>\n<p>Materjal: Kuldsed roosid<br \/>\nKaal (g): 4<\/p>\n<\/div>\n<\/div>\n<\/div>\n<\/div>\n<\/div>\n<\/div>\n<div class=\"Product__OffScreen\"><\/div>\n<\/section>\n<\/div>\n<div id=\"shopify-section-template--19681454784851__product-recommendations\" class=\"shopify-section shopify-section--bordered\">\n<section class=\"Section Section--spacingNormal\" data-gtag-list=\"You might like them\" data-section-id=\"template--19681454784851__product-recommendations\" data-section-type=\"product-recommendations\" data-section-settings=\"{ &quot;productId&quot;: 8476487713107, &quot;recommendationsCount&quot;: 4 }\">\n<header class=\"SectionHeader SectionHeader--center\">\n<div class=\"Container\"><\/div>\n<\/header>\n<\/section>\n<\/div>","protected":false},"excerpt":{"rendered":"<p>Bronzallure square stud earrings made of Golden Ros\u00e9 alloy, 18kt rose gold plated, embellished with an enamelled base on which a square nano crystal stone (7&#215;7 mm) is positioned; stud and butterfly closure. Golden Ros\u00e9 patented alloy Designed and made in Italy Nickel free, cadmium&#8230;<\/p>","protected":false},"featured_media":240632,"comment_status":"open","ping_status":"closed","template":"","meta":{"jetpack_post_was_ever_published":false},"product_brand":[],"product_cat":[194,838],"product_tag":[],"giftcard-category":[],"class_list":{"0":"post-240683","1":"product","2":"type-product","3":"status-publish","4":"has-post-thumbnail","6":"product_cat-bronzallure-earrings","7":"product_cat-gift-ideas-for-graduates","8":"pa_material-golden-rose","9":"pa_metal-color-rose-gold","10":"pa_product-brand-bronzallure","11":"pa_stone-color-blue","12":"pa_type-category-earrings","14":"first","15":"instock","16":"taxable","17":"shipping-taxable","18":"purchasable","19":"product-type-simple"},"bundled_by":[],"bundle_stock_status":"instock","bundle_stock_quantity":1,"bundle_virtual":false,"bundle_layout":"","bundle_add_to_cart_form_location":"","bundle_editable_in_cart":false,"bundle_sold_individually_context":"","bundle_item_grouping":"","bundle_min_size":"","bundle_max_size":"","bundle_price":[],"bundled_items":[],"bundle_sell_ids":[],"etheme_brands":{"errors":{"invalid_taxonomy":["Lubamatu taksonoomia."]},"error_data":[]},"_links":{"self":[{"href":"https:\/\/glamuur.ee\/et\/wp-json\/wp\/v2\/product\/240683","targetHints":{"allow":["GET"]}}],"collection":[{"href":"https:\/\/glamuur.ee\/et\/wp-json\/wp\/v2\/product"}],"about":[{"href":"https:\/\/glamuur.ee\/et\/wp-json\/wp\/v2\/types\/product"}],"replies":[{"embeddable":true,"href":"https:\/\/glamuur.ee\/et\/wp-json\/wp\/v2\/comments?post=240683"}],"wp:featuredmedia":[{"embeddable":true,"href":"https:\/\/glamuur.ee\/et\/wp-json\/wp\/v2\/media\/240632"}],"wp:attachment":[{"href":"https:\/\/glamuur.ee\/et\/wp-json\/wp\/v2\/media?parent=240683"}],"wp:term":[{"taxonomy":"product_brand","embeddable":true,"href":"https:\/\/glamuur.ee\/et\/wp-json\/wp\/v2\/product_brand?post=240683"},{"taxonomy":"product_cat","embeddable":true,"href":"https:\/\/glamuur.ee\/et\/wp-json\/wp\/v2\/product_cat?post=240683"},{"taxonomy":"product_tag","embeddable":true,"href":"https:\/\/glamuur.ee\/et\/wp-json\/wp\/v2\/product_tag?post=240683"},{"taxonomy":"giftcard-category","embeddable":true,"href":"https:\/\/glamuur.ee\/et\/wp-json\/wp\/v2\/giftcard-category?post=240683"}],"curies":[{"name":"wp","href":"https:\/\/api.w.org\/{rel}","templated":true}]}}