{"id":240444,"date":"2023-09-21T10:57:36","date_gmt":"2023-09-21T10:57:36","guid":{"rendered":"https:\/\/glamuur.ee\/product\/bronzallure-ring-wsbz02201-bo-16\/"},"modified":"2026-02-23T14:31:09","modified_gmt":"2026-02-23T12:31:09","slug":"pronkssoorik-wsbz02201-bo-16","status":"publish","type":"product","link":"https:\/\/glamuur.ee\/et\/product\/bronzallure-ring-wsbz02201-bo-16\/","title":{"rendered":"Bronzallure s\u00f5rmus"},"content":{"rendered":"<p>Bronzallure kokteilis\u00f5rmus, mis on valmistatud 18 kt roosakullaga kaetud Golden Ros\u00e9 alusel, kaunistatud keerulise kinnitusega, millel paikneb ristk\u00fclikukujuline looduslik kivi (14,5 \u00d7 8,5 mm) smaragdl\u00f5ikega.<\/p>\n<p>Kuldne roosa patenteeritud sulam<\/p>\n<p>Disainitud ja valmistatud Itaalias<\/p>\n<p>Valitud looduslikud kivid<\/p>\n<p>nikli- ja kaadmiumivaba<\/p>\n<p>H\u00fcpoallergeenne<\/p>\n<p>Materjal: Kuldsed roosid<br \/>\nKaal (g): 7<\/p>","protected":false},"excerpt":{"rendered":"<p>Bronzallure cocktail ring made on a Golden Ros\u00e9 base, 18kt rose gold plated, embellished with an elaborate setting on which a rectangular natural stone (14.5&#215;8.5 mm) with an emerald cut is positioned. Golden Ros\u00e9 patented alloy Designed and made in Italy Selected natural stones Nickel&#8230;<\/p>","protected":false},"featured_media":240445,"comment_status":"open","ping_status":"closed","template":"","meta":{"jetpack_post_was_ever_published":false},"product_brand":[],"product_cat":[193,197,730,939,964],"product_tag":[],"giftcard-category":[],"class_list":{"0":"post-240444","1":"product","2":"type-product","3":"status-publish","4":"has-post-thumbnail","6":"product_cat-bronzallure","7":"product_cat-bronzallure-rings","8":"product_cat-rings","9":"product_cat-ti-sento-sale-europe","10":"product_cat-summer-sale-ti-sento","11":"pa_material-silver","12":"pa_metal-color-rose-gold","13":"pa_size-10-1600","14":"pa_size-12-1650","15":"pa_size-14-1700","16":"pa_size-16-1750","17":"pa_size-18-1800","18":"pa_size-20-1850","19":"pa_stone-color-black","20":"pa_type-category-rings","22":"first","23":"instock","24":"taxable","25":"shipping-taxable","26":"purchasable","27":"product-type-variable"},"bundled_by":[],"bundle_stock_status":"instock","bundle_stock_quantity":null,"bundle_virtual":false,"bundle_layout":"","bundle_add_to_cart_form_location":"","bundle_editable_in_cart":false,"bundle_sold_individually_context":"","bundle_item_grouping":"","bundle_min_size":"","bundle_max_size":"","bundle_price":[],"bundled_items":[],"bundle_sell_ids":[],"etheme_brands":{"errors":{"invalid_taxonomy":["Lubamatu taksonoomia."]},"error_data":[]},"_links":{"self":[{"href":"https:\/\/glamuur.ee\/et\/wp-json\/wp\/v2\/product\/240444","targetHints":{"allow":["GET"]}}],"collection":[{"href":"https:\/\/glamuur.ee\/et\/wp-json\/wp\/v2\/product"}],"about":[{"href":"https:\/\/glamuur.ee\/et\/wp-json\/wp\/v2\/types\/product"}],"replies":[{"embeddable":true,"href":"https:\/\/glamuur.ee\/et\/wp-json\/wp\/v2\/comments?post=240444"}],"wp:featuredmedia":[{"embeddable":true,"href":"https:\/\/glamuur.ee\/et\/wp-json\/wp\/v2\/media\/240445"}],"wp:attachment":[{"href":"https:\/\/glamuur.ee\/et\/wp-json\/wp\/v2\/media?parent=240444"}],"wp:term":[{"taxonomy":"product_brand","embeddable":true,"href":"https:\/\/glamuur.ee\/et\/wp-json\/wp\/v2\/product_brand?post=240444"},{"taxonomy":"product_cat","embeddable":true,"href":"https:\/\/glamuur.ee\/et\/wp-json\/wp\/v2\/product_cat?post=240444"},{"taxonomy":"product_tag","embeddable":true,"href":"https:\/\/glamuur.ee\/et\/wp-json\/wp\/v2\/product_tag?post=240444"},{"taxonomy":"giftcard-category","embeddable":true,"href":"https:\/\/glamuur.ee\/et\/wp-json\/wp\/v2\/giftcard-category?post=240444"}],"curies":[{"name":"wp","href":"https:\/\/api.w.org\/{rel}","templated":true}]}}