{"id":240388,"date":"2023-09-21T10:54:27","date_gmt":"2023-09-21T10:54:27","guid":{"rendered":"https:\/\/glamuur.ee\/product\/bronzallure-ring-wsbz02151-bo-16\/"},"modified":"2026-03-16T18:20:05","modified_gmt":"2026-03-16T16:20:05","slug":"pronkssoorik-wsbz02151-bo-16","status":"publish","type":"product","link":"https:\/\/glamuur.ee\/et\/product\/bronzallure-ring-wsbz02151-bo-16\/","title":{"rendered":"Bronzallure s\u00f5rmus"},"content":{"rendered":"<p>Bronzallure kokteilis\u00f5rmus, mis on valmistatud 18 kt roosakullaga kaetud kuldkangast, kaunistatud ovaalse kujuga (12\u00d717 mm) ja fassettpinnaga loodusliku keskse kiviga.<\/p>\n<p>Kuldne roosa patenteeritud sulam<\/p>\n<p>Disainitud ja valmistatud Itaalias<\/p>\n<p>Valitud looduslikud kivid<\/p>\n<p>nikli- ja kaadmiumivaba<\/p>\n<p>H\u00fcpoallergeenne<\/p>\n<p>Materjal: Kuldsed roosid<br \/>\nKaal (g): 11.8<\/p>","protected":false},"excerpt":{"rendered":"<p>Bronzallure cocktail ring made on a Golden Ros\u00e9 base, 18kt rose gold plated, embellished with a central natural stone with an oval shape (12&#215;17 mm) and a faceted surface. Golden Ros\u00e9 patented alloy Designed and made in Italy Selected natural stones Nickel free, cadmium free&#8230;<\/p>","protected":false},"featured_media":240389,"comment_status":"open","ping_status":"closed","template":"","meta":{"jetpack_post_was_ever_published":false},"product_brand":[],"product_cat":[193,197,730,939,964],"product_tag":[],"giftcard-category":[],"class_list":{"0":"post-240388","1":"product","2":"type-product","3":"status-publish","4":"has-post-thumbnail","6":"product_cat-bronzallure","7":"product_cat-bronzallure-rings","8":"product_cat-rings","9":"product_cat-ti-sento-sale-europe","10":"product_cat-summer-sale-ti-sento","11":"pa_material-silver","12":"pa_metal-color-rose-gold","13":"pa_size-10-1600","14":"pa_size-12-1650","15":"pa_size-14-1700","16":"pa_size-16-1750","17":"pa_size-18-1800","18":"pa_size-20-1850","19":"pa_stone-color-black","20":"pa_type-category-rings","22":"first","23":"instock","24":"taxable","25":"shipping-taxable","26":"purchasable","27":"product-type-variable"},"bundled_by":[],"bundle_stock_status":"instock","bundle_stock_quantity":null,"bundle_virtual":false,"bundle_layout":"","bundle_add_to_cart_form_location":"","bundle_editable_in_cart":false,"bundle_sold_individually_context":"","bundle_item_grouping":"","bundle_min_size":"","bundle_max_size":"","bundle_price":[],"bundled_items":[],"bundle_sell_ids":[],"etheme_brands":{"errors":{"invalid_taxonomy":["Lubamatu taksonoomia."]},"error_data":[]},"_links":{"self":[{"href":"https:\/\/glamuur.ee\/et\/wp-json\/wp\/v2\/product\/240388","targetHints":{"allow":["GET"]}}],"collection":[{"href":"https:\/\/glamuur.ee\/et\/wp-json\/wp\/v2\/product"}],"about":[{"href":"https:\/\/glamuur.ee\/et\/wp-json\/wp\/v2\/types\/product"}],"replies":[{"embeddable":true,"href":"https:\/\/glamuur.ee\/et\/wp-json\/wp\/v2\/comments?post=240388"}],"wp:featuredmedia":[{"embeddable":true,"href":"https:\/\/glamuur.ee\/et\/wp-json\/wp\/v2\/media\/240389"}],"wp:attachment":[{"href":"https:\/\/glamuur.ee\/et\/wp-json\/wp\/v2\/media?parent=240388"}],"wp:term":[{"taxonomy":"product_brand","embeddable":true,"href":"https:\/\/glamuur.ee\/et\/wp-json\/wp\/v2\/product_brand?post=240388"},{"taxonomy":"product_cat","embeddable":true,"href":"https:\/\/glamuur.ee\/et\/wp-json\/wp\/v2\/product_cat?post=240388"},{"taxonomy":"product_tag","embeddable":true,"href":"https:\/\/glamuur.ee\/et\/wp-json\/wp\/v2\/product_tag?post=240388"},{"taxonomy":"giftcard-category","embeddable":true,"href":"https:\/\/glamuur.ee\/et\/wp-json\/wp\/v2\/giftcard-category?post=240388"}],"curies":[{"name":"wp","href":"https:\/\/api.w.org\/{rel}","templated":true}]}}