{"id":240337,"date":"2023-09-21T10:52:23","date_gmt":"2023-09-21T10:52:23","guid":{"rendered":"https:\/\/glamuur.ee\/product\/bronzallure-ring-wsbz01198-rose-16\/"},"modified":"2025-09-11T17:50:50","modified_gmt":"2025-09-11T14:50:50","slug":"pronkssormus-wsbz01198-roosa-16","status":"publish","type":"product","link":"https:\/\/glamuur.ee\/et\/product\/bronzallure-ring-wsbz01198-rose-16\/","title":{"rendered":"Bronzallure s\u00f5rmus"},"content":{"rendered":"<p>Bronzallure'i pav\u00e9-tsirkooniumi ja kuldse roosiga s\u00fcdamest koosnev s\u00f5rmus esindab \u00fclimat naiselikkust, kombineerituna kaasaegse disainiga. Kuldse roosaga kullatud, 18 kt roosakuldne, romantiline ja ajatu ehe. \u00dchendage see s\u00fcdames\u00f5rmus koosk\u00f5lastatud n\u00f6\u00f6pk\u00f5rvar\u00f5ngaste ja kaelakeega ning t\u00e4iustage oma v\u00e4limust.<\/p>\n<p>- Golden Rose patenteeritud sulam<br \/>\n- 18KT roosa kuldkate<br \/>\n- Sertifitseeritud looduslikud kivid<br \/>\n- Disainitud ja valmistatud Itaalias<br \/>\n- nikli- ja kaadmiumivaba, h\u00fcpoallergeenne.<\/p>","protected":false},"excerpt":{"rendered":"<p>The heart ring in pav\u00e9 cubic zirconia and Golden Rose by Bronzallure represents the ultimate in femininity, combined with a contemporary design. A jewel in Golden Rose, 18kt rose gold plated, romantic and timeless. Pair this heart ring with the coordinating button earrings and necklace&#8230;<\/p>","protected":false},"featured_media":240338,"comment_status":"open","ping_status":"closed","template":"","meta":{"jetpack_post_was_ever_published":false},"product_brand":[],"product_cat":[193,197,980,730,939,964,941],"product_tag":[942],"giftcard-category":[],"class_list":{"0":"post-240337","1":"product","2":"type-product","3":"status-publish","4":"has-post-thumbnail","6":"product_cat-bronzallure","7":"product_cat-bronzallure-rings","8":"product_cat-ready-for-vacation","9":"product_cat-rings","10":"product_cat-ti-sento-sale-europe","11":"product_cat-summer-sale-ti-sento","12":"product_cat-valentines-day","13":"product_tag-valentines-day","14":"pa_material-silver","15":"pa_metal-color-rose-gold","16":"pa_size-10-1600","17":"pa_size-12-1650","18":"pa_size-14-1700","19":"pa_size-16-1750","20":"pa_size-18-1800","21":"pa_size-20-1850","22":"pa_stone-color-pink","23":"pa_type-category-rings","25":"first","26":"instock","27":"taxable","28":"shipping-taxable","29":"purchasable","30":"product-type-variable"},"bundled_by":[],"bundle_stock_status":"instock","bundle_stock_quantity":null,"bundle_virtual":false,"bundle_layout":"","bundle_add_to_cart_form_location":"","bundle_editable_in_cart":false,"bundle_sold_individually_context":"","bundle_item_grouping":"","bundle_min_size":"","bundle_max_size":"","bundle_price":[],"bundled_items":[],"bundle_sell_ids":[],"etheme_brands":{"errors":{"invalid_taxonomy":["Lubamatu taksonoomia."]},"error_data":[]},"_links":{"self":[{"href":"https:\/\/glamuur.ee\/et\/wp-json\/wp\/v2\/product\/240337","targetHints":{"allow":["GET"]}}],"collection":[{"href":"https:\/\/glamuur.ee\/et\/wp-json\/wp\/v2\/product"}],"about":[{"href":"https:\/\/glamuur.ee\/et\/wp-json\/wp\/v2\/types\/product"}],"replies":[{"embeddable":true,"href":"https:\/\/glamuur.ee\/et\/wp-json\/wp\/v2\/comments?post=240337"}],"wp:featuredmedia":[{"embeddable":true,"href":"https:\/\/glamuur.ee\/et\/wp-json\/wp\/v2\/media\/240338"}],"wp:attachment":[{"href":"https:\/\/glamuur.ee\/et\/wp-json\/wp\/v2\/media?parent=240337"}],"wp:term":[{"taxonomy":"product_brand","embeddable":true,"href":"https:\/\/glamuur.ee\/et\/wp-json\/wp\/v2\/product_brand?post=240337"},{"taxonomy":"product_cat","embeddable":true,"href":"https:\/\/glamuur.ee\/et\/wp-json\/wp\/v2\/product_cat?post=240337"},{"taxonomy":"product_tag","embeddable":true,"href":"https:\/\/glamuur.ee\/et\/wp-json\/wp\/v2\/product_tag?post=240337"},{"taxonomy":"giftcard-category","embeddable":true,"href":"https:\/\/glamuur.ee\/et\/wp-json\/wp\/v2\/giftcard-category?post=240337"}],"curies":[{"name":"wp","href":"https:\/\/api.w.org\/{rel}","templated":true}]}}