{"id":240282,"date":"2023-09-21T10:50:11","date_gmt":"2023-09-21T10:50:11","guid":{"rendered":"https:\/\/glamuur.ee\/product\/bronzallure-necklace-wsbz02210-whi-cz\/"},"modified":"2025-04-30T16:51:45","modified_gmt":"2025-04-30T13:51:45","slug":"pronkskaelakee-wsbz02210-whi-cz","status":"publish","type":"product","link":"https:\/\/glamuur.ee\/et\/product\/bronzallure-necklace-wsbz02210-whi-cz\/","title":{"rendered":"Bronzallure Kaelakee"},"content":{"rendered":"<p>Bronzallure pikk kaelakee, valmistatud kuldkollasest sulamist, 18 kt roosakullaga kaetud, forzatina kett, kaunistatud nelja \u00e9toiles'i jaamaga (19,5\u00d715,5 mm), millest kaks on perforeeritud kuldkollasest roosast ja kaks emailitud tsirkooniumi pav\u00e9ga, helendav kvaliteet; karabiinikinnitusega sulgemine.<\/p>\n<p>Kuldne roosa patenteeritud sulam<\/p>\n<p>Disainitud ja valmistatud Itaalias<\/p>\n<p>nikli- ja kaadmiumivaba<\/p>\n<p>H\u00fcpoallergeenne<\/p>\n<p>Materjal: Kuldsed roosid<br \/>\nPikkus (cm): 85.3<br \/>\nKaal (g): 20.5<\/p>","protected":false},"excerpt":{"rendered":"<p>Bronzallure long necklace made of Golden Ros\u00e9 alloy, 18kt rose gold plated, with forzatina chain embellished with four \u00e9toiles stations (19.5&#215;15.5 mm) including two in perforated golden ros\u00e9 and two enamelled with cubic zirconia pav\u00e9, luminous quality; lobster clasp closure. Golden Ros\u00e9 patented alloy Designed&#8230;<\/p>","protected":false},"featured_media":240283,"comment_status":"open","ping_status":"closed","template":"","meta":{"jetpack_post_was_ever_published":false},"product_brand":[],"product_cat":[193,195,727,939,964],"product_tag":[],"giftcard-category":[],"class_list":{"0":"post-240282","1":"product","2":"type-product","3":"status-publish","4":"has-post-thumbnail","6":"product_cat-bronzallure","7":"product_cat-bronzallure-necklaces","8":"product_cat-necklaces","9":"product_cat-ti-sento-sale-europe","10":"product_cat-summer-sale-ti-sento","11":"pa_material-golden-rose","12":"pa_metal-color-rose-gold","13":"pa_product-brand-bronzallure","14":"pa_stone-color-white","15":"pa_type-category-necklaces","17":"first","18":"instock","19":"taxable","20":"shipping-taxable","21":"purchasable","22":"product-type-simple"},"bundled_by":[],"bundle_stock_status":"instock","bundle_stock_quantity":1,"bundle_virtual":false,"bundle_layout":"","bundle_add_to_cart_form_location":"","bundle_editable_in_cart":false,"bundle_sold_individually_context":"","bundle_item_grouping":"","bundle_min_size":"","bundle_max_size":"","bundle_price":[],"bundled_items":[],"bundle_sell_ids":[],"etheme_brands":{"errors":{"invalid_taxonomy":["Lubamatu taksonoomia."]},"error_data":[]},"_links":{"self":[{"href":"https:\/\/glamuur.ee\/et\/wp-json\/wp\/v2\/product\/240282","targetHints":{"allow":["GET"]}}],"collection":[{"href":"https:\/\/glamuur.ee\/et\/wp-json\/wp\/v2\/product"}],"about":[{"href":"https:\/\/glamuur.ee\/et\/wp-json\/wp\/v2\/types\/product"}],"replies":[{"embeddable":true,"href":"https:\/\/glamuur.ee\/et\/wp-json\/wp\/v2\/comments?post=240282"}],"wp:featuredmedia":[{"embeddable":true,"href":"https:\/\/glamuur.ee\/et\/wp-json\/wp\/v2\/media\/240283"}],"wp:attachment":[{"href":"https:\/\/glamuur.ee\/et\/wp-json\/wp\/v2\/media?parent=240282"}],"wp:term":[{"taxonomy":"product_brand","embeddable":true,"href":"https:\/\/glamuur.ee\/et\/wp-json\/wp\/v2\/product_brand?post=240282"},{"taxonomy":"product_cat","embeddable":true,"href":"https:\/\/glamuur.ee\/et\/wp-json\/wp\/v2\/product_cat?post=240282"},{"taxonomy":"product_tag","embeddable":true,"href":"https:\/\/glamuur.ee\/et\/wp-json\/wp\/v2\/product_tag?post=240282"},{"taxonomy":"giftcard-category","embeddable":true,"href":"https:\/\/glamuur.ee\/et\/wp-json\/wp\/v2\/giftcard-category?post=240282"}],"curies":[{"name":"wp","href":"https:\/\/api.w.org\/{rel}","templated":true}]}}