{"id":240219,"date":"2023-09-21T10:46:56","date_gmt":"2023-09-21T10:46:56","guid":{"rendered":"https:\/\/glamuur.ee\/product\/bronzallure-necklace-wsbz02180-green\/"},"modified":"2026-03-16T18:20:04","modified_gmt":"2026-03-16T16:20:04","slug":"bronzallure-necklace-wsbz02180-green","status":"publish","type":"product","link":"https:\/\/glamuur.ee\/et\/product\/bronzallure-necklace-wsbz02180-green\/","title":{"rendered":"Bronzallure Kaelakee"},"content":{"rendered":"<p>Bronzallure necklace made on a Golden Ros\u00e9 base, 18kt rose gold plated, with rolo chain embellished with a pav\u00e9 counter-link and a square pendant (12&#215;12 mm) in nano crystal; lobster clasp with extender.<\/p>\n<p>Kuldne roosa patenteeritud sulam<br \/>\nDisainitud ja valmistatud Itaalias<br \/>\nnikli- ja kaadmiumivaba<br \/>\nH\u00fcpoallergeenne<\/p>\n<p>Materjal: Kuldsed roosid<br \/>\nLength (cm): 40<br \/>\nPikendusosa pikkus (cm): 3<br \/>\nKaal (g): 6<\/p>","protected":false},"excerpt":{"rendered":"<p>Bronzallure necklace made on a Golden Ros\u00e9 base, 18kt rose gold plated, with rolo chain embellished with a pav\u00e9 counter-link and a square pendant (12&#215;12 mm) in nano crystal; lobster clasp with extender. Golden Ros\u00e9 patented alloy Designed and made in Italy Nickel free, cadmium&#8230;<\/p>","protected":false},"featured_media":240220,"comment_status":"open","ping_status":"closed","template":"","meta":{"jetpack_post_was_ever_published":false},"product_brand":[],"product_cat":[193,195,727,980,964],"product_tag":[],"giftcard-category":[],"class_list":{"0":"post-240219","1":"product","2":"type-product","3":"status-publish","4":"has-post-thumbnail","6":"product_cat-bronzallure","7":"product_cat-bronzallure-necklaces","8":"product_cat-necklaces","9":"product_cat-ready-for-vacation","10":"product_cat-summer-sale-ti-sento","11":"pa_material-golden-rose","12":"pa_metal-color-rose-gold","13":"pa_product-brand-bronzallure","14":"pa_stone-color-green","15":"pa_type-category-necklaces","17":"first","18":"outofstock","19":"taxable","20":"shipping-taxable","21":"purchasable","22":"product-type-simple"},"bundled_by":[],"bundle_stock_status":"outofstock","bundle_stock_quantity":0,"bundle_virtual":false,"bundle_layout":"","bundle_add_to_cart_form_location":"","bundle_editable_in_cart":false,"bundle_sold_individually_context":"","bundle_item_grouping":"","bundle_min_size":"","bundle_max_size":"","bundle_price":[],"bundled_items":[],"bundle_sell_ids":[],"etheme_brands":{"errors":{"invalid_taxonomy":["Lubamatu taksonoomia."]},"error_data":[]},"_links":{"self":[{"href":"https:\/\/glamuur.ee\/et\/wp-json\/wp\/v2\/product\/240219","targetHints":{"allow":["GET"]}}],"collection":[{"href":"https:\/\/glamuur.ee\/et\/wp-json\/wp\/v2\/product"}],"about":[{"href":"https:\/\/glamuur.ee\/et\/wp-json\/wp\/v2\/types\/product"}],"replies":[{"embeddable":true,"href":"https:\/\/glamuur.ee\/et\/wp-json\/wp\/v2\/comments?post=240219"}],"wp:featuredmedia":[{"embeddable":true,"href":"https:\/\/glamuur.ee\/et\/wp-json\/wp\/v2\/media\/240220"}],"wp:attachment":[{"href":"https:\/\/glamuur.ee\/et\/wp-json\/wp\/v2\/media?parent=240219"}],"wp:term":[{"taxonomy":"product_brand","embeddable":true,"href":"https:\/\/glamuur.ee\/et\/wp-json\/wp\/v2\/product_brand?post=240219"},{"taxonomy":"product_cat","embeddable":true,"href":"https:\/\/glamuur.ee\/et\/wp-json\/wp\/v2\/product_cat?post=240219"},{"taxonomy":"product_tag","embeddable":true,"href":"https:\/\/glamuur.ee\/et\/wp-json\/wp\/v2\/product_tag?post=240219"},{"taxonomy":"giftcard-category","embeddable":true,"href":"https:\/\/glamuur.ee\/et\/wp-json\/wp\/v2\/giftcard-category?post=240219"}],"curies":[{"name":"wp","href":"https:\/\/api.w.org\/{rel}","templated":true}]}}