{"id":240197,"date":"2023-09-21T10:45:47","date_gmt":"2023-09-21T10:45:47","guid":{"rendered":"https:\/\/glamuur.ee\/product\/bronzallure-necklace-wsbz02173-am\/"},"modified":"2025-04-30T16:51:48","modified_gmt":"2025-04-30T13:51:48","slug":"bronzallure-necklace-wsbz02173-am","status":"publish","type":"product","link":"https:\/\/glamuur.ee\/et\/product\/bronzallure-necklace-wsbz02173-am\/","title":{"rendered":"Bronzallure Kaelakee"},"content":{"rendered":"<p>Bronzallure pikk kaelakee, mis on valmistatud 18 kt roosakullatud kuldkangast, rolo-kett, mis on kaunistatud kaheksa lilla amet\u00fcstiga lihvitud keraga (10 mm) ja nelja sileda keraga (12 mm) lavendliksest amet\u00fcstistist; karabiinikinnitus. Iga kivi k\u00fclgedel on kaks v\u00e4ikest kuldset roosakat seibikest.<\/p>\n<p>Kuldne roosa patenteeritud sulam<\/p>\n<p>Disainitud ja valmistatud Itaalias<\/p>\n<p>Valitud looduslikud kivid<\/p>\n<p>nikli- ja kaadmiumivaba<\/p>\n<p>H\u00fcpoallergeenne<\/p>\n<p>Materjal: Kuldsed roosid<br \/>\nLength (cm): 98<br \/>\nWeight (g): 39.4<\/p>","protected":false},"excerpt":{"rendered":"<p>Bronzallure long necklace made on a Golden Ros\u00e9 base, 18kt rose gold plated, with rolo chain embellished with eight faceted spheres (10 mm) in purple amethyst and four smooth spheres (12 mm) in lavender amethyst; lobster clasp. Each stone has two small golden ros\u00e9 washers&#8230;<\/p>","protected":false},"featured_media":240198,"comment_status":"open","ping_status":"closed","template":"","meta":{"jetpack_post_was_ever_published":false},"product_brand":[],"product_cat":[193,195,727,980,939,964],"product_tag":[],"giftcard-category":[],"class_list":{"0":"post-240197","1":"product","2":"type-product","3":"status-publish","4":"has-post-thumbnail","6":"product_cat-bronzallure","7":"product_cat-bronzallure-necklaces","8":"product_cat-necklaces","9":"product_cat-ready-for-vacation","10":"product_cat-ti-sento-sale-europe","11":"product_cat-summer-sale-ti-sento","12":"pa_material-golden-rose","13":"pa_metal-color-rose-gold","14":"pa_product-brand-bronzallure","15":"pa_stone-color-purple","16":"pa_type-category-necklaces","18":"first","19":"instock","20":"taxable","21":"shipping-taxable","22":"purchasable","23":"product-type-simple"},"bundled_by":[],"bundle_stock_status":"instock","bundle_stock_quantity":1,"bundle_virtual":false,"bundle_layout":"","bundle_add_to_cart_form_location":"","bundle_editable_in_cart":false,"bundle_sold_individually_context":"","bundle_item_grouping":"","bundle_min_size":"","bundle_max_size":"","bundle_price":[],"bundled_items":[],"bundle_sell_ids":[],"etheme_brands":{"errors":{"invalid_taxonomy":["Lubamatu taksonoomia."]},"error_data":[]},"_links":{"self":[{"href":"https:\/\/glamuur.ee\/et\/wp-json\/wp\/v2\/product\/240197","targetHints":{"allow":["GET"]}}],"collection":[{"href":"https:\/\/glamuur.ee\/et\/wp-json\/wp\/v2\/product"}],"about":[{"href":"https:\/\/glamuur.ee\/et\/wp-json\/wp\/v2\/types\/product"}],"replies":[{"embeddable":true,"href":"https:\/\/glamuur.ee\/et\/wp-json\/wp\/v2\/comments?post=240197"}],"wp:featuredmedia":[{"embeddable":true,"href":"https:\/\/glamuur.ee\/et\/wp-json\/wp\/v2\/media\/240198"}],"wp:attachment":[{"href":"https:\/\/glamuur.ee\/et\/wp-json\/wp\/v2\/media?parent=240197"}],"wp:term":[{"taxonomy":"product_brand","embeddable":true,"href":"https:\/\/glamuur.ee\/et\/wp-json\/wp\/v2\/product_brand?post=240197"},{"taxonomy":"product_cat","embeddable":true,"href":"https:\/\/glamuur.ee\/et\/wp-json\/wp\/v2\/product_cat?post=240197"},{"taxonomy":"product_tag","embeddable":true,"href":"https:\/\/glamuur.ee\/et\/wp-json\/wp\/v2\/product_tag?post=240197"},{"taxonomy":"giftcard-category","embeddable":true,"href":"https:\/\/glamuur.ee\/et\/wp-json\/wp\/v2\/giftcard-category?post=240197"}],"curies":[{"name":"wp","href":"https:\/\/api.w.org\/{rel}","templated":true}]}}