{"id":240129,"date":"2023-09-21T10:42:18","date_gmt":"2023-09-21T10:42:18","guid":{"rendered":"https:\/\/glamuur.ee\/product\/bronzallure-necklace-wsbz01200-blue\/"},"modified":"2026-02-23T14:30:53","modified_gmt":"2026-02-23T12:30:53","slug":"bronzallure-necklace-wsbz01200-blue","status":"publish","type":"product","link":"https:\/\/glamuur.ee\/et\/product\/bronzallure-necklace-wsbz01200-blue\/","title":{"rendered":"Bronzallure Kaelakee"},"content":{"rendered":"<p>Sellel lihtsal, kuid samas \u00fclimalt naiselikul s\u00fcdamega ripatsiga kaelakeelel on eri suurusega kuubiliste tsirkooniumidega Luminosa, mis annavad sellele erilise s\u00e4ra. Kuldses roosakas, 18 kt roosakullaga kaetud, romantiline ja ajatu ehe. \u00dchendage see s\u00fcdamega ripatsiga kaelakee koosk\u00f5lastatud k\u00f5rvar\u00f5ngastega ja t\u00e4iustage oma v\u00e4limust.<\/p>\n<p>- Golden Rose patenteeritud sulam <br \/>- 18KT roosa kuldkate <br \/>- Sertifitseeritud looduslikud kivid<br \/>- Disainitud ja valmistatud Itaalias <br \/>- nikli- ja kaadmiumivaba, h\u00fcpoallergeenne. <\/p>","protected":false},"excerpt":{"rendered":"<p>This necklace with heart pendant, simple but at the same time ultra-feminine, has a special pav\u00e9 with cubic zirconia Luminosa of different sizes that give it a special sparkle. A jewel in Golden Rose, 18kt rose gold plated, romantic and timeless. Pair this heart pendant&#8230;<\/p>","protected":false},"featured_media":240130,"comment_status":"open","ping_status":"closed","template":"","meta":{"jetpack_post_was_ever_published":false},"product_brand":[],"product_cat":[193,195,727,980,964],"product_tag":[],"giftcard-category":[],"class_list":{"0":"post-240129","1":"product","2":"type-product","3":"status-publish","4":"has-post-thumbnail","6":"product_cat-bronzallure","7":"product_cat-bronzallure-necklaces","8":"product_cat-necklaces","9":"product_cat-ready-for-vacation","10":"product_cat-summer-sale-ti-sento","11":"pa_material-golden-rose","12":"pa_metal-color-rose-gold","13":"pa_product-brand-bronzallure","14":"pa_stone-color-blue","15":"pa_type-category-necklaces","17":"first","18":"instock","19":"taxable","20":"shipping-taxable","21":"purchasable","22":"product-type-simple"},"bundled_by":[],"bundle_stock_status":"instock","bundle_stock_quantity":1,"bundle_virtual":false,"bundle_layout":"","bundle_add_to_cart_form_location":"","bundle_editable_in_cart":false,"bundle_sold_individually_context":"","bundle_item_grouping":"","bundle_min_size":"","bundle_max_size":"","bundle_price":[],"bundled_items":[],"bundle_sell_ids":[],"etheme_brands":{"errors":{"invalid_taxonomy":["Lubamatu taksonoomia."]},"error_data":[]},"_links":{"self":[{"href":"https:\/\/glamuur.ee\/et\/wp-json\/wp\/v2\/product\/240129","targetHints":{"allow":["GET"]}}],"collection":[{"href":"https:\/\/glamuur.ee\/et\/wp-json\/wp\/v2\/product"}],"about":[{"href":"https:\/\/glamuur.ee\/et\/wp-json\/wp\/v2\/types\/product"}],"replies":[{"embeddable":true,"href":"https:\/\/glamuur.ee\/et\/wp-json\/wp\/v2\/comments?post=240129"}],"wp:featuredmedia":[{"embeddable":true,"href":"https:\/\/glamuur.ee\/et\/wp-json\/wp\/v2\/media\/240130"}],"wp:attachment":[{"href":"https:\/\/glamuur.ee\/et\/wp-json\/wp\/v2\/media?parent=240129"}],"wp:term":[{"taxonomy":"product_brand","embeddable":true,"href":"https:\/\/glamuur.ee\/et\/wp-json\/wp\/v2\/product_brand?post=240129"},{"taxonomy":"product_cat","embeddable":true,"href":"https:\/\/glamuur.ee\/et\/wp-json\/wp\/v2\/product_cat?post=240129"},{"taxonomy":"product_tag","embeddable":true,"href":"https:\/\/glamuur.ee\/et\/wp-json\/wp\/v2\/product_tag?post=240129"},{"taxonomy":"giftcard-category","embeddable":true,"href":"https:\/\/glamuur.ee\/et\/wp-json\/wp\/v2\/giftcard-category?post=240129"}],"curies":[{"name":"wp","href":"https:\/\/api.w.org\/{rel}","templated":true}]}}