{"id":240109,"date":"2023-09-21T10:41:09","date_gmt":"2023-09-21T10:41:09","guid":{"rendered":"https:\/\/glamuur.ee\/product\/bronzallure-earrings-wsbz02209-whi-cz\/"},"modified":"2026-02-23T14:35:08","modified_gmt":"2026-02-23T12:35:08","slug":"pronkskorvarongad-wsbz02209-whi-cz","status":"publish","type":"product","link":"https:\/\/glamuur.ee\/et\/product\/bronzallure-earrings-wsbz02209-whi-cz\/","title":{"rendered":"Bronzallure K\u00f5rvar\u00f5ngad"},"content":{"rendered":"<p>Bronzallure ripatsk\u00f5rvar\u00f5ngad, valmistatud kuldsest roosade sulamist, 18 kt roosakullaga kaetud, kaunistatud kahe \u00e9toile-elemendiga, \u00fcks v\u00e4ike kuldsest roosast (14,5 \u00d7 11,5 mm) ja \u00fcks suur (19,5 \u00d7 15,5 mm) looduslikust kivist, mustast oon\u00fc\u00fcksist v\u00f5i valgest p\u00e4rlmutterist, kuubilise tsirkooniumiga pav\u00e9, helendav kvaliteet; n\u00f6\u00f6p ja liblikas sulgemine.<\/p>\n<p>Kuldne roosa patenteeritud sulam<br \/>\nDisainitud ja valmistatud Itaalias<br \/>\nValitud looduslikud kivid<br \/>\nnikli- ja kaadmiumivaba<br \/>\nH\u00fcpoallergeenne<\/p>\n<p>Materjal: Kuldsed roosid<br \/>\nKaal (g): 8.8<\/p>","protected":false},"excerpt":{"rendered":"<p>Bronzallure pendant earrings made of Golden Ros\u00e9 alloy, 18kt rose gold plated, embellished with two \u00e9toile elements, a small one in golden ros\u00e9 (14.5&#215;11.5 mm) and a large one (19.5&#215;15.5 mm) in natural stone, black onyx or white mother-of-pearl, with cubic zirconia pav\u00e9, luminous quality;&#8230;<\/p>","protected":false},"featured_media":240110,"comment_status":"open","ping_status":"closed","template":"","meta":{"jetpack_post_was_ever_published":false},"product_brand":[],"product_cat":[193,194,725,939,964],"product_tag":[],"giftcard-category":[],"class_list":{"0":"post-240109","1":"product","2":"type-product","3":"status-publish","4":"has-post-thumbnail","6":"product_cat-bronzallure","7":"product_cat-bronzallure-earrings","8":"product_cat-earrings","9":"product_cat-ti-sento-sale-europe","10":"product_cat-summer-sale-ti-sento","11":"pa_material-golden-rose","12":"pa_metal-color-rose-gold","13":"pa_product-brand-bronzallure","14":"pa_stone-color-white","15":"pa_type-category-earrings","17":"first","18":"instock","19":"taxable","20":"shipping-taxable","21":"purchasable","22":"product-type-simple"},"bundled_by":[],"bundle_stock_status":"instock","bundle_stock_quantity":2,"bundle_virtual":false,"bundle_layout":"","bundle_add_to_cart_form_location":"","bundle_editable_in_cart":false,"bundle_sold_individually_context":"","bundle_item_grouping":"","bundle_min_size":"","bundle_max_size":"","bundle_price":[],"bundled_items":[],"bundle_sell_ids":[],"etheme_brands":{"errors":{"invalid_taxonomy":["Lubamatu taksonoomia."]},"error_data":[]},"_links":{"self":[{"href":"https:\/\/glamuur.ee\/et\/wp-json\/wp\/v2\/product\/240109","targetHints":{"allow":["GET"]}}],"collection":[{"href":"https:\/\/glamuur.ee\/et\/wp-json\/wp\/v2\/product"}],"about":[{"href":"https:\/\/glamuur.ee\/et\/wp-json\/wp\/v2\/types\/product"}],"replies":[{"embeddable":true,"href":"https:\/\/glamuur.ee\/et\/wp-json\/wp\/v2\/comments?post=240109"}],"wp:featuredmedia":[{"embeddable":true,"href":"https:\/\/glamuur.ee\/et\/wp-json\/wp\/v2\/media\/240110"}],"wp:attachment":[{"href":"https:\/\/glamuur.ee\/et\/wp-json\/wp\/v2\/media?parent=240109"}],"wp:term":[{"taxonomy":"product_brand","embeddable":true,"href":"https:\/\/glamuur.ee\/et\/wp-json\/wp\/v2\/product_brand?post=240109"},{"taxonomy":"product_cat","embeddable":true,"href":"https:\/\/glamuur.ee\/et\/wp-json\/wp\/v2\/product_cat?post=240109"},{"taxonomy":"product_tag","embeddable":true,"href":"https:\/\/glamuur.ee\/et\/wp-json\/wp\/v2\/product_tag?post=240109"},{"taxonomy":"giftcard-category","embeddable":true,"href":"https:\/\/glamuur.ee\/et\/wp-json\/wp\/v2\/giftcard-category?post=240109"}],"curies":[{"name":"wp","href":"https:\/\/api.w.org\/{rel}","templated":true}]}}