{"id":240088,"date":"2023-09-21T10:40:04","date_gmt":"2023-09-21T10:40:04","guid":{"rendered":"https:\/\/glamuur.ee\/product\/bronzallure-earrings-wsbz02206-bo\/"},"modified":"2025-08-28T17:15:15","modified_gmt":"2025-08-28T14:15:15","slug":"pronkskorvarongad-wsbz02206-bo","status":"publish","type":"product","link":"https:\/\/glamuur.ee\/et\/product\/bronzallure-earrings-wsbz02206-bo\/","title":{"rendered":"Bronzallure K\u00f5rvar\u00f5ngad"},"content":{"rendered":"<p>Bronzallure ripatsk\u00f5rvar\u00f5ngad, mis on valmistatud 18 kt roosakuldsest sulamist, kaunistatud kahe \u00e9toile-elemendiga, \u00fcks v\u00e4ike (14,5 \u00d7 11,5 mm) ja \u00fcks suur (19,5 \u00d7 15,5 mm), mis on valmistatud mustast oon\u00fc\u00fcksist looduslikust kivist v\u00f5i valgest p\u00e4rlmutterist; n\u00f6\u00f6p ja liblikas.<\/p>\n<p>Kuldne roosa patenteeritud sulam<br \/>\nDisainitud ja valmistatud Itaalias<br \/>\nValitud looduslikud kivid<br \/>\nnikli- ja kaadmiumivaba<br \/>\nH\u00fcpoallergeenne<\/p>\n<p>Materjal: Kuldsed roosid<br \/>\nKaal (g): 5.8<\/p>","protected":false},"excerpt":{"rendered":"<p>Bronzallure pendant earrings made of Golden Ros\u00e9 alloy, 18kt rose gold plated, embellished with two \u00e9toile elements, one small (14.5&#215;11.5 mm) and one large (19.5&#215;15.5 mm) made of black onyx natural stone or white mother-of-pearl; stud and butterfly closure. Golden Ros\u00e9 patented alloy Designed and&#8230;<\/p>","protected":false},"featured_media":240089,"comment_status":"open","ping_status":"closed","template":"","meta":{"jetpack_post_was_ever_published":false},"product_brand":[],"product_cat":[193,194,725,939,964],"product_tag":[],"giftcard-category":[],"class_list":{"0":"post-240088","1":"product","2":"type-product","3":"status-publish","4":"has-post-thumbnail","6":"product_cat-bronzallure","7":"product_cat-bronzallure-earrings","8":"product_cat-earrings","9":"product_cat-ti-sento-sale-europe","10":"product_cat-summer-sale-ti-sento","11":"pa_material-golden-rose","12":"pa_metal-color-rose-gold","13":"pa_product-brand-bronzallure","14":"pa_stone-color-black","15":"pa_type-category-earrings","17":"first","18":"outofstock","19":"taxable","20":"shipping-taxable","21":"purchasable","22":"product-type-simple"},"bundled_by":[],"bundle_stock_status":"outofstock","bundle_stock_quantity":0,"bundle_virtual":false,"bundle_layout":"","bundle_add_to_cart_form_location":"","bundle_editable_in_cart":false,"bundle_sold_individually_context":"","bundle_item_grouping":"","bundle_min_size":"","bundle_max_size":"","bundle_price":[],"bundled_items":[],"bundle_sell_ids":[],"etheme_brands":{"errors":{"invalid_taxonomy":["Lubamatu taksonoomia."]},"error_data":[]},"_links":{"self":[{"href":"https:\/\/glamuur.ee\/et\/wp-json\/wp\/v2\/product\/240088","targetHints":{"allow":["GET"]}}],"collection":[{"href":"https:\/\/glamuur.ee\/et\/wp-json\/wp\/v2\/product"}],"about":[{"href":"https:\/\/glamuur.ee\/et\/wp-json\/wp\/v2\/types\/product"}],"replies":[{"embeddable":true,"href":"https:\/\/glamuur.ee\/et\/wp-json\/wp\/v2\/comments?post=240088"}],"wp:featuredmedia":[{"embeddable":true,"href":"https:\/\/glamuur.ee\/et\/wp-json\/wp\/v2\/media\/240089"}],"wp:attachment":[{"href":"https:\/\/glamuur.ee\/et\/wp-json\/wp\/v2\/media?parent=240088"}],"wp:term":[{"taxonomy":"product_brand","embeddable":true,"href":"https:\/\/glamuur.ee\/et\/wp-json\/wp\/v2\/product_brand?post=240088"},{"taxonomy":"product_cat","embeddable":true,"href":"https:\/\/glamuur.ee\/et\/wp-json\/wp\/v2\/product_cat?post=240088"},{"taxonomy":"product_tag","embeddable":true,"href":"https:\/\/glamuur.ee\/et\/wp-json\/wp\/v2\/product_tag?post=240088"},{"taxonomy":"giftcard-category","embeddable":true,"href":"https:\/\/glamuur.ee\/et\/wp-json\/wp\/v2\/giftcard-category?post=240088"}],"curies":[{"name":"wp","href":"https:\/\/api.w.org\/{rel}","templated":true}]}}