{"id":239990,"date":"2023-09-21T10:34:57","date_gmt":"2023-09-21T10:34:57","guid":{"rendered":"https:\/\/glamuur.ee\/product\/bronzallure-earrings-wsbz02150-bo\/"},"modified":"2026-03-16T18:20:04","modified_gmt":"2026-03-16T16:20:04","slug":"pronkskorvarongad-wsbz02150-bo","status":"publish","type":"product","link":"https:\/\/glamuur.ee\/et\/product\/bronzallure-earrings-wsbz02150-bo\/","title":{"rendered":"Bronzallure K\u00f5rvar\u00f5ngad"},"content":{"rendered":"<p>Bronzallure k\u00f5rvar\u00f5ngad, valmistatud kuldkollasest sulamist, 18 kt roosakullaga kaetud, ovaalse kujuga loodusliku kiviga (12,5\u00d79 mm) ja fassetiga; sulgemisn\u00f5el ja klamber.<\/p>\n<p>Kuldne roosa patenteeritud sulam<\/p>\n<p>Disainitud ja valmistatud Itaalias<\/p>\n<p>Valitud looduslikud kivid<\/p>\n<p>nikli- ja kaadmiumivaba<\/p>\n<p>H\u00fcpoallergeenne<\/p>\n<p>Materjal: Kuldsed roosid<br \/>\nKaal (g): 7<\/p>","protected":false},"excerpt":{"rendered":"<p>Bronzallure lobe earrings made of Golden Ros\u00e9 alloy, 18kt rose gold plated, with oval-shaped natural stone (12.5&#215;9 mm) and faceted surface; pin and clip closure. Golden Ros\u00e9 patented alloy Designed and made in Italy Selected natural stones Nickel free, cadmium free Hypoallergenic Material: Golden roses&#8230;<\/p>","protected":false},"featured_media":239991,"comment_status":"open","ping_status":"closed","template":"","meta":{"jetpack_post_was_ever_published":false},"product_brand":[],"product_cat":[193,194,725,939,964],"product_tag":[],"giftcard-category":[],"class_list":{"0":"post-239990","1":"product","2":"type-product","3":"status-publish","4":"has-post-thumbnail","6":"product_cat-bronzallure","7":"product_cat-bronzallure-earrings","8":"product_cat-earrings","9":"product_cat-ti-sento-sale-europe","10":"product_cat-summer-sale-ti-sento","11":"pa_material-golden-rose","12":"pa_metal-color-rose-gold","13":"pa_product-brand-bronzallure","14":"pa_stone-color-black","15":"pa_type-category-earrings","17":"first","18":"outofstock","19":"taxable","20":"shipping-taxable","21":"purchasable","22":"product-type-simple"},"bundled_by":[],"bundle_stock_status":"outofstock","bundle_stock_quantity":0,"bundle_virtual":false,"bundle_layout":"","bundle_add_to_cart_form_location":"","bundle_editable_in_cart":false,"bundle_sold_individually_context":"","bundle_item_grouping":"","bundle_min_size":"","bundle_max_size":"","bundle_price":[],"bundled_items":[],"bundle_sell_ids":[],"etheme_brands":{"errors":{"invalid_taxonomy":["Lubamatu taksonoomia."]},"error_data":[]},"_links":{"self":[{"href":"https:\/\/glamuur.ee\/et\/wp-json\/wp\/v2\/product\/239990","targetHints":{"allow":["GET"]}}],"collection":[{"href":"https:\/\/glamuur.ee\/et\/wp-json\/wp\/v2\/product"}],"about":[{"href":"https:\/\/glamuur.ee\/et\/wp-json\/wp\/v2\/types\/product"}],"replies":[{"embeddable":true,"href":"https:\/\/glamuur.ee\/et\/wp-json\/wp\/v2\/comments?post=239990"}],"wp:featuredmedia":[{"embeddable":true,"href":"https:\/\/glamuur.ee\/et\/wp-json\/wp\/v2\/media\/239991"}],"wp:attachment":[{"href":"https:\/\/glamuur.ee\/et\/wp-json\/wp\/v2\/media?parent=239990"}],"wp:term":[{"taxonomy":"product_brand","embeddable":true,"href":"https:\/\/glamuur.ee\/et\/wp-json\/wp\/v2\/product_brand?post=239990"},{"taxonomy":"product_cat","embeddable":true,"href":"https:\/\/glamuur.ee\/et\/wp-json\/wp\/v2\/product_cat?post=239990"},{"taxonomy":"product_tag","embeddable":true,"href":"https:\/\/glamuur.ee\/et\/wp-json\/wp\/v2\/product_tag?post=239990"},{"taxonomy":"giftcard-category","embeddable":true,"href":"https:\/\/glamuur.ee\/et\/wp-json\/wp\/v2\/giftcard-category?post=239990"}],"curies":[{"name":"wp","href":"https:\/\/api.w.org\/{rel}","templated":true}]}}