{"id":239869,"date":"2023-09-21T10:28:14","date_gmt":"2023-09-21T10:28:14","guid":{"rendered":"https:\/\/glamuur.ee\/product\/bronzallure-bracelet-wsbz02205-wm\/"},"modified":"2025-05-01T23:26:36","modified_gmt":"2025-05-01T20:26:36","slug":"pronksvalge-kaevoru-wsbz02205-wm","status":"publish","type":"product","link":"https:\/\/glamuur.ee\/et\/product\/bronzallure-bracelet-wsbz02205-wm\/","title":{"rendered":"Bronzallure K\u00e4ev\u00f5ru"},"content":{"rendered":"<p>Bronzallure k\u00e4ev\u00f5ru, mis on valmistatud 18 kt roosakullatud kullasulamist kuldkangast Golden Ros\u00e9 sulamist, forzatina ketiga, mis on kaunistatud kolme musta oon\u00fc\u00fcksist looduskiviga v\u00f5i valge p\u00e4rlmutteriga \u00e9toiles'iga (14,5 \u00d7 11,5 mm); karabiinikinnitus koos pikendajaga.<\/p>\n<p>Kuldne roosa patenteeritud sulam<br \/>\nDisainitud ja valmistatud Itaalias<br \/>\nValitud looduslikud kivid<br \/>\nnikli- ja kaadmiumivaba<br \/>\nH\u00fcpoallergeenne<\/p>\n<p>Materjal: Kuldsed roosid<br \/>\nPikkus (cm): 17<br \/>\nPikendusosa pikkus (cm): 3<br \/>\nKaal (g): 6<\/p>","protected":false},"excerpt":{"rendered":"<p>Bronzallure bracelet made of Golden Ros\u00e9 alloy, 18kt rose gold plated, with forzatina chain embellished with three \u00e9toiles stations (14.5&#215;11.5 mm) in black onyx natural stone or white mother-of-pearl; lobster clasp with extender. Golden Ros\u00e9 patented alloy Designed and made in Italy Selected natural stones&#8230;<\/p>","protected":false},"featured_media":239870,"comment_status":"open","ping_status":"closed","template":"","meta":{"jetpack_post_was_ever_published":false},"product_brand":[],"product_cat":[726,193,196,968,945,939,964],"product_tag":[],"giftcard-category":[],"class_list":{"0":"post-239869","1":"product","2":"type-product","3":"status-publish","4":"has-post-thumbnail","6":"product_cat-bracelets","7":"product_cat-bronzallure","8":"product_cat-bronzallure-bracelets","9":"product_cat-mothers-day-2025-ti-sento","10":"product_cat-pearls","11":"product_cat-ti-sento-sale-europe","12":"product_cat-summer-sale-ti-sento","13":"pa_material-golden-rose","14":"pa_metal-color-rose-gold","15":"pa_product-brand-bronzallure","16":"pa_stone-color-pearl","17":"pa_type-category-bracelets","19":"first","20":"instock","21":"taxable","22":"shipping-taxable","23":"purchasable","24":"product-type-simple"},"bundled_by":[],"bundle_stock_status":"instock","bundle_stock_quantity":2,"bundle_virtual":false,"bundle_layout":"","bundle_add_to_cart_form_location":"","bundle_editable_in_cart":false,"bundle_sold_individually_context":"","bundle_item_grouping":"","bundle_min_size":"","bundle_max_size":"","bundle_price":[],"bundled_items":[],"bundle_sell_ids":[],"etheme_brands":{"errors":{"invalid_taxonomy":["Lubamatu taksonoomia."]},"error_data":[]},"_links":{"self":[{"href":"https:\/\/glamuur.ee\/et\/wp-json\/wp\/v2\/product\/239869","targetHints":{"allow":["GET"]}}],"collection":[{"href":"https:\/\/glamuur.ee\/et\/wp-json\/wp\/v2\/product"}],"about":[{"href":"https:\/\/glamuur.ee\/et\/wp-json\/wp\/v2\/types\/product"}],"replies":[{"embeddable":true,"href":"https:\/\/glamuur.ee\/et\/wp-json\/wp\/v2\/comments?post=239869"}],"wp:featuredmedia":[{"embeddable":true,"href":"https:\/\/glamuur.ee\/et\/wp-json\/wp\/v2\/media\/239870"}],"wp:attachment":[{"href":"https:\/\/glamuur.ee\/et\/wp-json\/wp\/v2\/media?parent=239869"}],"wp:term":[{"taxonomy":"product_brand","embeddable":true,"href":"https:\/\/glamuur.ee\/et\/wp-json\/wp\/v2\/product_brand?post=239869"},{"taxonomy":"product_cat","embeddable":true,"href":"https:\/\/glamuur.ee\/et\/wp-json\/wp\/v2\/product_cat?post=239869"},{"taxonomy":"product_tag","embeddable":true,"href":"https:\/\/glamuur.ee\/et\/wp-json\/wp\/v2\/product_tag?post=239869"},{"taxonomy":"giftcard-category","embeddable":true,"href":"https:\/\/glamuur.ee\/et\/wp-json\/wp\/v2\/giftcard-category?post=239869"}],"curies":[{"name":"wp","href":"https:\/\/api.w.org\/{rel}","templated":true}]}}