{"id":238613,"date":"2024-09-26T18:23:26","date_gmt":"2024-09-26T15:23:26","guid":{"rendered":"https:\/\/glamuur.ee\/product\/ti-sento-milano-earrings-7945nu\/"},"modified":"2026-02-16T14:09:35","modified_gmt":"2026-02-16T12:09:35","slug":"ti-sento-milano-korvarongad-7945nu","status":"publish","type":"product","link":"https:\/\/glamuur.ee\/et\/product\/ti-sento-milano-earrings-7945nu\/","title":{"rendered":"TI SENTO - Milano k\u00f5rvar\u00f5ngad"},"content":{"rendered":"<p>Need TI SENTO kullatud k\u00f5rvar\u00f5ngad 7945NU on kaunistatud roosade kividega, mida \u00fcmbritsevad elegantsed geomeetrilised seadistused, mis loovad harmoonilise tasakaalu kaasaegse elegantsi ja ajatu ilu vahel. T\u00e4iuslik segu moodsast geomeetrilisest disainist ja pehmest, naiselikust elegantsist. K\u00f5rvar\u00f5ngad on t\u00e4ielikult valmistatud esmaklassilisest 925 sterlingh\u00f5bedast ja kaetud kollase kullaga, mis annab k\u00fcllusliku ja sooja puudutuse. Las need kaunistavad teie k\u00f5rvu oma tagasihoidliku luksuse ja moodsa geomeetrilise v\u00f5lu poolest. V\u00e4rskendage oma naeratust nende naiselike kalliskividega. K\u00f5ik meie k\u00f5rvar\u00f5ngad on niklivabad ja h\u00fcpoallergeensed.<\/p>","protected":false},"excerpt":{"rendered":"<p>These TI SENTO gold-plated earrings 7945NU feature captivating nude pink stones embraced by sleek geometric settings, exuding a harmonious balance of contemporary flair and timeless beauty. The perfect blend of modern geometric design and soft, feminine elegance. The earrings are entirely crafted from premium 925&#8230;<\/p>","protected":false},"featured_media":237190,"comment_status":"open","ping_status":"closed","template":"","meta":{"jetpack_post_was_ever_published":false},"product_brand":[],"product_cat":[725,599,72,143],"product_tag":[],"giftcard-category":[],"class_list":{"0":"post-238613","1":"product","2":"type-product","3":"status-publish","4":"has-post-thumbnail","6":"product_cat-earrings","7":"product_cat-sale","8":"product_cat-ti-sento-milano","9":"product_cat-ti-sento-milano-earrings","10":"pa_material-silver","11":"pa_metal-color-yellow-gold","12":"pa_product-brand-ti-sento-milano","13":"pa_stone-color-beige","14":"pa_type-category-earrings","16":"first","17":"instock","18":"taxable","19":"shipping-taxable","20":"purchasable","21":"product-type-simple"},"bundled_by":[],"bundle_stock_status":"instock","bundle_stock_quantity":7,"bundle_virtual":false,"bundle_layout":"","bundle_add_to_cart_form_location":"","bundle_editable_in_cart":false,"bundle_sold_individually_context":"","bundle_item_grouping":"","bundle_min_size":"","bundle_max_size":"","bundle_price":[],"bundled_items":[],"bundle_sell_ids":[],"etheme_brands":{"errors":{"invalid_taxonomy":["Lubamatu taksonoomia."]},"error_data":[]},"_links":{"self":[{"href":"https:\/\/glamuur.ee\/et\/wp-json\/wp\/v2\/product\/238613","targetHints":{"allow":["GET"]}}],"collection":[{"href":"https:\/\/glamuur.ee\/et\/wp-json\/wp\/v2\/product"}],"about":[{"href":"https:\/\/glamuur.ee\/et\/wp-json\/wp\/v2\/types\/product"}],"replies":[{"embeddable":true,"href":"https:\/\/glamuur.ee\/et\/wp-json\/wp\/v2\/comments?post=238613"}],"wp:featuredmedia":[{"embeddable":true,"href":"https:\/\/glamuur.ee\/et\/wp-json\/wp\/v2\/media\/237190"}],"wp:attachment":[{"href":"https:\/\/glamuur.ee\/et\/wp-json\/wp\/v2\/media?parent=238613"}],"wp:term":[{"taxonomy":"product_brand","embeddable":true,"href":"https:\/\/glamuur.ee\/et\/wp-json\/wp\/v2\/product_brand?post=238613"},{"taxonomy":"product_cat","embeddable":true,"href":"https:\/\/glamuur.ee\/et\/wp-json\/wp\/v2\/product_cat?post=238613"},{"taxonomy":"product_tag","embeddable":true,"href":"https:\/\/glamuur.ee\/et\/wp-json\/wp\/v2\/product_tag?post=238613"},{"taxonomy":"giftcard-category","embeddable":true,"href":"https:\/\/glamuur.ee\/et\/wp-json\/wp\/v2\/giftcard-category?post=238613"}],"curies":[{"name":"wp","href":"https:\/\/api.w.org\/{rel}","templated":true}]}}