{"id":238586,"date":"2023-09-14T17:53:30","date_gmt":"2023-09-14T14:53:30","guid":{"rendered":"https:\/\/glamuur.ee\/product\/ti-sento-milano-pendant-6826pi\/"},"modified":"2026-02-16T13:59:39","modified_gmt":"2026-02-16T11:59:39","slug":"ti-sento-milano-ripats-6826pi","status":"publish","type":"product","link":"https:\/\/glamuur.ee\/et\/product\/ti-sento-milano-pendant-6826pi\/","title":{"rendered":"TI SENTO \u2013 Milano ripats"},"content":{"rendered":"<p>Sellel TI SENTO h\u00f5bedast sodiaagiripatsil 6826PI on unen\u00e4oline kalade t\u00e4htkuju. Kaastunde, intuitsiooni ja kunstilise v\u00e4ljenduse s\u00fcmbol, Kalade t\u00e4htkuju all s\u00fcndinud on kaastundlikud ja fantaasiarikkad hinged. Kala t\u00e4htkuju on valmistatud esmaklassilisest 925 sterlingh\u00f5bedast, see on kullatud ja sisaldab kuubilise tsirkooniumiga kive, mis on asetatud unen\u00e4olisele p\u00e4rlmutterm\u00fcndrile. Helendavate tsirkooniumkivide pav\u00e9 kaunistab klamberr\u00f5ngast, mis v\u00f5imaldab ripatsit kinnitada mis tahes kaelakeele k\u00fclge. \u00dchendage end \u00fcmbritseva kosmilise energiaga ja t\u00e4histage oma ainulaadset Kalade vaimu selle lummava ehtekoruga. K\u00f5ik meie ripatsid on niklivabad ja h\u00fcpoallergeensed.<\/p>","protected":false},"excerpt":{"rendered":"<p>This TI SENTO zodiac silver pendant 6826PI features the dreamy Pisces star sign. Symbol of empathy, intuition, and artistic expression, those born under Pisces are compassionate and imaginative souls. Crafted from premium 925 sterling silver, the Pisces constellation is gold-plated and showcases cubic zirconia stones&#8230;<\/p>","protected":false},"featured_media":241672,"comment_status":"open","ping_status":"closed","template":"","meta":{"jetpack_post_was_ever_published":false},"product_brand":[],"product_cat":[968,945,729,706,72,149,813,842],"product_tag":[935],"giftcard-category":[],"class_list":{"0":"post-238586","1":"product","2":"type-product","3":"status-publish","4":"has-post-thumbnail","6":"product_cat-mothers-day-2025-ti-sento","7":"product_cat-pearls","8":"product_cat-pendants","9":"product_cat-the-zodiac-collection","10":"product_cat-ti-sento-milano","11":"product_cat-ti-sento-milano-pendants","12":"product_cat-womens-day","13":"product_cat-zodiacs","14":"product_tag-special-collections","15":"pa_material-silver","16":"pa_metal-color-yellow-gold","17":"pa_product-brand-ti-sento-milano","18":"pa_stone-color-pearl","20":"first","21":"instock","22":"taxable","23":"shipping-taxable","24":"purchasable","25":"product-type-simple"},"bundled_by":[],"bundle_stock_status":"instock","bundle_stock_quantity":1,"bundle_virtual":false,"bundle_layout":"","bundle_add_to_cart_form_location":"","bundle_editable_in_cart":false,"bundle_sold_individually_context":"","bundle_item_grouping":"","bundle_min_size":"","bundle_max_size":"","bundle_price":[],"bundled_items":[],"bundle_sell_ids":[],"etheme_brands":{"errors":{"invalid_taxonomy":["Lubamatu taksonoomia."]},"error_data":[]},"_links":{"self":[{"href":"https:\/\/glamuur.ee\/et\/wp-json\/wp\/v2\/product\/238586","targetHints":{"allow":["GET"]}}],"collection":[{"href":"https:\/\/glamuur.ee\/et\/wp-json\/wp\/v2\/product"}],"about":[{"href":"https:\/\/glamuur.ee\/et\/wp-json\/wp\/v2\/types\/product"}],"replies":[{"embeddable":true,"href":"https:\/\/glamuur.ee\/et\/wp-json\/wp\/v2\/comments?post=238586"}],"wp:featuredmedia":[{"embeddable":true,"href":"https:\/\/glamuur.ee\/et\/wp-json\/wp\/v2\/media\/241672"}],"wp:attachment":[{"href":"https:\/\/glamuur.ee\/et\/wp-json\/wp\/v2\/media?parent=238586"}],"wp:term":[{"taxonomy":"product_brand","embeddable":true,"href":"https:\/\/glamuur.ee\/et\/wp-json\/wp\/v2\/product_brand?post=238586"},{"taxonomy":"product_cat","embeddable":true,"href":"https:\/\/glamuur.ee\/et\/wp-json\/wp\/v2\/product_cat?post=238586"},{"taxonomy":"product_tag","embeddable":true,"href":"https:\/\/glamuur.ee\/et\/wp-json\/wp\/v2\/product_tag?post=238586"},{"taxonomy":"giftcard-category","embeddable":true,"href":"https:\/\/glamuur.ee\/et\/wp-json\/wp\/v2\/giftcard-category?post=238586"}],"curies":[{"name":"wp","href":"https:\/\/api.w.org\/{rel}","templated":true}]}}