{"id":23831,"date":"2023-01-06T17:13:00","date_gmt":"2023-01-06T15:13:00","guid":{"rendered":"https:\/\/dev.glamuur.ee\/product\/ania-haie-necklace-n015-01h\/"},"modified":"2026-04-14T15:45:07","modified_gmt":"2026-04-14T12:45:07","slug":"ania-haie-kaelakee-n015-01h","status":"publish","type":"product","link":"https:\/\/glamuur.ee\/et\/product\/ania-haie-necklace-n015-01h\/","title":{"rendered":"Ania Haie Necklace N015-01H"},"content":{"rendered":"<p>Kaelakee kogupikkus = 60cm<br \/>\nPikkus, kui seda kantakse, on muutuv, kuna t\u00f6\u00f6tab liuguri p\u00f5him\u00f5ttel.<br \/>\nTopelt ripatsi pikkus = 3.5cm<br \/>\nRipatsi langus k\u00f5ige laiemas kohas = 1,5cm<\/p>","protected":false},"excerpt":{"rendered":"<p>Kaelakee kogupikkus = 60cm Kandmise pikkus on muutuv, kuna t\u00f6\u00f6tab liuguri p\u00f5him\u00f5ttel Topelt ripatsite pikkus = 3.5cm Ripatsite pikkus k\u00f5ige laiemas punktis = 1.5cm.<\/p>","protected":false},"featured_media":45136,"comment_status":"open","ping_status":"closed","template":"","meta":{"jetpack_post_was_ever_published":false},"product_brand":[],"product_cat":[200,202,727],"product_tag":[],"giftcard-category":[],"class_list":{"0":"post-23831","1":"product","2":"type-product","3":"status-publish","4":"has-post-thumbnail","6":"product_cat-ania-haie","7":"product_cat-ania-haie-necklace","8":"product_cat-necklaces","9":"pa_material-silver","10":"pa_metal-color-silver","11":"pa_product-brand-ania-haie","12":"pa_stone-color-without-stones","13":"pa_type-category-necklaces","15":"first","16":"instock","17":"featured","18":"taxable","19":"shipping-taxable","20":"purchasable","21":"product-type-simple"},"bundled_by":[],"bundle_stock_status":"instock","bundle_stock_quantity":8,"bundle_virtual":false,"bundle_layout":"","bundle_add_to_cart_form_location":"","bundle_editable_in_cart":false,"bundle_sold_individually_context":"","bundle_item_grouping":"","bundle_min_size":"","bundle_max_size":"","bundle_price":[],"bundled_items":[],"bundle_sell_ids":[],"etheme_brands":{"errors":{"invalid_taxonomy":["Lubamatu taksonoomia."]},"error_data":[]},"_links":{"self":[{"href":"https:\/\/glamuur.ee\/et\/wp-json\/wp\/v2\/product\/23831","targetHints":{"allow":["GET"]}}],"collection":[{"href":"https:\/\/glamuur.ee\/et\/wp-json\/wp\/v2\/product"}],"about":[{"href":"https:\/\/glamuur.ee\/et\/wp-json\/wp\/v2\/types\/product"}],"replies":[{"embeddable":true,"href":"https:\/\/glamuur.ee\/et\/wp-json\/wp\/v2\/comments?post=23831"}],"wp:featuredmedia":[{"embeddable":true,"href":"https:\/\/glamuur.ee\/et\/wp-json\/wp\/v2\/media\/45136"}],"wp:attachment":[{"href":"https:\/\/glamuur.ee\/et\/wp-json\/wp\/v2\/media?parent=23831"}],"wp:term":[{"taxonomy":"product_brand","embeddable":true,"href":"https:\/\/glamuur.ee\/et\/wp-json\/wp\/v2\/product_brand?post=23831"},{"taxonomy":"product_cat","embeddable":true,"href":"https:\/\/glamuur.ee\/et\/wp-json\/wp\/v2\/product_cat?post=23831"},{"taxonomy":"product_tag","embeddable":true,"href":"https:\/\/glamuur.ee\/et\/wp-json\/wp\/v2\/product_tag?post=23831"},{"taxonomy":"giftcard-category","embeddable":true,"href":"https:\/\/glamuur.ee\/et\/wp-json\/wp\/v2\/giftcard-category?post=23831"}],"curies":[{"name":"wp","href":"https:\/\/api.w.org\/{rel}","templated":true}]}}