{"id":23593,"date":"2023-01-06T17:09:25","date_gmt":"2023-01-06T15:09:25","guid":{"rendered":"https:\/\/dev.glamuur.ee\/product\/ania-haie-necklace-n007-02g\/"},"modified":"2026-02-05T22:30:43","modified_gmt":"2026-02-05T20:30:43","slug":"ania-haie-kaelakee-n007-02g","status":"publish","type":"product","link":"https:\/\/glamuur.ee\/et\/product\/ania-haie-necklace-n007-02g\/","title":{"rendered":"Ania Haie Necklace N007-02G"},"content":{"rendered":"<p>Pikkus koos pikenduskettaga: 40.5cm<br \/>\nLaiendaja: 5cm Kogupikkus koos pikendusega: 45.5cm<br \/>\n\u00dcmmargune \u00fcmmargune tekstuurne tilk pikkus: 4cm<br \/>\nRingi v\u00e4lisl\u00e4bim\u00f5\u00f5t: 2.8cm<\/p>","protected":false},"excerpt":{"rendered":"<p>Pikkus koos pikenduskettaga: 40,5cm: 5cm Kogupikkus koos pikendusega: 45.5cm \u00dcmmarguse tekstuuriga ringi pikkus: 4cm Ringi v\u00e4lisl\u00e4bim\u00f5\u00f5t: 2.8cm<\/p>","protected":false},"featured_media":44825,"comment_status":"open","ping_status":"closed","template":"","meta":{"jetpack_post_was_ever_published":false},"product_brand":[],"product_cat":[200,202,727],"product_tag":[],"giftcard-category":[],"class_list":{"0":"post-23593","1":"product","2":"type-product","3":"status-publish","4":"has-post-thumbnail","6":"product_cat-ania-haie","7":"product_cat-ania-haie-necklace","8":"product_cat-necklaces","9":"pa_material-silver","10":"pa_metal-color-yellow-gold","11":"pa_product-brand-ania-haie","12":"pa_stone-color-without-stones","13":"pa_type-category-necklaces","15":"first","16":"instock","17":"featured","18":"taxable","19":"shipping-taxable","20":"purchasable","21":"product-type-simple"},"bundled_by":[],"bundle_stock_status":"instock","bundle_stock_quantity":8,"bundle_virtual":false,"bundle_layout":"","bundle_add_to_cart_form_location":"","bundle_editable_in_cart":false,"bundle_sold_individually_context":"","bundle_item_grouping":"","bundle_min_size":"","bundle_max_size":"","bundle_price":[],"bundled_items":[],"bundle_sell_ids":[],"etheme_brands":{"errors":{"invalid_taxonomy":["Lubamatu taksonoomia."]},"error_data":[]},"_links":{"self":[{"href":"https:\/\/glamuur.ee\/et\/wp-json\/wp\/v2\/product\/23593","targetHints":{"allow":["GET"]}}],"collection":[{"href":"https:\/\/glamuur.ee\/et\/wp-json\/wp\/v2\/product"}],"about":[{"href":"https:\/\/glamuur.ee\/et\/wp-json\/wp\/v2\/types\/product"}],"replies":[{"embeddable":true,"href":"https:\/\/glamuur.ee\/et\/wp-json\/wp\/v2\/comments?post=23593"}],"wp:featuredmedia":[{"embeddable":true,"href":"https:\/\/glamuur.ee\/et\/wp-json\/wp\/v2\/media\/44825"}],"wp:attachment":[{"href":"https:\/\/glamuur.ee\/et\/wp-json\/wp\/v2\/media?parent=23593"}],"wp:term":[{"taxonomy":"product_brand","embeddable":true,"href":"https:\/\/glamuur.ee\/et\/wp-json\/wp\/v2\/product_brand?post=23593"},{"taxonomy":"product_cat","embeddable":true,"href":"https:\/\/glamuur.ee\/et\/wp-json\/wp\/v2\/product_cat?post=23593"},{"taxonomy":"product_tag","embeddable":true,"href":"https:\/\/glamuur.ee\/et\/wp-json\/wp\/v2\/product_tag?post=23593"},{"taxonomy":"giftcard-category","embeddable":true,"href":"https:\/\/glamuur.ee\/et\/wp-json\/wp\/v2\/giftcard-category?post=23593"}],"curies":[{"name":"wp","href":"https:\/\/api.w.org\/{rel}","templated":true}]}}