{"id":23284,"date":"2023-01-06T15:04:42","date_gmt":"2023-01-06T15:04:42","guid":{"rendered":"https:\/\/dev.glamuur.ee\/product\/ania-haie-mono-earring-cuff-e016-01h\/"},"modified":"2026-02-17T18:08:49","modified_gmt":"2026-02-17T16:08:49","slug":"ania-haie-mono-earring-cuff-e016-01h","status":"publish","type":"product","link":"https:\/\/glamuur.ee\/et\/product\/ania-haie-mono-earring-cuff-e016-01h\/","title":{"rendered":"Ania Haie k\u00f5rvamansett"},"content":{"rendered":"<p>K\u00f5rvar\u00f5nga pikkus teemantpitsast = 9cm Kett k\u00f5rvamansetist teemantpitsani = 6cm Pikkus kandmisel s\u00f5ltub sellest, kus mansett istub K\u00f5rvamanseti laius = 0.2cm Tekstureeritud teemant kuju = 0.4 cm x 0.25 cm Kogus = 1 teemant kuju = 0.4cm x 0.2cm Kogus = 3 \u00fcmmargune Cz = 0.1cm Kogus = 3<\/p>","protected":false},"excerpt":{"rendered":"<p>Earring length from Diamond stud = 9cm Chain from Ear cuff to Diamond stud = 6cm Length when worn will depend on where cuff sits Ear cuff width = 0.2cm Textured diamond shape = 0.4 cm x 0.25 cm Quantity = 1 Diamond shape =&#8230;<\/p>","protected":false},"featured_media":23285,"comment_status":"open","ping_status":"closed","template":"","meta":{"jetpack_post_was_ever_published":false},"product_brand":[],"product_cat":[200,204,1510],"product_tag":[],"giftcard-category":[],"class_list":{"0":"post-23284","1":"product","2":"type-product","3":"status-publish","4":"has-post-thumbnail","6":"product_cat-ania-haie","7":"product_cat-ania-haie-ear-cuffs","8":"product_cat-ear-cuff","9":"pa_material-silver","10":"pa_metal-color-silver","11":"pa_product-brand-ania-haie","12":"pa_stone-color-white","13":"pa_type-category-earcuff","15":"first","16":"outofstock","17":"featured","18":"taxable","19":"shipping-taxable","20":"purchasable","21":"product-type-simple"},"bundled_by":[],"bundle_stock_status":"outofstock","bundle_stock_quantity":0,"bundle_virtual":false,"bundle_layout":"","bundle_add_to_cart_form_location":"","bundle_editable_in_cart":false,"bundle_sold_individually_context":"","bundle_item_grouping":"","bundle_min_size":"","bundle_max_size":"","bundle_price":[],"bundled_items":[],"bundle_sell_ids":[],"etheme_brands":{"errors":{"invalid_taxonomy":["Lubamatu taksonoomia."]},"error_data":[]},"_links":{"self":[{"href":"https:\/\/glamuur.ee\/et\/wp-json\/wp\/v2\/product\/23284","targetHints":{"allow":["GET"]}}],"collection":[{"href":"https:\/\/glamuur.ee\/et\/wp-json\/wp\/v2\/product"}],"about":[{"href":"https:\/\/glamuur.ee\/et\/wp-json\/wp\/v2\/types\/product"}],"replies":[{"embeddable":true,"href":"https:\/\/glamuur.ee\/et\/wp-json\/wp\/v2\/comments?post=23284"}],"wp:featuredmedia":[{"embeddable":true,"href":"https:\/\/glamuur.ee\/et\/wp-json\/wp\/v2\/media\/23285"}],"wp:attachment":[{"href":"https:\/\/glamuur.ee\/et\/wp-json\/wp\/v2\/media?parent=23284"}],"wp:term":[{"taxonomy":"product_brand","embeddable":true,"href":"https:\/\/glamuur.ee\/et\/wp-json\/wp\/v2\/product_brand?post=23284"},{"taxonomy":"product_cat","embeddable":true,"href":"https:\/\/glamuur.ee\/et\/wp-json\/wp\/v2\/product_cat?post=23284"},{"taxonomy":"product_tag","embeddable":true,"href":"https:\/\/glamuur.ee\/et\/wp-json\/wp\/v2\/product_tag?post=23284"},{"taxonomy":"giftcard-category","embeddable":true,"href":"https:\/\/glamuur.ee\/et\/wp-json\/wp\/v2\/giftcard-category?post=23284"}],"curies":[{"name":"wp","href":"https:\/\/api.w.org\/{rel}","templated":true}]}}