{"id":23063,"date":"2023-01-06T17:00:27","date_gmt":"2023-01-06T15:00:27","guid":{"rendered":"https:\/\/dev.glamuur.ee\/product\/ania-haie-earrings-e040-03g-np\/"},"modified":"2026-04-10T15:03:16","modified_gmt":"2026-04-10T12:03:16","slug":"ania-haie-korvarongad-e040-03g-np","status":"publish","type":"product","link":"https:\/\/glamuur.ee\/et\/product\/ania-haie-earrings-e040-03g-np\/","title":{"rendered":"Ania Haie Earrings E040-03G-NP"},"content":{"rendered":"<p>K\u00f5rvar\u00f5nga l\u00e4bim\u00f5\u00f5t = 5.5mm<br \/>\n\u00dcmmargune CZ suurus = 1.4mm<br \/>\nKogus = 2<\/p>","protected":false},"excerpt":{"rendered":"<p>K\u00f5rvar\u00f5nga l\u00e4bim\u00f5\u00f5t = 5.5mm \u00dcmmargune CZ suurus = 1.4mm Kogus = 2<\/p>","protected":false},"featured_media":43509,"comment_status":"open","ping_status":"closed","template":"","meta":{"jetpack_post_was_ever_published":false},"product_brand":[],"product_cat":[200,201,793,980,964,1626],"product_tag":[],"giftcard-category":[],"class_list":{"0":"post-23063","1":"product","2":"type-product","3":"status-publish","4":"has-post-thumbnail","6":"product_cat-ania-haie","7":"product_cat-ania-haie-earrings","8":"product_cat-gift-ideas-up-to-50e","9":"product_cat-ready-for-vacation","10":"product_cat-summer-sale-ti-sento","11":"product_cat-under-40","12":"pa_material-silver","13":"pa_metal-color-yellow-gold","14":"pa_product-brand-ania-haie","15":"pa_stone-color-pink","16":"pa_type-category-earrings","18":"first","19":"instock","20":"featured","21":"taxable","22":"shipping-taxable","23":"purchasable","24":"product-type-simple"},"bundled_by":[],"bundle_stock_status":"instock","bundle_stock_quantity":4,"bundle_virtual":false,"bundle_layout":"","bundle_add_to_cart_form_location":"","bundle_editable_in_cart":false,"bundle_sold_individually_context":"","bundle_item_grouping":"","bundle_min_size":"","bundle_max_size":"","bundle_price":[],"bundled_items":[],"bundle_sell_ids":[],"etheme_brands":{"errors":{"invalid_taxonomy":["Lubamatu taksonoomia."]},"error_data":[]},"_links":{"self":[{"href":"https:\/\/glamuur.ee\/et\/wp-json\/wp\/v2\/product\/23063","targetHints":{"allow":["GET"]}}],"collection":[{"href":"https:\/\/glamuur.ee\/et\/wp-json\/wp\/v2\/product"}],"about":[{"href":"https:\/\/glamuur.ee\/et\/wp-json\/wp\/v2\/types\/product"}],"replies":[{"embeddable":true,"href":"https:\/\/glamuur.ee\/et\/wp-json\/wp\/v2\/comments?post=23063"}],"wp:featuredmedia":[{"embeddable":true,"href":"https:\/\/glamuur.ee\/et\/wp-json\/wp\/v2\/media\/43509"}],"wp:attachment":[{"href":"https:\/\/glamuur.ee\/et\/wp-json\/wp\/v2\/media?parent=23063"}],"wp:term":[{"taxonomy":"product_brand","embeddable":true,"href":"https:\/\/glamuur.ee\/et\/wp-json\/wp\/v2\/product_brand?post=23063"},{"taxonomy":"product_cat","embeddable":true,"href":"https:\/\/glamuur.ee\/et\/wp-json\/wp\/v2\/product_cat?post=23063"},{"taxonomy":"product_tag","embeddable":true,"href":"https:\/\/glamuur.ee\/et\/wp-json\/wp\/v2\/product_tag?post=23063"},{"taxonomy":"giftcard-category","embeddable":true,"href":"https:\/\/glamuur.ee\/et\/wp-json\/wp\/v2\/giftcard-category?post=23063"}],"curies":[{"name":"wp","href":"https:\/\/api.w.org\/{rel}","templated":true}]}}