{"id":23037,"date":"2023-01-06T16:59:49","date_gmt":"2023-01-06T14:59:49","guid":{"rendered":"https:\/\/dev.glamuur.ee\/product\/ania-haie-earrings-e039-01h-m\/"},"modified":"2026-04-10T15:03:17","modified_gmt":"2026-04-10T12:03:17","slug":"ania-haie-korvarongad-e039-01h-m","status":"publish","type":"product","link":"https:\/\/glamuur.ee\/et\/product\/ania-haie-earrings-e039-01h-m\/","title":{"rendered":"Ania Haie Earrings E039-01H-M"},"content":{"rendered":"<p>K\u00f5rvar\u00f5nga suurus = 6.4*5.1mm<br \/>\nKuubilise tsirkooniumi suurus = 1.3mm<br \/>\nKogus = 2<br \/>\nMalahhiit Suurus = 2.5mm<br \/>\nKogus = 2<br \/>\nHelme suurus = 1.8~2mm<br \/>\nKogus = 2<\/p>","protected":false},"excerpt":{"rendered":"<p>K\u00f5rvar\u00f5nga suurus = 6.4*5.1mm kuubilise tsirkooniaga suurus = 1.3mm kogus = 2 malahhiidi suurus = 2.5mm kogus = 2 p\u00e4rli suurus = 1.8~2mm kogus = 2<\/p>","protected":false},"featured_media":43410,"comment_status":"open","ping_status":"closed","template":"","meta":{"jetpack_post_was_ever_published":false},"product_brand":[],"product_cat":[200,201,793,980,964,1626],"product_tag":[],"giftcard-category":[],"class_list":{"0":"post-23037","1":"product","2":"type-product","3":"status-publish","4":"has-post-thumbnail","6":"product_cat-ania-haie","7":"product_cat-ania-haie-earrings","8":"product_cat-gift-ideas-up-to-50e","9":"product_cat-ready-for-vacation","10":"product_cat-summer-sale-ti-sento","11":"product_cat-under-40","12":"pa_material-silver","13":"pa_metal-color-silver","14":"pa_product-brand-ania-haie","15":"pa_stone-color-green","16":"pa_type-category-earrings","18":"first","19":"instock","20":"featured","21":"taxable","22":"shipping-taxable","23":"purchasable","24":"product-type-simple"},"bundled_by":[],"bundle_stock_status":"instock","bundle_stock_quantity":8,"bundle_virtual":false,"bundle_layout":"","bundle_add_to_cart_form_location":"","bundle_editable_in_cart":false,"bundle_sold_individually_context":"","bundle_item_grouping":"","bundle_min_size":"","bundle_max_size":"","bundle_price":[],"bundled_items":[],"bundle_sell_ids":[],"etheme_brands":{"errors":{"invalid_taxonomy":["Lubamatu taksonoomia."]},"error_data":[]},"_links":{"self":[{"href":"https:\/\/glamuur.ee\/et\/wp-json\/wp\/v2\/product\/23037","targetHints":{"allow":["GET"]}}],"collection":[{"href":"https:\/\/glamuur.ee\/et\/wp-json\/wp\/v2\/product"}],"about":[{"href":"https:\/\/glamuur.ee\/et\/wp-json\/wp\/v2\/types\/product"}],"replies":[{"embeddable":true,"href":"https:\/\/glamuur.ee\/et\/wp-json\/wp\/v2\/comments?post=23037"}],"wp:featuredmedia":[{"embeddable":true,"href":"https:\/\/glamuur.ee\/et\/wp-json\/wp\/v2\/media\/43410"}],"wp:attachment":[{"href":"https:\/\/glamuur.ee\/et\/wp-json\/wp\/v2\/media?parent=23037"}],"wp:term":[{"taxonomy":"product_brand","embeddable":true,"href":"https:\/\/glamuur.ee\/et\/wp-json\/wp\/v2\/product_brand?post=23037"},{"taxonomy":"product_cat","embeddable":true,"href":"https:\/\/glamuur.ee\/et\/wp-json\/wp\/v2\/product_cat?post=23037"},{"taxonomy":"product_tag","embeddable":true,"href":"https:\/\/glamuur.ee\/et\/wp-json\/wp\/v2\/product_tag?post=23037"},{"taxonomy":"giftcard-category","embeddable":true,"href":"https:\/\/glamuur.ee\/et\/wp-json\/wp\/v2\/giftcard-category?post=23037"}],"curies":[{"name":"wp","href":"https:\/\/api.w.org\/{rel}","templated":true}]}}