{"id":22849,"date":"2023-01-06T16:55:45","date_gmt":"2023-01-06T14:55:45","guid":{"rendered":"https:\/\/dev.glamuur.ee\/product\/ania-haie-earrings-e035-17h\/"},"modified":"2026-02-05T22:28:44","modified_gmt":"2026-02-05T20:28:44","slug":"ania-haie-earrings-e035-17h","status":"publish","type":"product","link":"https:\/\/glamuur.ee\/et\/product\/ania-haie-earrings-e035-17h\/","title":{"rendered":"Ania Haie Earrings E035-17H"},"content":{"rendered":"<p>K\u00f5rvar\u00f5nga l\u00e4bim\u00f5\u00f5t = 12mm<br \/>\nK\u00f5rvar\u00f5nga laius = 1.7mm<br \/>\nCubic Zirconia Size = 1.2mm,<br \/>\nKogus = 18<\/p>","protected":false},"excerpt":{"rendered":"<p>K\u00f5rvar\u00f5nga l\u00e4bim\u00f5\u00f5t = 12mm K\u00f5rvar\u00f5nga laius = 1.7mm Kuubiku tsirkooniumi suurus = 1.2mm, kogus = 18.<\/p>","protected":false},"featured_media":46397,"comment_status":"open","ping_status":"closed","template":"","meta":{"jetpack_post_was_ever_published":false},"product_brand":[],"product_cat":[200,201],"product_tag":[],"giftcard-category":[],"class_list":{"0":"post-22849","1":"product","2":"type-product","3":"status-publish","4":"has-post-thumbnail","6":"product_cat-ania-haie","7":"product_cat-ania-haie-earrings","8":"pa_material-silver","9":"pa_metal-color-silver","10":"pa_product-brand-ania-haie","11":"pa_stone-color-white","12":"pa_type-category-earrings","14":"first","15":"instock","16":"featured","17":"taxable","18":"shipping-taxable","19":"purchasable","20":"product-type-simple"},"bundled_by":[],"bundle_stock_status":"instock","bundle_stock_quantity":10,"bundle_virtual":false,"bundle_layout":"","bundle_add_to_cart_form_location":"","bundle_editable_in_cart":false,"bundle_sold_individually_context":"","bundle_item_grouping":"","bundle_min_size":"","bundle_max_size":"","bundle_price":[],"bundled_items":[],"bundle_sell_ids":[],"etheme_brands":{"errors":{"invalid_taxonomy":["Lubamatu taksonoomia."]},"error_data":[]},"_links":{"self":[{"href":"https:\/\/glamuur.ee\/et\/wp-json\/wp\/v2\/product\/22849","targetHints":{"allow":["GET"]}}],"collection":[{"href":"https:\/\/glamuur.ee\/et\/wp-json\/wp\/v2\/product"}],"about":[{"href":"https:\/\/glamuur.ee\/et\/wp-json\/wp\/v2\/types\/product"}],"replies":[{"embeddable":true,"href":"https:\/\/glamuur.ee\/et\/wp-json\/wp\/v2\/comments?post=22849"}],"wp:featuredmedia":[{"embeddable":true,"href":"https:\/\/glamuur.ee\/et\/wp-json\/wp\/v2\/media\/46397"}],"wp:attachment":[{"href":"https:\/\/glamuur.ee\/et\/wp-json\/wp\/v2\/media?parent=22849"}],"wp:term":[{"taxonomy":"product_brand","embeddable":true,"href":"https:\/\/glamuur.ee\/et\/wp-json\/wp\/v2\/product_brand?post=22849"},{"taxonomy":"product_cat","embeddable":true,"href":"https:\/\/glamuur.ee\/et\/wp-json\/wp\/v2\/product_cat?post=22849"},{"taxonomy":"product_tag","embeddable":true,"href":"https:\/\/glamuur.ee\/et\/wp-json\/wp\/v2\/product_tag?post=22849"},{"taxonomy":"giftcard-category","embeddable":true,"href":"https:\/\/glamuur.ee\/et\/wp-json\/wp\/v2\/giftcard-category?post=22849"}],"curies":[{"name":"wp","href":"https:\/\/api.w.org\/{rel}","templated":true}]}}