{"id":22573,"date":"2023-01-06T16:50:11","date_gmt":"2023-01-06T14:50:11","guid":{"rendered":"https:\/\/dev.glamuur.ee\/product\/ania-haie-earrings-e031-02h-k\/"},"modified":"2026-02-05T22:28:24","modified_gmt":"2026-02-05T20:28:24","slug":"ania-haie-earrings-e031-02h-k","status":"publish","type":"product","link":"https:\/\/glamuur.ee\/et\/product\/ania-haie-earrings-e031-02h-k\/","title":{"rendered":"Ania Haie Earrings E031-02H-K"},"content":{"rendered":"<p>K\u00f5rvar\u00f5nga l\u00e4bim\u00f5\u00f5t = 12mm<br \/>\nK\u00f5rvar\u00f5nga laius = 3.2mm<\/p>","protected":false},"excerpt":{"rendered":"<p>K\u00f5rvar\u00f5nga l\u00e4bim\u00f5\u00f5t = 12mm K\u00f5rvar\u00f5nga laius = 3.2mm<\/p>","protected":false},"featured_media":46334,"comment_status":"open","ping_status":"closed","template":"","meta":{"jetpack_post_was_ever_published":false},"product_brand":[],"product_cat":[200,201,793],"product_tag":[],"giftcard-category":[],"class_list":{"0":"post-22573","1":"product","2":"type-product","3":"status-publish","4":"has-post-thumbnail","6":"product_cat-ania-haie","7":"product_cat-ania-haie-earrings","8":"product_cat-gift-ideas-up-to-50e","9":"pa_material-silver","10":"pa_metal-color-silver","11":"pa_product-brand-ania-haie","12":"pa_stone-color-black","13":"pa_type-category-earrings","15":"first","16":"outofstock","17":"featured","18":"taxable","19":"shipping-taxable","20":"purchasable","21":"product-type-simple"},"bundled_by":[],"bundle_stock_status":"outofstock","bundle_stock_quantity":0,"bundle_virtual":false,"bundle_layout":"","bundle_add_to_cart_form_location":"","bundle_editable_in_cart":false,"bundle_sold_individually_context":"","bundle_item_grouping":"","bundle_min_size":"","bundle_max_size":"","bundle_price":[],"bundled_items":[],"bundle_sell_ids":[],"etheme_brands":{"errors":{"invalid_taxonomy":["Lubamatu taksonoomia."]},"error_data":[]},"_links":{"self":[{"href":"https:\/\/glamuur.ee\/et\/wp-json\/wp\/v2\/product\/22573","targetHints":{"allow":["GET"]}}],"collection":[{"href":"https:\/\/glamuur.ee\/et\/wp-json\/wp\/v2\/product"}],"about":[{"href":"https:\/\/glamuur.ee\/et\/wp-json\/wp\/v2\/types\/product"}],"replies":[{"embeddable":true,"href":"https:\/\/glamuur.ee\/et\/wp-json\/wp\/v2\/comments?post=22573"}],"wp:featuredmedia":[{"embeddable":true,"href":"https:\/\/glamuur.ee\/et\/wp-json\/wp\/v2\/media\/46334"}],"wp:attachment":[{"href":"https:\/\/glamuur.ee\/et\/wp-json\/wp\/v2\/media?parent=22573"}],"wp:term":[{"taxonomy":"product_brand","embeddable":true,"href":"https:\/\/glamuur.ee\/et\/wp-json\/wp\/v2\/product_brand?post=22573"},{"taxonomy":"product_cat","embeddable":true,"href":"https:\/\/glamuur.ee\/et\/wp-json\/wp\/v2\/product_cat?post=22573"},{"taxonomy":"product_tag","embeddable":true,"href":"https:\/\/glamuur.ee\/et\/wp-json\/wp\/v2\/product_tag?post=22573"},{"taxonomy":"giftcard-category","embeddable":true,"href":"https:\/\/glamuur.ee\/et\/wp-json\/wp\/v2\/giftcard-category?post=22573"}],"curies":[{"name":"wp","href":"https:\/\/api.w.org\/{rel}","templated":true}]}}