{"id":21961,"date":"2023-01-06T16:40:46","date_gmt":"2023-01-06T14:40:46","guid":{"rendered":"https:\/\/dev.glamuur.ee\/product\/ania-haie-earrings-e022-02h\/"},"modified":"2026-02-05T22:27:48","modified_gmt":"2026-02-05T20:27:48","slug":"ania-haie-korvarongad-e022-02h","status":"publish","type":"product","link":"https:\/\/glamuur.ee\/et\/product\/ania-haie-earrings-e022-02h\/","title":{"rendered":"Ania Haie Earrings E022-02H"},"content":{"rendered":"<p>Materjal: 925 h\u00f5be, roodium v\u00f5i 14kt kullaga kaetud.<br \/>\nK\u00f5rvar\u00f5nga pikkus:41mm<br \/>\nT\u00fcrkiisi l\u00e4bim\u00f5\u00f5t: 3.5mm<br \/>\nCz suurus=1.5\u00d71.5mm Qty=4tk<br \/>\nCz suurus=1.8\u00d71.8mm Qty=2tk<\/p>","protected":false},"excerpt":{"rendered":"<p>Material: 925 sterling silver with rhodium or 14kt gold plating Earring Length:41mm Turquoise Diameter:3.5mm Cz Size=1.5&#215;1.5mm Qty=4pcs Cz Size=1.8&#215;1.8mm Qty=2pcs<\/p>","protected":false},"featured_media":42256,"comment_status":"open","ping_status":"closed","template":"","meta":{"jetpack_post_was_ever_published":false},"product_brand":[],"product_cat":[200,201,980,964],"product_tag":[],"giftcard-category":[],"class_list":{"0":"post-21961","1":"product","2":"type-product","3":"status-publish","4":"has-post-thumbnail","6":"product_cat-ania-haie","7":"product_cat-ania-haie-earrings","8":"product_cat-ready-for-vacation","9":"product_cat-summer-sale-ti-sento","10":"pa_material-silver","11":"pa_metal-color-silver","12":"pa_product-brand-ania-haie","13":"pa_stone-color-turquoise","14":"pa_type-category-earrings","16":"first","17":"instock","18":"featured","19":"taxable","20":"shipping-taxable","21":"purchasable","22":"product-type-simple"},"bundled_by":[],"bundle_stock_status":"instock","bundle_stock_quantity":4,"bundle_virtual":false,"bundle_layout":"","bundle_add_to_cart_form_location":"","bundle_editable_in_cart":false,"bundle_sold_individually_context":"","bundle_item_grouping":"","bundle_min_size":"","bundle_max_size":"","bundle_price":[],"bundled_items":[],"bundle_sell_ids":[],"etheme_brands":{"errors":{"invalid_taxonomy":["Lubamatu taksonoomia."]},"error_data":[]},"_links":{"self":[{"href":"https:\/\/glamuur.ee\/et\/wp-json\/wp\/v2\/product\/21961","targetHints":{"allow":["GET"]}}],"collection":[{"href":"https:\/\/glamuur.ee\/et\/wp-json\/wp\/v2\/product"}],"about":[{"href":"https:\/\/glamuur.ee\/et\/wp-json\/wp\/v2\/types\/product"}],"replies":[{"embeddable":true,"href":"https:\/\/glamuur.ee\/et\/wp-json\/wp\/v2\/comments?post=21961"}],"wp:featuredmedia":[{"embeddable":true,"href":"https:\/\/glamuur.ee\/et\/wp-json\/wp\/v2\/media\/42256"}],"wp:attachment":[{"href":"https:\/\/glamuur.ee\/et\/wp-json\/wp\/v2\/media?parent=21961"}],"wp:term":[{"taxonomy":"product_brand","embeddable":true,"href":"https:\/\/glamuur.ee\/et\/wp-json\/wp\/v2\/product_brand?post=21961"},{"taxonomy":"product_cat","embeddable":true,"href":"https:\/\/glamuur.ee\/et\/wp-json\/wp\/v2\/product_cat?post=21961"},{"taxonomy":"product_tag","embeddable":true,"href":"https:\/\/glamuur.ee\/et\/wp-json\/wp\/v2\/product_tag?post=21961"},{"taxonomy":"giftcard-category","embeddable":true,"href":"https:\/\/glamuur.ee\/et\/wp-json\/wp\/v2\/giftcard-category?post=21961"}],"curies":[{"name":"wp","href":"https:\/\/api.w.org\/{rel}","templated":true}]}}