{"id":21796,"date":"2023-01-06T16:37:07","date_gmt":"2023-01-06T14:37:07","guid":{"rendered":"https:\/\/dev.glamuur.ee\/product\/ania-haie-earrings-e018-11g\/"},"modified":"2026-04-05T17:10:09","modified_gmt":"2026-04-05T14:10:09","slug":"ania-haie-earrings-e018-11g","status":"publish","type":"product","link":"https:\/\/glamuur.ee\/et\/product\/ania-haie-earrings-e018-11g\/","title":{"rendered":"Ania Haie Earrings E018-11G"},"content":{"rendered":"<p>K\u00f5rvar\u00f5nga pikkus = 4.5cm<br \/>\nWidth = 0.2cm<br \/>\nInner circumference = 13.2cm<br \/>\nCz baguette = 0.6cm x 0.3cm<\/p>","protected":false},"excerpt":{"rendered":"<p>K\u00f5rvar\u00f5nga pikkus = 4.5cm Laius = 0.2cm Sisemine \u00fcmberm\u00f5\u00f5t = 13.2cm Cz baguette = 0.6cm x 0.3cm<\/p>","protected":false},"featured_media":41842,"comment_status":"open","ping_status":"closed","template":"","meta":{"jetpack_post_was_ever_published":false},"product_brand":[],"product_cat":[200,201],"product_tag":[],"giftcard-category":[],"class_list":{"0":"post-21796","1":"product","2":"type-product","3":"status-publish","4":"has-post-thumbnail","6":"product_cat-ania-haie","7":"product_cat-ania-haie-earrings","8":"pa_material-silver","9":"pa_metal-color-yellow-gold","10":"pa_product-brand-ania-haie","11":"pa_stone-color-white","12":"pa_type-category-earrings","14":"first","15":"instock","16":"featured","17":"taxable","18":"shipping-taxable","19":"purchasable","20":"product-type-simple"},"bundled_by":[],"bundle_stock_status":"instock","bundle_stock_quantity":1,"bundle_virtual":false,"bundle_layout":"","bundle_add_to_cart_form_location":"","bundle_editable_in_cart":false,"bundle_sold_individually_context":"","bundle_item_grouping":"","bundle_min_size":"","bundle_max_size":"","bundle_price":[],"bundled_items":[],"bundle_sell_ids":[],"etheme_brands":{"errors":{"invalid_taxonomy":["Lubamatu taksonoomia."]},"error_data":[]},"_links":{"self":[{"href":"https:\/\/glamuur.ee\/et\/wp-json\/wp\/v2\/product\/21796","targetHints":{"allow":["GET"]}}],"collection":[{"href":"https:\/\/glamuur.ee\/et\/wp-json\/wp\/v2\/product"}],"about":[{"href":"https:\/\/glamuur.ee\/et\/wp-json\/wp\/v2\/types\/product"}],"replies":[{"embeddable":true,"href":"https:\/\/glamuur.ee\/et\/wp-json\/wp\/v2\/comments?post=21796"}],"wp:featuredmedia":[{"embeddable":true,"href":"https:\/\/glamuur.ee\/et\/wp-json\/wp\/v2\/media\/41842"}],"wp:attachment":[{"href":"https:\/\/glamuur.ee\/et\/wp-json\/wp\/v2\/media?parent=21796"}],"wp:term":[{"taxonomy":"product_brand","embeddable":true,"href":"https:\/\/glamuur.ee\/et\/wp-json\/wp\/v2\/product_brand?post=21796"},{"taxonomy":"product_cat","embeddable":true,"href":"https:\/\/glamuur.ee\/et\/wp-json\/wp\/v2\/product_cat?post=21796"},{"taxonomy":"product_tag","embeddable":true,"href":"https:\/\/glamuur.ee\/et\/wp-json\/wp\/v2\/product_tag?post=21796"},{"taxonomy":"giftcard-category","embeddable":true,"href":"https:\/\/glamuur.ee\/et\/wp-json\/wp\/v2\/giftcard-category?post=21796"}],"curies":[{"name":"wp","href":"https:\/\/api.w.org\/{rel}","templated":true}]}}