{"id":207936,"date":"2022-08-04T11:53:44","date_gmt":"2022-08-04T08:53:44","guid":{"rendered":"https:\/\/glamuur.ee\/?post_type=product&#038;p=207936"},"modified":"2026-03-04T18:05:05","modified_gmt":"2026-03-04T16:05:05","slug":"ti-sento-milano-ring-12265zi","status":"publish","type":"product","link":"https:\/\/glamuur.ee\/et\/product\/ti-sento-milano-ring-12265zi\/","title":{"rendered":"TI SENTO \u2013 Milano S\u00f5rmus"},"content":{"rendered":"<p>See TI SENTO - Milano kullatud h\u00f5bedast s\u00f5rmus 12265SY on stiilse lainelise kujuga. S\u00f5rmus on valmistatud 925 h\u00f5bedast. See taasavastatud vintage-disain on rikkalik ja ajatu ese. Kandke seda \u00fcksi v\u00f5i koos teistega, see ei j\u00e4ta pead p\u00f6\u00f6ramata.<\/p>","protected":false},"excerpt":{"rendered":"<p>This TI SENTO &#8211; Milano gold-plated silver ring 12265SY flaunts a classy ripple shape. The ring is crafted from 925 sterling silver. This rediscovered vintage design is an opulent and timeless piece. Wear it solo or stack it with others, it won&#8217;t fail to turn&#8230;<\/p>","protected":false},"featured_media":207951,"comment_status":"open","ping_status":"closed","template":"","meta":{"jetpack_post_was_ever_published":false},"product_brand":[],"product_cat":[599,730,72,145,976],"product_tag":[],"giftcard-category":[],"class_list":{"0":"post-207936","1":"product","2":"type-product","3":"status-publish","4":"has-post-thumbnail","6":"product_cat-sale","7":"product_cat-rings","8":"product_cat-ti-sento-milano","9":"product_cat-ti-sento-milano-rings","10":"product_cat-wedding-season","11":"pa_material-silver","12":"pa_metal-color-silver","13":"pa_product-brand-ti-sento-milano","14":"pa_size-48-1550","15":"pa_size-50-1600","16":"pa_size-52-1650","17":"pa_size-54-1725","18":"pa_size-56-1775","19":"pa_size-58-1850","20":"pa_size-60-1900","21":"pa_size-62-1950","22":"pa_stone-color-white","23":"pa_type-category-rings","25":"first","26":"instock","27":"featured","28":"taxable","29":"shipping-taxable","30":"purchasable","31":"product-type-variable"},"bundled_by":[],"bundle_stock_status":"instock","bundle_stock_quantity":null,"bundle_virtual":false,"bundle_layout":"","bundle_add_to_cart_form_location":"","bundle_editable_in_cart":false,"bundle_sold_individually_context":"","bundle_item_grouping":"","bundle_min_size":"","bundle_max_size":"","bundle_price":[],"bundled_items":[],"bundle_sell_ids":[],"etheme_brands":{"errors":{"invalid_taxonomy":["Lubamatu taksonoomia."]},"error_data":[]},"_links":{"self":[{"href":"https:\/\/glamuur.ee\/et\/wp-json\/wp\/v2\/product\/207936","targetHints":{"allow":["GET"]}}],"collection":[{"href":"https:\/\/glamuur.ee\/et\/wp-json\/wp\/v2\/product"}],"about":[{"href":"https:\/\/glamuur.ee\/et\/wp-json\/wp\/v2\/types\/product"}],"replies":[{"embeddable":true,"href":"https:\/\/glamuur.ee\/et\/wp-json\/wp\/v2\/comments?post=207936"}],"wp:featuredmedia":[{"embeddable":true,"href":"https:\/\/glamuur.ee\/et\/wp-json\/wp\/v2\/media\/207951"}],"wp:attachment":[{"href":"https:\/\/glamuur.ee\/et\/wp-json\/wp\/v2\/media?parent=207936"}],"wp:term":[{"taxonomy":"product_brand","embeddable":true,"href":"https:\/\/glamuur.ee\/et\/wp-json\/wp\/v2\/product_brand?post=207936"},{"taxonomy":"product_cat","embeddable":true,"href":"https:\/\/glamuur.ee\/et\/wp-json\/wp\/v2\/product_cat?post=207936"},{"taxonomy":"product_tag","embeddable":true,"href":"https:\/\/glamuur.ee\/et\/wp-json\/wp\/v2\/product_tag?post=207936"},{"taxonomy":"giftcard-category","embeddable":true,"href":"https:\/\/glamuur.ee\/et\/wp-json\/wp\/v2\/giftcard-category?post=207936"}],"curies":[{"name":"wp","href":"https:\/\/api.w.org\/{rel}","templated":true}]}}