{"id":20702,"date":"2025-08-27T13:10:35","date_gmt":"2025-08-27T10:10:35","guid":{"rendered":"https:\/\/dev.glamuur.ee\/product\/ania-haie-ear-cuff-e028-07h-t\/"},"modified":"2026-04-10T15:03:33","modified_gmt":"2026-04-10T12:03:33","slug":"ania-haie-ear-cuff-e028-07h-t","status":"publish","type":"product","link":"https:\/\/glamuur.ee\/et\/product\/ania-haie-ear-cuff-e028-07h-t\/","title":{"rendered":"Ania Haie Ear cuff E028-07H-T"},"content":{"rendered":"<p>K\u00f5rvar\u00f5nga l\u00e4bim\u00f5\u00f5t = 12mm<br \/>\nK\u00f5rvar\u00f5nga laius = 1.8mm<br \/>\n\u00dcmmargune CZ suurus = 1.4mm<br \/>\nKogus = 6<\/p>","protected":false},"excerpt":{"rendered":"<p>Earring Diameter = 12mm Earring Width = 1.8mm Round CZ Size = 1.4mm Quantity = 6<\/p>","protected":false},"featured_media":42535,"comment_status":"open","ping_status":"closed","template":"","meta":{"jetpack_post_was_ever_published":true},"product_brand":[1498],"product_cat":[200,204,1510,1626],"product_tag":[1058],"giftcard-category":[],"class_list":{"0":"post-20702","1":"product","2":"type-product","3":"status-publish","4":"has-post-thumbnail","6":"product_brand-ania-haie","7":"product_cat-ania-haie","8":"product_cat-ania-haie-ear-cuffs","9":"product_cat-ear-cuff","10":"product_cat-under-40","11":"product_tag-alla-30","12":"pa_material-silver","13":"pa_metal-color-silver","14":"pa_product-brand-ania-haie","15":"pa_stone-color-turquoise","16":"pa_type-category-earcuff","18":"first","19":"instock","20":"featured","21":"taxable","22":"shipping-taxable","23":"purchasable","24":"product-type-simple"},"bundled_by":[],"bundle_stock_status":"instock","bundle_stock_quantity":3,"bundle_virtual":false,"bundle_layout":"","bundle_add_to_cart_form_location":"","bundle_editable_in_cart":false,"bundle_sold_individually_context":"","bundle_item_grouping":"","bundle_min_size":"","bundle_max_size":"","bundle_price":[],"bundled_items":[],"bundle_sell_ids":[],"etheme_brands":{"errors":{"invalid_taxonomy":["Lubamatu taksonoomia."]},"error_data":[]},"_links":{"self":[{"href":"https:\/\/glamuur.ee\/et\/wp-json\/wp\/v2\/product\/20702","targetHints":{"allow":["GET"]}}],"collection":[{"href":"https:\/\/glamuur.ee\/et\/wp-json\/wp\/v2\/product"}],"about":[{"href":"https:\/\/glamuur.ee\/et\/wp-json\/wp\/v2\/types\/product"}],"replies":[{"embeddable":true,"href":"https:\/\/glamuur.ee\/et\/wp-json\/wp\/v2\/comments?post=20702"}],"wp:featuredmedia":[{"embeddable":true,"href":"https:\/\/glamuur.ee\/et\/wp-json\/wp\/v2\/media\/42535"}],"wp:attachment":[{"href":"https:\/\/glamuur.ee\/et\/wp-json\/wp\/v2\/media?parent=20702"}],"wp:term":[{"taxonomy":"product_brand","embeddable":true,"href":"https:\/\/glamuur.ee\/et\/wp-json\/wp\/v2\/product_brand?post=20702"},{"taxonomy":"product_cat","embeddable":true,"href":"https:\/\/glamuur.ee\/et\/wp-json\/wp\/v2\/product_cat?post=20702"},{"taxonomy":"product_tag","embeddable":true,"href":"https:\/\/glamuur.ee\/et\/wp-json\/wp\/v2\/product_tag?post=20702"},{"taxonomy":"giftcard-category","embeddable":true,"href":"https:\/\/glamuur.ee\/et\/wp-json\/wp\/v2\/giftcard-category?post=20702"}],"curies":[{"name":"wp","href":"https:\/\/api.w.org\/{rel}","templated":true}]}}