{"id":203617,"date":"2025-08-27T13:12:42","date_gmt":"2025-08-27T10:12:42","guid":{"rendered":"https:\/\/glamuur.ee\/product\/ania-haie-earrings-e047-05g\/"},"modified":"2025-11-09T12:40:00","modified_gmt":"2025-11-09T10:40:00","slug":"ania-haie-earrings-e047-05g","status":"publish","type":"product","link":"https:\/\/glamuur.ee\/et\/product\/ania-haie-earrings-e047-05g\/","title":{"rendered":"Ania Haie K\u00f5rvar\u00f5ngas"},"content":{"rendered":"<p>Earring Size = 4.5*3.5mm<br \/>\nOpal Size = 1.5*3mm,Quantity = 1<br \/>\nCubic Zirconia Size = 1mm,Quantity =2<br \/>\nCubic Zirconia Size = 1.4mm,Quantity =1<br \/>\nPosti paksus = 18Gauge (1.0mm)<br \/>\nPosti pikkus = 7.5mm<br \/>\nTagumise palli l\u00e4bim\u00f5\u00f5t = 3mm<br \/>\nM\u00fc\u00fcakse individuaalselt<\/p>","protected":false},"excerpt":{"rendered":"<p>Earring Size = 4.5*3.5mm Opal Size = 1.5*3mm,Quantity = 1 Cubic Zirconia Size = 1mm,Quantity =2 Cubic Zirconia Size = 1.4mm,Quantity =1 Post Thickness = 18Gauge (1.0mm) Post Length = 7.5mm Back Ball Diameter = 3mm Sold Individually<\/p>","protected":false},"featured_media":203618,"comment_status":"open","ping_status":"closed","template":"","meta":{"jetpack_post_was_ever_published":true},"product_brand":[],"product_cat":[630,725,793,1626],"product_tag":[1058],"giftcard-category":[],"class_list":{"0":"post-203617","1":"product","2":"type-product","3":"status-publish","4":"has-post-thumbnail","6":"product_cat-ania-haie-single-earrings","7":"product_cat-earrings","8":"product_cat-gift-ideas-up-to-50e","9":"product_cat-under-40","10":"product_tag-alla-30","11":"pa_material-silver","12":"pa_metal-color-yellow-gold","13":"pa_product-brand-ania-haie","14":"pa_stone-color-white","15":"pa_type-category-earrings","17":"first","18":"instock","19":"taxable","20":"shipping-taxable","21":"purchasable","22":"product-type-simple"},"bundled_by":[],"bundle_stock_status":"instock","bundle_stock_quantity":3,"bundle_virtual":false,"bundle_layout":"","bundle_add_to_cart_form_location":"","bundle_editable_in_cart":false,"bundle_sold_individually_context":"","bundle_item_grouping":"","bundle_min_size":"","bundle_max_size":"","bundle_price":[],"bundled_items":[],"bundle_sell_ids":[],"etheme_brands":{"errors":{"invalid_taxonomy":["Lubamatu taksonoomia."]},"error_data":[]},"_links":{"self":[{"href":"https:\/\/glamuur.ee\/et\/wp-json\/wp\/v2\/product\/203617","targetHints":{"allow":["GET"]}}],"collection":[{"href":"https:\/\/glamuur.ee\/et\/wp-json\/wp\/v2\/product"}],"about":[{"href":"https:\/\/glamuur.ee\/et\/wp-json\/wp\/v2\/types\/product"}],"replies":[{"embeddable":true,"href":"https:\/\/glamuur.ee\/et\/wp-json\/wp\/v2\/comments?post=203617"}],"wp:featuredmedia":[{"embeddable":true,"href":"https:\/\/glamuur.ee\/et\/wp-json\/wp\/v2\/media\/203618"}],"wp:attachment":[{"href":"https:\/\/glamuur.ee\/et\/wp-json\/wp\/v2\/media?parent=203617"}],"wp:term":[{"taxonomy":"product_brand","embeddable":true,"href":"https:\/\/glamuur.ee\/et\/wp-json\/wp\/v2\/product_brand?post=203617"},{"taxonomy":"product_cat","embeddable":true,"href":"https:\/\/glamuur.ee\/et\/wp-json\/wp\/v2\/product_cat?post=203617"},{"taxonomy":"product_tag","embeddable":true,"href":"https:\/\/glamuur.ee\/et\/wp-json\/wp\/v2\/product_tag?post=203617"},{"taxonomy":"giftcard-category","embeddable":true,"href":"https:\/\/glamuur.ee\/et\/wp-json\/wp\/v2\/giftcard-category?post=203617"}],"curies":[{"name":"wp","href":"https:\/\/api.w.org\/{rel}","templated":true}]}}